{"id":2,"date":"2024-09-11T02:29:33","date_gmt":"2024-09-10T23:29:33","guid":{"rendered":"http:\/\/ovadent.com\/?page_id=2"},"modified":"2024-09-11T02:29:33","modified_gmt":"2024-09-10T23:29:33","slug":"ornek-sayfa","status":"publish","type":"page","link":"https:\/\/ovadent.com\/de\/ornek-sayfa\/","title":{"rendered":"\u00d6rnek sayfa"},"content":{"rendered":"<p>Aber das ist nicht der Fall. Mein Blog hat mich dazu gebracht, mich mit der Zeit zu befassen und die Men\u00fcs zu \u00f6ffnen (mit dem gew\u00fcnschten Thema). Es ist ein Wahnsinns-Potenzial, dass Sie sich nicht sicher sind, ob es Ihnen gut geht. Was sind die Gr\u00fcnde daf\u00fcr:<\/p>\n\n\n\n<blockquote class=\"wp-block-quote is-layout-flow wp-block-quote-is-layout-flow\"><p>Merhaba! G\u00fcnd\u00fczleri bisikletli kurye, geceleri ise hevesli bir akt\u00f6r\u00fcm, Buras\u0131 da benim sitem. Als ich in Istanbul war, war B\u0131d\u0131k eine Person, die wegen ihres Alkoholkonsums und der daraus resultierenden Alkoholvergiftung nicht gestorben war. (Ve ya\u011fmura yakalanmay\u0131.)<\/p><\/blockquote>\n\n\n\n<p>\u2026das ist alles, was wir sagen:<\/p>\n\n\n\n<blockquote class=\"wp-block-quote is-layout-flow wp-block-quote-is-layout-flow\"><p>XYZ wurde im Jahr 1971 gegr\u00fcndet und ist seit 1971 in Betrieb. Gotham wurde von der XYZ-Firma 2.000 Dollar verkauft, als Gotham in den letzten 10 Jahren in den Ruhestand ging.<\/p><\/blockquote>\n\n\n\n<p>Dies ist eine WordPress-Anwendung, die derzeit verf\u00fcgbar ist <a href=\"http:\/\/ovadent.com\/de\/wp-admin\/\">grundschule<\/a> giderek bu sayfay\u0131 silip kendi sayfalar\u0131n\u0131z\u0131 olu\u015fturmal\u0131s\u0131n\u0131z. \u0130yi e\u011flenceler!<\/p>","protected":false},"excerpt":{"rendered":"<p>Bu bir \u00f6rnek sayfad\u0131r. Bir blog yaz\u0131s\u0131ndan farkl\u0131d\u0131r \u00e7\u00fcnk\u00fc belirli bir yerde sabit olarak kal\u0131r ve teman\u0131z\u0131n gezinme men\u00fcs\u00fcnde g\u00f6r\u00fcnt\u00fclenir (\u00e7o\u011fu tema destekler). Bir \u00e7ok insan potansiyel ziyaret\u00e7ilerini kar\u015f\u0131lamak i\u00e7in bir Hakk\u0131nda sayfas\u0131 kullan\u0131r. \u015euna benzeyen bir \u015fey olabilir: Merhaba! G\u00fcnd\u00fczleri bisikletli kurye, geceleri ise hevesli bir akt\u00f6r\u00fcm, buras\u0131 da benim sitem. \u0130stanbul&#8217;da ya\u015f\u0131yorum, B\u0131d\u0131k&#8230;<\/p>","protected":false},"author":1,"featured_media":0,"parent":0,"menu_order":0,"comment_status":"closed","ping_status":"open","template":"","meta":{"footnotes":""},"class_list":["post-2","page","type-page","status-publish","hentry"],"yoast_head":"<!-- This site is optimized with the Yoast SEO plugin v23.4 - https:\/\/yoast.com\/wordpress\/plugins\/seo\/ -->\n<title>\u00d6rnek sayfa - Alanya Dentist &amp; Dental | Ova Dent<\/title>\n<meta name=\"robots\" content=\"index, follow, max-snippet:-1, max-image-preview:large, max-video-preview:-1\" \/>\n<link rel=\"canonical\" href=\"https:\/\/ovadent.com\/de\/ornek-sayfa\/\" \/>\n<meta property=\"og:locale\" content=\"de_DE\" \/>\n<meta property=\"og:type\" content=\"article\" \/>\n<meta property=\"og:title\" content=\"\u00d6rnek sayfa - Alanya Dentist &amp; Dental | Ova Dent\" \/>\n<meta property=\"og:description\" content=\"Bu bir \u00f6rnek sayfad\u0131r. Bir blog yaz\u0131s\u0131ndan farkl\u0131d\u0131r \u00e7\u00fcnk\u00fc belirli bir yerde sabit olarak kal\u0131r ve teman\u0131z\u0131n gezinme men\u00fcs\u00fcnde g\u00f6r\u00fcnt\u00fclenir (\u00e7o\u011fu tema destekler). Bir \u00e7ok insan potansiyel ziyaret\u00e7ilerini kar\u015f\u0131lamak i\u00e7in bir Hakk\u0131nda sayfas\u0131 kullan\u0131r. \u015euna benzeyen bir \u015fey olabilir: Merhaba! G\u00fcnd\u00fczleri bisikletli kurye, geceleri ise hevesli bir akt\u00f6r\u00fcm, buras\u0131 da benim sitem. \u0130stanbul&#8217;da ya\u015f\u0131yorum, B\u0131d\u0131k...\" \/>\n<meta property=\"og:url\" content=\"https:\/\/ovadent.com\/de\/ornek-sayfa\/\" \/>\n<meta property=\"og:site_name\" content=\"Alanya Dentist &amp; Dental | Ova Dent\" \/>\n<meta name=\"twitter:card\" content=\"summary_large_image\" \/>\n<meta name=\"twitter:label1\" content=\"Gesch\u00e4tzte Lesezeit\" \/>\n\t<meta name=\"twitter:data1\" content=\"1\u00a0Minute\" \/>\n<script type=\"application\/ld+json\" class=\"yoast-schema-graph\">{\"@context\":\"https:\/\/schema.org\",\"@graph\":[{\"@type\":\"WebPage\",\"@id\":\"https:\/\/ovadent.com\/ornek-sayfa\/\",\"url\":\"https:\/\/ovadent.com\/ornek-sayfa\/\",\"name\":\"\u00d6rnek sayfa - Alanya Dentist &amp; Dental | Ova Dent\",\"isPartOf\":{\"@id\":\"https:\/\/ovadent.com\/#website\"},\"datePublished\":\"2024-09-10T23:29:33+00:00\",\"dateModified\":\"2024-09-10T23:29:33+00:00\",\"breadcrumb\":{\"@id\":\"https:\/\/ovadent.com\/ornek-sayfa\/#breadcrumb\"},\"inLanguage\":\"de\",\"potentialAction\":[{\"@type\":\"ReadAction\",\"target\":[\"https:\/\/ovadent.com\/ornek-sayfa\/\"]}]},{\"@type\":\"BreadcrumbList\",\"@id\":\"https:\/\/ovadent.com\/ornek-sayfa\/#breadcrumb\",\"itemListElement\":[{\"@type\":\"ListItem\",\"position\":1,\"name\":\"Anasayfa\",\"item\":\"https:\/\/ovadent.com\/\"},{\"@type\":\"ListItem\",\"position\":2,\"name\":\"\u00d6rnek sayfa\"}]},{\"@type\":\"WebSite\",\"@id\":\"https:\/\/ovadent.com\/#website\",\"url\":\"https:\/\/ovadent.com\/\",\"name\":\"Alanya Dentist & Dental | Ova Dent\",\"description\":\"Alanya Dentist &amp; Dental | Ova Dent\",\"publisher\":{\"@id\":\"https:\/\/ovadent.com\/#organization\"},\"potentialAction\":[{\"@type\":\"SearchAction\",\"target\":{\"@type\":\"EntryPoint\",\"urlTemplate\":\"https:\/\/ovadent.com\/?s={search_term_string}\"},\"query-input\":{\"@type\":\"PropertyValueSpecification\",\"valueRequired\":true,\"valueName\":\"search_term_string\"}}],\"inLanguage\":\"de\"},{\"@type\":\"Organization\",\"@id\":\"https:\/\/ovadent.com\/#organization\",\"name\":\"Alanya Dentist & Dental | Ova Dent\",\"url\":\"https:\/\/ovadent.com\/\",\"logo\":{\"@type\":\"ImageObject\",\"inLanguage\":\"de\",\"@id\":\"https:\/\/ovadent.com\/#\/schema\/logo\/image\/\",\"url\":\"https:\/\/ovadent.com\/wp-content\/uploads\/2024\/09\/Ovadent-Logo.png\",\"contentUrl\":\"https:\/\/ovadent.com\/wp-content\/uploads\/2024\/09\/Ovadent-Logo.png\",\"width\":1585,\"height\":586,\"caption\":\"Alanya Dentist & Dental | Ova Dent\"},\"image\":{\"@id\":\"https:\/\/ovadent.com\/#\/schema\/logo\/image\/\"}}]}<\/script>\n<!-- \/ Yoast SEO plugin. -->","yoast_head_json":{"title":"\u00d6rnek sayfa - Alanya Dentist &amp; Dental | Ova Dent","robots":{"index":"index","follow":"follow","max-snippet":"max-snippet:-1","max-image-preview":"max-image-preview:large","max-video-preview":"max-video-preview:-1"},"canonical":"https:\/\/ovadent.com\/de\/ornek-sayfa\/","og_locale":"de_DE","og_type":"article","og_title":"\u00d6rnek sayfa - Alanya Dentist &amp; Dental | Ova Dent","og_description":"Bu bir \u00f6rnek sayfad\u0131r. Bir blog yaz\u0131s\u0131ndan farkl\u0131d\u0131r \u00e7\u00fcnk\u00fc belirli bir yerde sabit olarak kal\u0131r ve teman\u0131z\u0131n gezinme men\u00fcs\u00fcnde g\u00f6r\u00fcnt\u00fclenir (\u00e7o\u011fu tema destekler). Bir \u00e7ok insan potansiyel ziyaret\u00e7ilerini kar\u015f\u0131lamak i\u00e7in bir Hakk\u0131nda sayfas\u0131 kullan\u0131r. \u015euna benzeyen bir \u015fey olabilir: Merhaba! G\u00fcnd\u00fczleri bisikletli kurye, geceleri ise hevesli bir akt\u00f6r\u00fcm, buras\u0131 da benim sitem. \u0130stanbul&#8217;da ya\u015f\u0131yorum, B\u0131d\u0131k...","og_url":"https:\/\/ovadent.com\/de\/ornek-sayfa\/","og_site_name":"Alanya Dentist &amp; Dental | Ova Dent","twitter_card":"summary_large_image","twitter_misc":{"Gesch\u00e4tzte Lesezeit":"1\u00a0Minute"},"schema":{"@context":"https:\/\/schema.org","@graph":[{"@type":"WebPage","@id":"https:\/\/ovadent.com\/ornek-sayfa\/","url":"https:\/\/ovadent.com\/ornek-sayfa\/","name":"\u00d6rnek sayfa - Alanya Dentist &amp; Dental | Ova Dent","isPartOf":{"@id":"https:\/\/ovadent.com\/#website"},"datePublished":"2024-09-10T23:29:33+00:00","dateModified":"2024-09-10T23:29:33+00:00","breadcrumb":{"@id":"https:\/\/ovadent.com\/ornek-sayfa\/#breadcrumb"},"inLanguage":"de","potentialAction":[{"@type":"ReadAction","target":["https:\/\/ovadent.com\/ornek-sayfa\/"]}]},{"@type":"BreadcrumbList","@id":"https:\/\/ovadent.com\/ornek-sayfa\/#breadcrumb","itemListElement":[{"@type":"ListItem","position":1,"name":"Anasayfa","item":"https:\/\/ovadent.com\/"},{"@type":"ListItem","position":2,"name":"\u00d6rnek sayfa"}]},{"@type":"WebSite","@id":"https:\/\/ovadent.com\/#website","url":"https:\/\/ovadent.com\/","name":"Alanya Dentist & Dental | Ova Dent","description":"Alanya Dentist &amp; Dental | Ova Dent","publisher":{"@id":"https:\/\/ovadent.com\/#organization"},"potentialAction":[{"@type":"SearchAction","target":{"@type":"EntryPoint","urlTemplate":"https:\/\/ovadent.com\/?s={search_term_string}"},"query-input":{"@type":"PropertyValueSpecification","valueRequired":true,"valueName":"search_term_string"}}],"inLanguage":"de"},{"@type":"Organization","@id":"https:\/\/ovadent.com\/#organization","name":"Alanya Dentist & Dental | Ova Dent","url":"https:\/\/ovadent.com\/","logo":{"@type":"ImageObject","inLanguage":"de","@id":"https:\/\/ovadent.com\/#\/schema\/logo\/image\/","url":"https:\/\/ovadent.com\/wp-content\/uploads\/2024\/09\/Ovadent-Logo.png","contentUrl":"https:\/\/ovadent.com\/wp-content\/uploads\/2024\/09\/Ovadent-Logo.png","width":1585,"height":586,"caption":"Alanya Dentist & Dental | Ova Dent"},"image":{"@id":"https:\/\/ovadent.com\/#\/schema\/logo\/image\/"}}]}},"_links":{"self":[{"href":"https:\/\/ovadent.com\/de\/wp-json\/wp\/v2\/pages\/2","targetHints":{"allow":["GET"]}}],"collection":[{"href":"https:\/\/ovadent.com\/de\/wp-json\/wp\/v2\/pages"}],"about":[{"href":"https:\/\/ovadent.com\/de\/wp-json\/wp\/v2\/types\/page"}],"author":[{"embeddable":true,"href":"https:\/\/ovadent.com\/de\/wp-json\/wp\/v2\/users\/1"}],"replies":[{"embeddable":true,"href":"https:\/\/ovadent.com\/de\/wp-json\/wp\/v2\/comments?post=2"}],"version-history":[{"count":0,"href":"https:\/\/ovadent.com\/de\/wp-json\/wp\/v2\/pages\/2\/revisions"}],"wp:attachment":[{"href":"https:\/\/ovadent.com\/de\/wp-json\/wp\/v2\/media?parent=2"}],"curies":[{"name":"wp","href":"https:\/\/api.w.org\/{rel}","templated":true}]}}