{"id":2085,"date":"2024-11-22T23:26:23","date_gmt":"2024-11-22T20:26:23","guid":{"rendered":"https:\/\/ovadent.com\/?page_id=2085"},"modified":"2024-11-22T23:26:23","modified_gmt":"2024-11-22T20:26:23","slug":"alanya-dentist-4","status":"publish","type":"page","link":"https:\/\/ovadent.com\/de\/alanya-dentist-4\/","title":{"rendered":"Alanya Zahnarzt"},"content":{"rendered":"<section data-bb-version=\"5.1.2\" id=\"bt_bb_section69e645d356f07\" class=\"bt_bb_section bt_bb_layout_boxed_1200\"  data-bt-override-class=\"null\"><div class=\"bt_bb_port\"><div class=\"bt_bb_cell\"><div class=\"bt_bb_cell_inner\"><div class=\"bt_bb_row\"  data-bt-override-class=\"{}\"><div class=\"bt_bb_row_holder\" ><div data-bb-version=\"5.1.2\"  class=\"bt_bb_column col-xxl-12 col-xl-12 col-xs-12 col-sm-12 col-md-12 col-lg-12 bt_bb_vertical_align_top bt_bb_align_left bt_bb_padding_normal\"  data-width=\"12\" data-bt-override-class=\"{}\"><div class=\"bt_bb_column_content\"><header data-bb-version=\"5.1.2\" class=\"bt_bb_headline bt_bb_dash_none bt_bb_size_inherit bt_bb_align_inherit bt_bb_dash_type_none\" data-bt-override-class=\"{&quot;bt_bb_size_&quot;:{&quot;current_class&quot;:&quot;bt_bb_size_inherit&quot;,&quot;xxl&quot;:&quot;inherit&quot;},&quot;bt_bb_align_&quot;:{&quot;current_class&quot;:&quot;bt_bb_align_inherit&quot;,&quot;xxl&quot;:&quot;inherit&quot;}}\"><h1 class=\"bt_bb_headline_tag\"><span class=\"bt_bb_headline_content\"><span>Alanya Zahnarzt - Fachkundige Zahnpflege bei Ova Dent<\/span><\/span><\/h1><\/header><div data-bb-version=\"5.1.2\"  class=\"bt_bb_text\" ><\/p>\n<h3>Zahnarzt Alanya: Erstklassige Zahnpflege bei Ova Dent<\/h3>\n<h4>Entdecken Sie au\u00dfergew\u00f6hnliche zahn\u00e4rztliche Dienstleistungen in Alanya<\/h4>\n<p>Auf der Suche nach einem zuverl\u00e4ssigen <strong>\u201eAlanya Zahnarzt\u201c<\/strong>? Ova Dent bietet hochwertige Zahnpflege f\u00fcr lokale und internationale Patienten. Mit fortschrittlicher Technologie, personalisierten Behandlungspl\u00e4nen und einem hochqualifizierten Team m\u00f6chten wir Ihnen zu einem gesunden, sch\u00f6nen L\u00e4cheln verhelfen.<\/p>\n<h4>Warum Ova Dent w\u00e4hlen?<\/h4>\n<h5>Kompetenz, auf die Sie sich verlassen k\u00f6nnen<\/h5>\n<p>Unsere erfahrenen Zahn\u00e4rzte sind auf ein breites Spektrum zahnmedizinischer Behandlungen spezialisiert und stellen sicher, dass jeder Patient eine professionelle und wirksame Betreuung erh\u00e4lt.<\/p>\n<h5>Fortschrittliche Dentaltechnologie<\/h5>\n<p>Bei Ova Dent verwenden wir die neuesten zahnmedizinischen Technologien, darunter digitale Bildgebung, Laserbehandlungen und moderne Sterilisationsmethoden. Diese Innovationen erm\u00f6glichen uns pr\u00e4zise und komfortable Behandlungen.<\/p>\n<h5>Eine patientenzentrierte Erfahrung<\/h5>\n<p>Ihr Komfort und Ihre Zufriedenheit sind unsere Priorit\u00e4ten. Von dem Moment an, in dem Sie unsere Klinik betreten, sorgt unser freundliches Team f\u00fcr eine stressfreie und einladende Umgebung.<\/p>\n<h4>Umfassende Leistungen bei Ova Dent<\/h4>\n<h5>Pr\u00e4ventive Zahnheilkunde<\/h5>\n<p>Bewahren Sie Ihre Mundgesundheit mit unseren Vorsorgeleistungen, darunter Routineuntersuchungen, Reinigungen und Fluoridbehandlungen. Fr\u00fcherkennung und Vorbeugung sind der Schl\u00fcssel zu gesunden Z\u00e4hnen ein Leben lang.<\/p>\n<h5>Kosmetische Zahnheilkunde<\/h5>\n<p>Verwandeln Sie Ihr L\u00e4cheln mit unseren kosmetischen Behandlungen wie Zahnaufhellung, Veneers und kompletten L\u00e4cheln-Makeovers. Wir verhelfen Ihnen zu dem Selbstbewusstsein, das ein umwerfendes L\u00e4cheln mit sich bringt.<\/p>\n<h5>Restaurative Zahnheilkunde<\/h5>\n<p>Stellen Sie besch\u00e4digte oder fehlende Z\u00e4hne mit unseren restaurativen L\u00f6sungen wieder her, darunter Zahnimplantate, Kronen und Br\u00fccken. Unsere Behandlungen sind funktional, langlebig und \u00e4sthetisch ansprechend.<\/p>\n<h5>Kieferorthop\u00e4dische L\u00f6sungen<\/h5>\n<p>Erreichen Sie perfekt ausgerichtete Z\u00e4hne mit unseren kieferorthop\u00e4dischen Optionen, darunter transparente Zahnschienen und herk\u00f6mmliche Zahnspangen. Ova Dent bietet L\u00f6sungen f\u00fcr Erwachsene und Kinder.<\/p>\n<h5>Zahn\u00e4rztliche Notfallversorgung<\/h5>\n<p>Zahn\u00e4rztliche Notf\u00e4lle warten nicht, und das sollten Sie auch nicht. Ova Dent bietet sofortige Versorgung bei Problemen wie starken Zahnschmerzen, abgebrochenen Z\u00e4hnen und verlorenen F\u00fcllungen.<\/p>\n<h4>Zahntourismus in Alanya<\/h4>\n<p>Alanya ist ein beliebtes Ziel f\u00fcr Zahntourismus und bietet erstklassige Behandlungen zu erschwinglichen Preisen. Ova Dent ist stolz darauf, internationale Patienten zu betreuen und sorgt f\u00fcr reibungslose Kommunikation, Komfort und au\u00dfergew\u00f6hnliche Betreuung w\u00e4hrend der gesamten Zahnbehandlung.<\/p>\n<h4>H\u00e4ufig gestellte Fragen<\/h4>\n<h5>Warum sollte ich mich f\u00fcr Ova Dent entscheiden?<\/h5>\n<p>Ova Dent vereint professionelles Fachwissen, fortschrittliche Technologie und einen patientenorientierten Ansatz, um in Alanya hervorragende Zahnpflege zu bieten.<\/p>\n<h5>Bieten Sie Behandlungen f\u00fcr internationale Patienten an?<\/h5>\n<p>Ja, Ova Dent ist auf die Betreuung internationaler Kunden spezialisiert und bietet umfassende zahnmedizinische L\u00f6sungen und Unterst\u00fctzung f\u00fcr ein reibungsloses Erlebnis.<\/p>\n<h5>Welche M\u00f6glichkeiten der kosmetischen Zahnheilkunde gibt es?<\/h5>\n<p>Wir bieten Zahnaufhellung, Veneers und L\u00e4cheln-Makeovers an, um Ihr L\u00e4cheln zu versch\u00f6nern und Ihr Selbstvertrauen zu st\u00e4rken.<\/p>\n<h4>Erleben Sie herausragende Zahnpflege bei Ova Dent<\/h4>\n<p>Ob Sie eine Routineversorgung, eine kosmetische Verbesserung oder eine Notfallbehandlung ben\u00f6tigen, Ova Dent ist Ihr vertrauensw\u00fcrdiger <strong>\u201eZahnarzt in Alanya.\u201c<\/strong> Unser engagiertes Team ist hier, um Ihnen eine pers\u00f6nliche Betreuung und ein L\u00e4cheln zu bieten, das Sie lieben werden. Kontaktieren Sie uns noch heute, um Ihren Termin zu vereinbaren und den Unterschied bei Ova Dent zu entdecken.<\/p>\n<p>\n<\/div><\/div><\/div><\/div><\/div><\/div><!-- cell_inner --><\/div><!-- cell --><\/div><!-- port --><\/section>","protected":false},"excerpt":{"rendered":"","protected":false},"author":1,"featured_media":2054,"parent":0,"menu_order":0,"comment_status":"closed","ping_status":"closed","template":"","meta":{"footnotes":""},"class_list":["post-2085","page","type-page","status-publish","has-post-thumbnail","hentry"],"yoast_head":"<!-- This site is optimized with the Yoast SEO plugin v23.4 - https:\/\/yoast.com\/wordpress\/plugins\/seo\/ -->\n<title>Alanya Dentist - Expert Dental Care at Ova Dent<\/title>\n<meta name=\"description\" content=\"Find a trusted Alanya Dentist at Ova Dent. Offering preventive, cosmetic, restorative, and emergency dental care for local and international patients. Book now!\" \/>\n<meta name=\"robots\" content=\"index, follow, max-snippet:-1, max-image-preview:large, max-video-preview:-1\" \/>\n<link rel=\"canonical\" href=\"https:\/\/ovadent.com\/de\/alanya-dentist-4\/\" \/>\n<meta property=\"og:locale\" content=\"de_DE\" \/>\n<meta property=\"og:type\" content=\"article\" \/>\n<meta property=\"og:title\" content=\"Alanya Dentist - Expert Dental Care at Ova Dent\" \/>\n<meta property=\"og:description\" content=\"Find a trusted Alanya Dentist at Ova Dent. Offering preventive, cosmetic, restorative, and emergency dental care for local and international patients. Book now!\" \/>\n<meta property=\"og:url\" content=\"https:\/\/ovadent.com\/de\/alanya-dentist-4\/\" \/>\n<meta property=\"og:site_name\" content=\"Alanya Dentist &amp; Dental | Ova Dent\" \/>\n<meta property=\"og:image\" content=\"https:\/\/ovadent.com\/wp-content\/uploads\/2024\/10\/7-2.jpg\" \/>\n\t<meta property=\"og:image:width\" content=\"1080\" \/>\n\t<meta property=\"og:image:height\" content=\"1080\" \/>\n\t<meta property=\"og:image:type\" content=\"image\/jpeg\" \/>\n<meta name=\"twitter:card\" content=\"summary_large_image\" \/>\n<meta name=\"twitter:label1\" content=\"Gesch\u00e4tzte Lesezeit\" \/>\n\t<meta name=\"twitter:data1\" content=\"1\u00a0Minute\" \/>\n<script type=\"application\/ld+json\" class=\"yoast-schema-graph\">{\"@context\":\"https:\/\/schema.org\",\"@graph\":[{\"@type\":\"WebPage\",\"@id\":\"https:\/\/ovadent.com\/alanya-dentist-4\/\",\"url\":\"https:\/\/ovadent.com\/alanya-dentist-4\/\",\"name\":\"Alanya Dentist - Expert Dental Care at Ova Dent\",\"isPartOf\":{\"@id\":\"https:\/\/ovadent.com\/#website\"},\"primaryImageOfPage\":{\"@id\":\"https:\/\/ovadent.com\/alanya-dentist-4\/#primaryimage\"},\"image\":{\"@id\":\"https:\/\/ovadent.com\/alanya-dentist-4\/#primaryimage\"},\"thumbnailUrl\":\"https:\/\/ovadent.com\/wp-content\/uploads\/2024\/10\/7-2.jpg\",\"datePublished\":\"2024-11-22T20:26:23+00:00\",\"dateModified\":\"2024-11-22T20:26:23+00:00\",\"description\":\"Find a trusted Alanya Dentist at Ova Dent. Offering preventive, cosmetic, restorative, and emergency dental care for local and international patients. Book now!\",\"breadcrumb\":{\"@id\":\"https:\/\/ovadent.com\/alanya-dentist-4\/#breadcrumb\"},\"inLanguage\":\"de\",\"potentialAction\":[{\"@type\":\"ReadAction\",\"target\":[\"https:\/\/ovadent.com\/alanya-dentist-4\/\"]}]},{\"@type\":\"ImageObject\",\"inLanguage\":\"de\",\"@id\":\"https:\/\/ovadent.com\/alanya-dentist-4\/#primaryimage\",\"url\":\"https:\/\/ovadent.com\/wp-content\/uploads\/2024\/10\/7-2.jpg\",\"contentUrl\":\"https:\/\/ovadent.com\/wp-content\/uploads\/2024\/10\/7-2.jpg\",\"width\":1080,\"height\":1080,\"caption\":\"Dentist in Alanya\"},{\"@type\":\"BreadcrumbList\",\"@id\":\"https:\/\/ovadent.com\/alanya-dentist-4\/#breadcrumb\",\"itemListElement\":[{\"@type\":\"ListItem\",\"position\":1,\"name\":\"Anasayfa\",\"item\":\"https:\/\/ovadent.com\/\"},{\"@type\":\"ListItem\",\"position\":2,\"name\":\"Alanya Dentist\"}]},{\"@type\":\"WebSite\",\"@id\":\"https:\/\/ovadent.com\/#website\",\"url\":\"https:\/\/ovadent.com\/\",\"name\":\"Alanya Dentist & Dental | Ova Dent\",\"description\":\"Alanya Dentist &amp; Dental | Ova Dent\",\"publisher\":{\"@id\":\"https:\/\/ovadent.com\/#organization\"},\"potentialAction\":[{\"@type\":\"SearchAction\",\"target\":{\"@type\":\"EntryPoint\",\"urlTemplate\":\"https:\/\/ovadent.com\/?s={search_term_string}\"},\"query-input\":{\"@type\":\"PropertyValueSpecification\",\"valueRequired\":true,\"valueName\":\"search_term_string\"}}],\"inLanguage\":\"de\"},{\"@type\":\"Organization\",\"@id\":\"https:\/\/ovadent.com\/#organization\",\"name\":\"Alanya Dentist & Dental | Ova Dent\",\"url\":\"https:\/\/ovadent.com\/\",\"logo\":{\"@type\":\"ImageObject\",\"inLanguage\":\"de\",\"@id\":\"https:\/\/ovadent.com\/#\/schema\/logo\/image\/\",\"url\":\"https:\/\/ovadent.com\/wp-content\/uploads\/2024\/09\/Ovadent-Logo.png\",\"contentUrl\":\"https:\/\/ovadent.com\/wp-content\/uploads\/2024\/09\/Ovadent-Logo.png\",\"width\":1585,\"height\":586,\"caption\":\"Alanya Dentist & Dental | Ova Dent\"},\"image\":{\"@id\":\"https:\/\/ovadent.com\/#\/schema\/logo\/image\/\"}}]}<\/script>\n<!-- \/ Yoast SEO plugin. -->","yoast_head_json":{"title":"Alanya Dentist - Expert Dental Care at Ova Dent","description":"Find a trusted Alanya Dentist at Ova Dent. Offering preventive, cosmetic, restorative, and emergency dental care for local and international patients. Book now!","robots":{"index":"index","follow":"follow","max-snippet":"max-snippet:-1","max-image-preview":"max-image-preview:large","max-video-preview":"max-video-preview:-1"},"canonical":"https:\/\/ovadent.com\/de\/alanya-dentist-4\/","og_locale":"de_DE","og_type":"article","og_title":"Alanya Dentist - Expert Dental Care at Ova Dent","og_description":"Find a trusted Alanya Dentist at Ova Dent. Offering preventive, cosmetic, restorative, and emergency dental care for local and international patients. Book now!","og_url":"https:\/\/ovadent.com\/de\/alanya-dentist-4\/","og_site_name":"Alanya Dentist &amp; Dental | Ova Dent","og_image":[{"width":1080,"height":1080,"url":"https:\/\/ovadent.com\/wp-content\/uploads\/2024\/10\/7-2.jpg","type":"image\/jpeg"}],"twitter_card":"summary_large_image","twitter_misc":{"Gesch\u00e4tzte Lesezeit":"1\u00a0Minute"},"schema":{"@context":"https:\/\/schema.org","@graph":[{"@type":"WebPage","@id":"https:\/\/ovadent.com\/alanya-dentist-4\/","url":"https:\/\/ovadent.com\/alanya-dentist-4\/","name":"Alanya Dentist - Expert Dental Care at Ova Dent","isPartOf":{"@id":"https:\/\/ovadent.com\/#website"},"primaryImageOfPage":{"@id":"https:\/\/ovadent.com\/alanya-dentist-4\/#primaryimage"},"image":{"@id":"https:\/\/ovadent.com\/alanya-dentist-4\/#primaryimage"},"thumbnailUrl":"https:\/\/ovadent.com\/wp-content\/uploads\/2024\/10\/7-2.jpg","datePublished":"2024-11-22T20:26:23+00:00","dateModified":"2024-11-22T20:26:23+00:00","description":"Find a trusted Alanya Dentist at Ova Dent. Offering preventive, cosmetic, restorative, and emergency dental care for local and international patients. Book now!","breadcrumb":{"@id":"https:\/\/ovadent.com\/alanya-dentist-4\/#breadcrumb"},"inLanguage":"de","potentialAction":[{"@type":"ReadAction","target":["https:\/\/ovadent.com\/alanya-dentist-4\/"]}]},{"@type":"ImageObject","inLanguage":"de","@id":"https:\/\/ovadent.com\/alanya-dentist-4\/#primaryimage","url":"https:\/\/ovadent.com\/wp-content\/uploads\/2024\/10\/7-2.jpg","contentUrl":"https:\/\/ovadent.com\/wp-content\/uploads\/2024\/10\/7-2.jpg","width":1080,"height":1080,"caption":"Dentist in Alanya"},{"@type":"BreadcrumbList","@id":"https:\/\/ovadent.com\/alanya-dentist-4\/#breadcrumb","itemListElement":[{"@type":"ListItem","position":1,"name":"Anasayfa","item":"https:\/\/ovadent.com\/"},{"@type":"ListItem","position":2,"name":"Alanya Dentist"}]},{"@type":"WebSite","@id":"https:\/\/ovadent.com\/#website","url":"https:\/\/ovadent.com\/","name":"Alanya Dentist & Dental | Ova Dent","description":"Alanya Dentist &amp; Dental | Ova Dent","publisher":{"@id":"https:\/\/ovadent.com\/#organization"},"potentialAction":[{"@type":"SearchAction","target":{"@type":"EntryPoint","urlTemplate":"https:\/\/ovadent.com\/?s={search_term_string}"},"query-input":{"@type":"PropertyValueSpecification","valueRequired":true,"valueName":"search_term_string"}}],"inLanguage":"de"},{"@type":"Organization","@id":"https:\/\/ovadent.com\/#organization","name":"Alanya Dentist & Dental | Ova Dent","url":"https:\/\/ovadent.com\/","logo":{"@type":"ImageObject","inLanguage":"de","@id":"https:\/\/ovadent.com\/#\/schema\/logo\/image\/","url":"https:\/\/ovadent.com\/wp-content\/uploads\/2024\/09\/Ovadent-Logo.png","contentUrl":"https:\/\/ovadent.com\/wp-content\/uploads\/2024\/09\/Ovadent-Logo.png","width":1585,"height":586,"caption":"Alanya Dentist & Dental | Ova Dent"},"image":{"@id":"https:\/\/ovadent.com\/#\/schema\/logo\/image\/"}}]}},"_links":{"self":[{"href":"https:\/\/ovadent.com\/de\/wp-json\/wp\/v2\/pages\/2085","targetHints":{"allow":["GET"]}}],"collection":[{"href":"https:\/\/ovadent.com\/de\/wp-json\/wp\/v2\/pages"}],"about":[{"href":"https:\/\/ovadent.com\/de\/wp-json\/wp\/v2\/types\/page"}],"author":[{"embeddable":true,"href":"https:\/\/ovadent.com\/de\/wp-json\/wp\/v2\/users\/1"}],"replies":[{"embeddable":true,"href":"https:\/\/ovadent.com\/de\/wp-json\/wp\/v2\/comments?post=2085"}],"version-history":[{"count":1,"href":"https:\/\/ovadent.com\/de\/wp-json\/wp\/v2\/pages\/2085\/revisions"}],"predecessor-version":[{"id":2086,"href":"https:\/\/ovadent.com\/de\/wp-json\/wp\/v2\/pages\/2085\/revisions\/2086"}],"wp:featuredmedia":[{"embeddable":true,"href":"https:\/\/ovadent.com\/de\/wp-json\/wp\/v2\/media\/2054"}],"wp:attachment":[{"href":"https:\/\/ovadent.com\/de\/wp-json\/wp\/v2\/media?parent=2085"}],"curies":[{"name":"wp","href":"https:\/\/api.w.org\/{rel}","templated":true}]}}