{"id":2097,"date":"2024-11-22T23:35:59","date_gmt":"2024-11-22T20:35:59","guid":{"rendered":"https:\/\/ovadent.com\/?page_id=2097"},"modified":"2024-11-22T23:35:59","modified_gmt":"2024-11-22T20:35:59","slug":"alanya-dental-clinic-5","status":"publish","type":"page","link":"https:\/\/ovadent.com\/de\/alanya-dental-clinic-5\/","title":{"rendered":"Alanya Zahnklinik"},"content":{"rendered":"<section data-bb-version=\"5.1.2\" id=\"bt_bb_section69e620e31cdd3\" class=\"bt_bb_section bt_bb_layout_boxed_1200\"  data-bt-override-class=\"null\"><div class=\"bt_bb_port\"><div class=\"bt_bb_cell\"><div class=\"bt_bb_cell_inner\"><div class=\"bt_bb_row\"  data-bt-override-class=\"{}\"><div class=\"bt_bb_row_holder\" ><div data-bb-version=\"5.1.2\"  class=\"bt_bb_column col-xxl-12 col-xl-12 col-xs-12 col-sm-12 col-md-12 col-lg-12 bt_bb_vertical_align_top bt_bb_align_left bt_bb_padding_normal\"  data-width=\"12\" data-bt-override-class=\"{}\"><div class=\"bt_bb_column_content\"><header data-bb-version=\"5.1.2\" class=\"bt_bb_headline bt_bb_dash_none bt_bb_size_inherit bt_bb_align_inherit bt_bb_dash_type_none\" data-bt-override-class=\"{&quot;bt_bb_size_&quot;:{&quot;current_class&quot;:&quot;bt_bb_size_inherit&quot;,&quot;xxl&quot;:&quot;inherit&quot;},&quot;bt_bb_align_&quot;:{&quot;current_class&quot;:&quot;bt_bb_align_inherit&quot;,&quot;xxl&quot;:&quot;inherit&quot;}}\"><h1 class=\"bt_bb_headline_tag\"><span class=\"bt_bb_headline_content\"><span>Alanya Zahnklinik \u2013 Premium-Zahnpflege bei Ova Dent<\/span><\/span><\/h1><\/header><div data-bb-version=\"5.1.2\"  class=\"bt_bb_text\" ><\/p>\n<h3>Alanya Zahnklinik: Premium-Zahnpflege bei Ova Dent<\/h3>\n<h4>Entdecken Sie au\u00dfergew\u00f6hnliche zahn\u00e4rztliche Leistungen bei Ova Dent<\/h4>\n<p>Auf der Suche nach einem zuverl\u00e4ssigen <strong>\u201eAlanya Zahnklinik\u201c<\/strong>? Bei Ova Dent sind Sie an der richtigen Adresse. Wir bieten erstklassige Zahnpflege f\u00fcr lokale und internationale Patienten. Mit patientenorientiertem Ansatz und modernster Technologie sorgt Ova Dent daf\u00fcr, dass Ihre Mundgesundheit und Ihr Selbstvertrauen in den H\u00e4nden von Experten liegen.<\/p>\n<h4>Warum Ova Dent w\u00e4hlen?<\/h4>\n<h5>Kompetenz und Professionalit\u00e4t<\/h5>\n<p>Bei Ova Dent ist unser Team erfahrener Zahn\u00e4rzte auf ein breites Spektrum an Zahnbehandlungen spezialisiert. Von Routineuntersuchungen bis hin zu fortschrittlichen kosmetischen Eingriffen gew\u00e4hrleisten wir eine erstklassige, auf Ihre Bed\u00fcrfnisse zugeschnittene Betreuung.<\/p>\n<h5>Modernste Technologie<\/h5>\n<p>Ausgestattet mit modernster Dentaltechnologie bietet Ova Dent Pr\u00e4zision, Effizienz und Komfort. Von der digitalen Bildgebung bis zur fortschrittlichen Sterilisation steht Ihre Gesundheit und Sicherheit bei jedem Schritt an erster Stelle.<\/p>\n<h5>Personalisierte Betreuung<\/h5>\n<p>Jedes L\u00e4cheln ist einzigartig, und so sind auch unsere Behandlungspl\u00e4ne. Wir bieten Ihnen eine individuelle Betreuung, die auf Ihre individuellen Zahnprobleme eingeht und Ihnen hilft, die gew\u00fcnschten Ergebnisse zu erzielen.<\/p>\n<h4>Umfassende Leistungen bei Ova Dent<\/h4>\n<h5>Pr\u00e4ventive Zahnheilkunde<\/h5>\n<p>Bewahren Sie Ihr gesundes L\u00e4cheln mit regelm\u00e4\u00dfigen Kontrolluntersuchungen, professioneller Zahnreinigung und Schutzbehandlungen. Pr\u00e4vention ist der Grundstein f\u00fcr lebenslange Mundgesundheit.<\/p>\n<h5>Kosmetische Zahnheilkunde<\/h5>\n<p>Versch\u00f6nern Sie Ihr L\u00e4cheln mit kosmetischen Behandlungen wie Zahnaufhellung, Veneers und einem kompletten L\u00e4cheln-Makeover. Ova Dent verhilft Ihnen zu einem strahlenden, selbstbewussten L\u00e4cheln.<\/p>\n<h5>Restaurative Zahnheilkunde<\/h5>\n<p>Stellen Sie die Funktion und das Aussehen Ihrer Z\u00e4hne mit unseren restaurativen L\u00f6sungen wie Kronen, Br\u00fccken und Zahnimplantaten wieder her. Unsere Behandlungen sind langlebig und auf nat\u00fcrliche \u00c4sthetik ausgelegt.<\/p>\n<h5>Kieferorthop\u00e4die<\/h5>\n<p>Richten Sie Ihre Z\u00e4hne aus und verbessern Sie Ihren Biss mit kieferorthop\u00e4dischen L\u00f6sungen, darunter herk\u00f6mmliche Zahnspangen und transparente Aligner. Wir bieten individuelle Betreuung f\u00fcr Patienten jeden Alters.<\/p>\n<h5>Zahn\u00e4rztliche Notfallversorgung<\/h5>\n<p>Zahn\u00e4rztliche Notf\u00e4lle erfordern sofortige Hilfe, und Ova Dent hilft Ihnen dabei. Ob starke Zahnschmerzen, ein abgebrochener Zahn oder eine verlorene F\u00fcllung \u2013 wir bieten Ihnen sofortige und effektive Hilfe.<\/p>\n<h4>Zahntourismus in Alanya<\/h4>\n<p>Alanya ist als Reiseziel f\u00fcr Zahntourismus bekannt und verbindet erstklassige Versorgung mit wettbewerbsf\u00e4higen Preisen. Bei Ova Dent begr\u00fc\u00dfen wir internationale Patienten und bieten ein nahtloses Erlebnis mit mehrsprachiger Betreuung und modernen Einrichtungen. Als vertrauensw\u00fcrdiger <strong>\u201eAlanya Zahnklinik\u201c,<\/strong> Wir sorgen daf\u00fcr, dass Ihr Zahnarztbesuch reibungslos und stressfrei verl\u00e4uft.<\/p>\n<h4>H\u00e4ufig gestellte Fragen<\/h4>\n<h5>Welche Leistungen bietet Ova Dent an?<\/h5>\n<p>Wir bieten pr\u00e4ventive, kosmetische, restaurative und zahn\u00e4rztliche Notfalldienste an, die auf die Bed\u00fcrfnisse jedes Patienten zugeschnitten sind.<\/p>\n<h5>K\u00f6nnen internationale Patienten problemlos Termine buchen?<\/h5>\n<p>Ja, wir sind auf die Aufnahme internationaler Patienten spezialisiert und bieten reibungslose Kommunikation und pers\u00f6nliche Betreuung.<\/p>\n<h5>Bieten Sie individuelle Behandlungspl\u00e4ne an?<\/h5>\n<p>Absolut. Bei Ova Dent wird jeder Behandlungsplan individuell auf die Bed\u00fcrfnisse und Ziele unserer Patienten zugeschnitten.<\/p>\n<h4>Kontaktieren Sie Ova Dent \u2013 Ihre vertrauensw\u00fcrdige Zahnklinik in Alanya<\/h4>\n<p>Als Premier <strong>\u201eAlanya Zahnklinik\u201c,<\/strong> Ova Dent bietet Ihnen erstklassige Zahnpflege f\u00fcr alle Ihre Mundgesundheitsbed\u00fcrfnisse. Ob Routinebehandlung oder komplette L\u00e4cheln-Transformation \u2013 unser Team hilft Ihnen gerne weiter. Vereinbaren Sie noch heute einen Termin und erleben Sie den Ova Dent-Unterschied.<\/p>\n<p>\n<\/div><\/div><\/div><\/div><\/div><\/div><!-- cell_inner --><\/div><!-- cell --><\/div><!-- port --><\/section>","protected":false},"excerpt":{"rendered":"","protected":false},"author":1,"featured_media":2020,"parent":0,"menu_order":0,"comment_status":"closed","ping_status":"closed","template":"","meta":{"footnotes":""},"class_list":["post-2097","page","type-page","status-publish","has-post-thumbnail","hentry"],"yoast_head":"<!-- This site is optimized with the Yoast SEO plugin v23.4 - https:\/\/yoast.com\/wordpress\/plugins\/seo\/ -->\n<title>Alanya Dental Clinic - Premium Dental Care at Ova Dent<\/title>\n<meta name=\"description\" content=\"Discover top-quality dental care at Ova Dent, your trusted Alanya Dental Clinic. Offering expert preventive, cosmetic, and restorative services for local and international patients. Book now!\" \/>\n<meta name=\"robots\" content=\"index, follow, max-snippet:-1, max-image-preview:large, max-video-preview:-1\" \/>\n<link rel=\"canonical\" href=\"https:\/\/ovadent.com\/de\/alanya-dental-clinic-5\/\" \/>\n<meta property=\"og:locale\" content=\"de_DE\" \/>\n<meta property=\"og:type\" content=\"article\" \/>\n<meta property=\"og:title\" content=\"Alanya Dental Clinic - Premium Dental Care at Ova Dent\" \/>\n<meta property=\"og:description\" content=\"Discover top-quality dental care at Ova Dent, your trusted Alanya Dental Clinic. Offering expert preventive, cosmetic, and restorative services for local and international patients. Book now!\" \/>\n<meta property=\"og:url\" content=\"https:\/\/ovadent.com\/de\/alanya-dental-clinic-5\/\" \/>\n<meta property=\"og:site_name\" content=\"Alanya Dentist &amp; Dental | Ova Dent\" \/>\n<meta property=\"og:image\" content=\"https:\/\/ovadent.com\/wp-content\/uploads\/2024\/10\/27-1.jpg\" \/>\n\t<meta property=\"og:image:width\" content=\"1080\" \/>\n\t<meta property=\"og:image:height\" content=\"1080\" \/>\n\t<meta property=\"og:image:type\" content=\"image\/jpeg\" \/>\n<meta name=\"twitter:card\" content=\"summary_large_image\" \/>\n<meta name=\"twitter:label1\" content=\"Gesch\u00e4tzte Lesezeit\" \/>\n\t<meta name=\"twitter:data1\" content=\"1\u00a0Minute\" \/>\n<script type=\"application\/ld+json\" class=\"yoast-schema-graph\">{\"@context\":\"https:\/\/schema.org\",\"@graph\":[{\"@type\":\"WebPage\",\"@id\":\"https:\/\/ovadent.com\/alanya-dental-clinic-5\/\",\"url\":\"https:\/\/ovadent.com\/alanya-dental-clinic-5\/\",\"name\":\"Alanya Dental Clinic - Premium Dental Care at Ova Dent\",\"isPartOf\":{\"@id\":\"https:\/\/ovadent.com\/#website\"},\"primaryImageOfPage\":{\"@id\":\"https:\/\/ovadent.com\/alanya-dental-clinic-5\/#primaryimage\"},\"image\":{\"@id\":\"https:\/\/ovadent.com\/alanya-dental-clinic-5\/#primaryimage\"},\"thumbnailUrl\":\"https:\/\/ovadent.com\/wp-content\/uploads\/2024\/10\/27-1.jpg\",\"datePublished\":\"2024-11-22T20:35:59+00:00\",\"dateModified\":\"2024-11-22T20:35:59+00:00\",\"description\":\"Discover top-quality dental care at Ova Dent, your trusted Alanya Dental Clinic. Offering expert preventive, cosmetic, and restorative services for local and international patients. Book now!\",\"breadcrumb\":{\"@id\":\"https:\/\/ovadent.com\/alanya-dental-clinic-5\/#breadcrumb\"},\"inLanguage\":\"de\",\"potentialAction\":[{\"@type\":\"ReadAction\",\"target\":[\"https:\/\/ovadent.com\/alanya-dental-clinic-5\/\"]}]},{\"@type\":\"ImageObject\",\"inLanguage\":\"de\",\"@id\":\"https:\/\/ovadent.com\/alanya-dental-clinic-5\/#primaryimage\",\"url\":\"https:\/\/ovadent.com\/wp-content\/uploads\/2024\/10\/27-1.jpg\",\"contentUrl\":\"https:\/\/ovadent.com\/wp-content\/uploads\/2024\/10\/27-1.jpg\",\"width\":1080,\"height\":1080,\"caption\":\"Dental Clinic in Alanya\"},{\"@type\":\"BreadcrumbList\",\"@id\":\"https:\/\/ovadent.com\/alanya-dental-clinic-5\/#breadcrumb\",\"itemListElement\":[{\"@type\":\"ListItem\",\"position\":1,\"name\":\"Anasayfa\",\"item\":\"https:\/\/ovadent.com\/\"},{\"@type\":\"ListItem\",\"position\":2,\"name\":\"Alanya Dental Clinic\"}]},{\"@type\":\"WebSite\",\"@id\":\"https:\/\/ovadent.com\/#website\",\"url\":\"https:\/\/ovadent.com\/\",\"name\":\"Alanya Dentist & Dental | Ova Dent\",\"description\":\"Alanya Dentist &amp; Dental | Ova Dent\",\"publisher\":{\"@id\":\"https:\/\/ovadent.com\/#organization\"},\"potentialAction\":[{\"@type\":\"SearchAction\",\"target\":{\"@type\":\"EntryPoint\",\"urlTemplate\":\"https:\/\/ovadent.com\/?s={search_term_string}\"},\"query-input\":{\"@type\":\"PropertyValueSpecification\",\"valueRequired\":true,\"valueName\":\"search_term_string\"}}],\"inLanguage\":\"de\"},{\"@type\":\"Organization\",\"@id\":\"https:\/\/ovadent.com\/#organization\",\"name\":\"Alanya Dentist & Dental | Ova Dent\",\"url\":\"https:\/\/ovadent.com\/\",\"logo\":{\"@type\":\"ImageObject\",\"inLanguage\":\"de\",\"@id\":\"https:\/\/ovadent.com\/#\/schema\/logo\/image\/\",\"url\":\"https:\/\/ovadent.com\/wp-content\/uploads\/2024\/09\/Ovadent-Logo.png\",\"contentUrl\":\"https:\/\/ovadent.com\/wp-content\/uploads\/2024\/09\/Ovadent-Logo.png\",\"width\":1585,\"height\":586,\"caption\":\"Alanya Dentist & Dental | Ova Dent\"},\"image\":{\"@id\":\"https:\/\/ovadent.com\/#\/schema\/logo\/image\/\"}}]}<\/script>\n<!-- \/ Yoast SEO plugin. -->","yoast_head_json":{"title":"Alanya Dental Clinic - Premium Dental Care at Ova Dent","description":"Discover top-quality dental care at Ova Dent, your trusted Alanya Dental Clinic. Offering expert preventive, cosmetic, and restorative services for local and international patients. Book now!","robots":{"index":"index","follow":"follow","max-snippet":"max-snippet:-1","max-image-preview":"max-image-preview:large","max-video-preview":"max-video-preview:-1"},"canonical":"https:\/\/ovadent.com\/de\/alanya-dental-clinic-5\/","og_locale":"de_DE","og_type":"article","og_title":"Alanya Dental Clinic - Premium Dental Care at Ova Dent","og_description":"Discover top-quality dental care at Ova Dent, your trusted Alanya Dental Clinic. Offering expert preventive, cosmetic, and restorative services for local and international patients. Book now!","og_url":"https:\/\/ovadent.com\/de\/alanya-dental-clinic-5\/","og_site_name":"Alanya Dentist &amp; Dental | Ova Dent","og_image":[{"width":1080,"height":1080,"url":"https:\/\/ovadent.com\/wp-content\/uploads\/2024\/10\/27-1.jpg","type":"image\/jpeg"}],"twitter_card":"summary_large_image","twitter_misc":{"Gesch\u00e4tzte Lesezeit":"1\u00a0Minute"},"schema":{"@context":"https:\/\/schema.org","@graph":[{"@type":"WebPage","@id":"https:\/\/ovadent.com\/alanya-dental-clinic-5\/","url":"https:\/\/ovadent.com\/alanya-dental-clinic-5\/","name":"Alanya Dental Clinic - Premium Dental Care at Ova Dent","isPartOf":{"@id":"https:\/\/ovadent.com\/#website"},"primaryImageOfPage":{"@id":"https:\/\/ovadent.com\/alanya-dental-clinic-5\/#primaryimage"},"image":{"@id":"https:\/\/ovadent.com\/alanya-dental-clinic-5\/#primaryimage"},"thumbnailUrl":"https:\/\/ovadent.com\/wp-content\/uploads\/2024\/10\/27-1.jpg","datePublished":"2024-11-22T20:35:59+00:00","dateModified":"2024-11-22T20:35:59+00:00","description":"Discover top-quality dental care at Ova Dent, your trusted Alanya Dental Clinic. Offering expert preventive, cosmetic, and restorative services for local and international patients. Book now!","breadcrumb":{"@id":"https:\/\/ovadent.com\/alanya-dental-clinic-5\/#breadcrumb"},"inLanguage":"de","potentialAction":[{"@type":"ReadAction","target":["https:\/\/ovadent.com\/alanya-dental-clinic-5\/"]}]},{"@type":"ImageObject","inLanguage":"de","@id":"https:\/\/ovadent.com\/alanya-dental-clinic-5\/#primaryimage","url":"https:\/\/ovadent.com\/wp-content\/uploads\/2024\/10\/27-1.jpg","contentUrl":"https:\/\/ovadent.com\/wp-content\/uploads\/2024\/10\/27-1.jpg","width":1080,"height":1080,"caption":"Dental Clinic in Alanya"},{"@type":"BreadcrumbList","@id":"https:\/\/ovadent.com\/alanya-dental-clinic-5\/#breadcrumb","itemListElement":[{"@type":"ListItem","position":1,"name":"Anasayfa","item":"https:\/\/ovadent.com\/"},{"@type":"ListItem","position":2,"name":"Alanya Dental Clinic"}]},{"@type":"WebSite","@id":"https:\/\/ovadent.com\/#website","url":"https:\/\/ovadent.com\/","name":"Alanya Dentist & Dental | Ova Dent","description":"Alanya Dentist &amp; Dental | Ova Dent","publisher":{"@id":"https:\/\/ovadent.com\/#organization"},"potentialAction":[{"@type":"SearchAction","target":{"@type":"EntryPoint","urlTemplate":"https:\/\/ovadent.com\/?s={search_term_string}"},"query-input":{"@type":"PropertyValueSpecification","valueRequired":true,"valueName":"search_term_string"}}],"inLanguage":"de"},{"@type":"Organization","@id":"https:\/\/ovadent.com\/#organization","name":"Alanya Dentist & Dental | Ova Dent","url":"https:\/\/ovadent.com\/","logo":{"@type":"ImageObject","inLanguage":"de","@id":"https:\/\/ovadent.com\/#\/schema\/logo\/image\/","url":"https:\/\/ovadent.com\/wp-content\/uploads\/2024\/09\/Ovadent-Logo.png","contentUrl":"https:\/\/ovadent.com\/wp-content\/uploads\/2024\/09\/Ovadent-Logo.png","width":1585,"height":586,"caption":"Alanya Dentist & Dental | Ova Dent"},"image":{"@id":"https:\/\/ovadent.com\/#\/schema\/logo\/image\/"}}]}},"_links":{"self":[{"href":"https:\/\/ovadent.com\/de\/wp-json\/wp\/v2\/pages\/2097","targetHints":{"allow":["GET"]}}],"collection":[{"href":"https:\/\/ovadent.com\/de\/wp-json\/wp\/v2\/pages"}],"about":[{"href":"https:\/\/ovadent.com\/de\/wp-json\/wp\/v2\/types\/page"}],"author":[{"embeddable":true,"href":"https:\/\/ovadent.com\/de\/wp-json\/wp\/v2\/users\/1"}],"replies":[{"embeddable":true,"href":"https:\/\/ovadent.com\/de\/wp-json\/wp\/v2\/comments?post=2097"}],"version-history":[{"count":1,"href":"https:\/\/ovadent.com\/de\/wp-json\/wp\/v2\/pages\/2097\/revisions"}],"predecessor-version":[{"id":2098,"href":"https:\/\/ovadent.com\/de\/wp-json\/wp\/v2\/pages\/2097\/revisions\/2098"}],"wp:featuredmedia":[{"embeddable":true,"href":"https:\/\/ovadent.com\/de\/wp-json\/wp\/v2\/media\/2020"}],"wp:attachment":[{"href":"https:\/\/ovadent.com\/de\/wp-json\/wp\/v2\/media?parent=2097"}],"curies":[{"name":"wp","href":"https:\/\/api.w.org\/{rel}","templated":true}]}}