{"id":166,"date":"2019-12-30T11:38:31","date_gmt":"2019-12-30T11:38:31","guid":{"rendered":"http:\/\/denticare.bold-themes.com\/michelle\/?page_id=166"},"modified":"2024-09-11T02:37:56","modified_gmt":"2024-09-10T23:37:56","slug":"under-construction","status":"publish","type":"page","link":"https:\/\/ovadent.com\/nb\/services\/under-construction\/","title":{"rendered":"Under construction"},"content":{"rendered":"<section id=\"bt_bb_section69f433da37a7a\" class=\"bt_bb_section bt_bb_color_scheme_2 bt_bb_layout_boxed_1200 bt_bb_vertical_align_top bt_bb_top_spacing_extra_large bt_bb_bottom_spacing_extra_large\" style=\"; --section-primary-color:#191919; --section-secondary-color:#ffffff;\" data-bt-override-class=\"null\"><div class=\"bt_bb_background_image_holder_wrapper\"><div class=\"bt_bb_background_image_holder btLazyLoadBackground bt_bb_parallax\"  data-background_image_src=\"https:\/\/ovadent.com\/wp-content\/uploads\/2020\/03\/background-doctor.jpg\" data-parallax=\"0.7\" data-parallax-offset=\"0\" data-parallax-zoom-start=\"1\" data-parallax-zoom-end=\"1\" data-parallax-blur-start=\"0\" data-parallax-blur-end=\"0\" data-parallax-opacity-start=\"1\" data-parallax-opacity-end=\"1\" style=\" background-image: url(&#039;https:\/\/ovadent.com\/wp-content\/plugins\/bold-page-builder\/img\/blank.gif&#039;);\"><\/div><\/div><div class=\"bt_bb_port\"><div class=\"bt_bb_cell\"><div class=\"bt_bb_cell_inner\"><div class=\"bt_bb_row\"  data-bt-override-class=\"{}\"><div class=\"bt_bb_row_holder\" ><div  class=\"bt_bb_column col-xxl-2 col-xl-2 bt_bb_vertical_align_top bt_bb_align_left bt_bb_padding_normal\"  data-width=\"2\" data-bt-override-class=\"{}\"><div class=\"bt_bb_column_content\"><\/div><\/div><div  class=\"bt_bb_column col-xxl-8 col-xl-8 bt_bb_vertical_align_top bt_bb_align_center bt_bb_padding_normal bt_bb_animation_fade_in animate\"  data-width=\"8\" data-bt-override-class=\"{}\"><div class=\"bt_bb_column_content\"><header class=\"bt_bb_headline bt_bb_font_weight_bolder bt_bb_color_scheme_17 bt_bb_dash_none bt_bb_size_extralarge bt_bb_align_inherit bt_bb_dash_type_none\" style=\"; --primary-color:#2f2566; --secondary-color:#86c49e;\" data-bt-override-class=\"{}\"><h1 class=\"bt_bb_headline_tag\"><span class=\"bt_bb_headline_content\"><span><small>Our Website Is<\/small><br \/><br \/>\nUnder Construction<\/span><\/span><\/h1><\/header><div class=\"bt_bb_separator bt_bb_border_style_none bt_bb_bottom_spacing_small\" data-bt-override-class=\"null\"><\/div><div  class=\"bt_bb_text\" ><\/p>\n<p>We should be online quite soon. But in the meantime you can still visit the old website, until our new flashy one is launched. Click below to go to old site or send us an email with your query.<\/p>\n<p>\n<\/div><div class=\"bt_bb_separator bt_bb_border_style_none bt_bb_top_spacing_extra_small bt_bb_bottom_spacing_normal\" data-bt-override-class=\"null\"><\/div><div class=\"bt_bb_button bt_bb_color_scheme_6 bt_bb_icon_position_right bt_bb_style_filled bt_bb_size_medium bt_bb_width_inline bt_bb_shape_inherit bt_bb_target_self bt_bb_align_inherit\" style=\"; --primary-color:#ffffff; --secondary-color:#86c49e;\" data-bt-override-class=\"{}\"><a href=\"#\" target=\"_self\" class=\"bt_bb_link\" title=\"Back To Our Old Site\"><span class=\"bt_bb_button_text\" >Back To Our Old Site<\/span><span  data-ico-fontawesome=\"&#xf105;\" class=\"bt_bb_icon_holder\"><\/span><\/a><\/div><div class=\"bt_bb_button bt_bb_color_scheme_4 bt_bb_icon_position_right bt_bb_style_filled bt_bb_size_medium bt_bb_width_inline bt_bb_shape_inherit bt_bb_target_self bt_bb_align_inherit\" style=\"; --primary-color:#86c49e; --secondary-color:#ffffff;\" data-bt-override-class=\"{}\"><a href=\"#\" target=\"_self\" class=\"bt_bb_link\" title=\"Contact Us For More\"><span class=\"bt_bb_button_text\" >Contact Us For More<\/span><span  data-ico-fontawesome=\"&#xf105;\" class=\"bt_bb_icon_holder\"><\/span><\/a><\/div><div class=\"bt_bb_separator bt_bb_border_style_none bt_bb_bottom_spacing_large\" data-bt-override-class=\"null\"><\/div><\/div><\/div><div  class=\"bt_bb_column col-xxl-2 col-xl-2 bt_bb_vertical_align_top bt_bb_align_left bt_bb_padding_normal\"  data-width=\"2\" data-bt-override-class=\"{}\"><div class=\"bt_bb_column_content\"><\/div><\/div><\/div><\/div><div class=\"bt_bb_row\"  data-bt-override-class=\"{}\"><div class=\"bt_bb_row_holder\" ><div  class=\"bt_bb_column col-xxl-6 col-xl-6 bt_bb_vertical_align_middle bt_bb_align_left bt_bb_padding_double bt_bb_animation_fade_in animate\" style=\"background-color: rgba(255, 255, 255, 1);\" data-width=\"6\" data-bt-override-class=\"{}\"><div class=\"bt_bb_column_content\"><div class=\"bt_bb_separator bt_bb_border_style_none bt_bb_bottom_spacing_normal\" data-bt-override-class=\"null\"><\/div><header class=\"bt_bb_headline bt_bb_font_weight_bold bt_bb_color_scheme_3 bt_bb_dash_none bt_bb_size_normal bt_bb_align_inherit bt_bb_dash_type_none\" style=\"; --primary-color:#86c49e; --secondary-color:#191919;\" data-bt-override-class=\"{}\"><h3 class=\"bt_bb_headline_tag\"><span class=\"bt_bb_headline_content\"><span>Time To Relaunch The Website...<\/span><\/span><\/h3><\/header><div class=\"bt_bb_separator bt_bb_border_style_none bt_bb_bottom_spacing_small\" data-bt-override-class=\"null\"><\/div><div class=\"bt_bb_countdown btCounterHolder bt_bb_size_normal\" data-bt-override-class=\"{}\"><div class=\"btCountdownHolder\" data-init-seconds=\"0\"><span class=\"days\" data-text=\"Days\"><\/span><span class=\"hours\"><span class=\"n0\"><span><\/span><span><\/span><\/span><span class=\"n1\"><span><\/span><span><\/span><\/span><span class=\"hours_text\"><span>Hours<\/span><\/span><\/span><span class=\"minutes\"><span class=\"n0\"><span><\/span><span><\/span><\/span><span class=\"n1\"><span><\/span><span><\/span><\/span><span class=\"minutes_text\"><span>Minutes<\/span><\/span><\/span><span class=\"seconds\"><span class=\"n0\"><span><\/span><span><\/span><\/span><span class=\"n1\"><span><\/span><span><\/span><\/span><span class=\"seconds_text\"><span>Seconds<\/span><\/span><\/span><\/div><\/div><div class=\"bt_bb_separator bt_bb_border_style_none bt_bb_bottom_spacing_normal bt_bb_hidden_md bt_bb_hidden_lg\" data-bt-override-class=\"null\"><\/div><div class=\"bt_bb_separator bt_bb_border_style_none bt_bb_bottom_spacing_normal\" data-bt-override-class=\"null\"><\/div><\/div><\/div><div  class=\"bt_bb_column col-xxl-6 col-xl-6 bt_bb_vertical_align_top bt_bb_align_left bt_bb_padding_double bt_bb_animation_fade_in animate\" style=\"color: #FFF;background-color: rgba(14, 84, 174, 1);\" data-width=\"6\" data-bt-override-class=\"{}\"><div class=\"bt_bb_column_content\"><div class=\"bt_bb_separator bt_bb_border_style_none bt_bb_bottom_spacing_normal\" data-bt-override-class=\"null\"><\/div><header class=\"bt_bb_headline bt_bb_font_weight_bold bt_bb_dash_none bt_bb_size_normal bt_bb_align_inherit bt_bb_dash_type_none\" data-bt-override-class=\"{}\"><h3 class=\"bt_bb_headline_tag\"><span class=\"bt_bb_headline_content\"><span>Subscribe To Our Newsletter<\/span><\/span><\/h3><\/header><div  class=\"bt_bb_text\" ><\/p>\n<p>Subscribe to receive notification of the website launch.<\/p>\n<p>\n<\/div><div class=\"bt_bb_separator bt_bb_border_style_none bt_bb_bottom_spacing_small\" data-bt-override-class=\"null\"><\/div><div class=\"bt_bb_contact_form_7\">\n<div class=\"wpcf7 no-js\" id=\"wpcf7-f848-o1\" lang=\"en-US\" dir=\"ltr\">\n<div class=\"screen-reader-response\"><p role=\"status\" aria-live=\"polite\" aria-atomic=\"true\"><\/p> <ul><\/ul><\/div>\n<form action=\"\/nb\/wp-json\/wp\/v2\/pages\/166#wpcf7-f848-o1\" method=\"post\" class=\"wpcf7-form init\" aria-label=\"Kontaktskjema\" novalidate=\"novalidate\" data-status=\"init\" data-trp-original-action=\"\/nb\/wp-json\/wp\/v2\/pages\/166#wpcf7-f848-o1\">\n<div style=\"display: none;\">\n<input type=\"hidden\" name=\"_wpcf7\" value=\"848\" \/>\n<input type=\"hidden\" name=\"_wpcf7_version\" value=\"5.9.8\" \/>\n<input type=\"hidden\" name=\"_wpcf7_locale\" value=\"en_US\" \/>\n<input type=\"hidden\" name=\"_wpcf7_unit_tag\" value=\"wpcf7-f848-o1\" \/>\n<input type=\"hidden\" name=\"_wpcf7_container_post\" value=\"0\" \/>\n<input type=\"hidden\" name=\"_wpcf7_posted_data_hash\" value=\"\" \/>\n<\/div>\n<div class=\"bt_bb_cf7_form bt_bb_cf7_inline_newsletter_form\">\n\t<div class=\"bt_bb_cf7_row\">\n\t\t<div class=\"bt_bb_cf7_element\">\n\t\t\t<p><span class=\"wpcf7-form-control-wrap\" data-name=\"your-email\"><input size=\"40\" maxlength=\"400\" class=\"wpcf7-form-control wpcf7-email wpcf7-validates-as-required wpcf7-text wpcf7-validates-as-email\" aria-required=\"true\" aria-invalid=\"false\" placeholder=\"Enter your email address\" value=\"\" type=\"email\" name=\"your-email\" \/><\/span>\n\t\t\t<\/p>\n\t\t<\/div>\n\n <!-- \ud83d\udc47 Honeypot alan\u0131: botlar i\u00e7in g\u00f6r\u00fcnmez tuzak -->\n\t\t<p><span id=\"wpcf7-69f433da39ebe-wrapper\" class=\"wpcf7-form-control-wrap honeypot_check-wrap\" ><input type=\"hidden\" name=\"honeypot_check-time-start\" value=\"1777611738\"><input type=\"hidden\" name=\"honeypot_check-time-check\" value=\"4\"><label for=\"wpcf7-69f433da39ebe-field\" class=\"hp-message\">Please leave this field empty.<\/label><input id=\"wpcf7-69f433da39ebe-field\"  class=\"wpcf7-form-control wpcf7-text\" type=\"text\" name=\"honeypot_check\" value=\"\" size=\"40\" tabindex=\"-1\" autocomplete=\"new-password\" \/><\/span>\n\t\t<\/p>\n\t\t<div class=\"bt_bb_cf7_button bt_bb_cf7_button_larger\">\n\t\t\t<p><input class=\"wpcf7-form-control wpcf7-submit has-spinner\" type=\"submit\" value=\"Subscribe\" \/>\n\t\t\t<\/p>\n\t\t<\/div>\n\t<\/div>\n<\/div><p style=\"display: none !important;\" class=\"akismet-fields-container\" data-prefix=\"_wpcf7_ak_\"><label>&#916;<textarea name=\"_wpcf7_ak_hp_textarea\" cols=\"45\" rows=\"8\" maxlength=\"100\"><\/textarea><\/label><input type=\"hidden\" id=\"ak_js_1\" name=\"_wpcf7_ak_js\" value=\"112\"\/><script>document.getElementById( \"ak_js_1\" ).setAttribute( \"value\", ( new Date() ).getTime() );<\/script><\/p><div class=\"wpcf7-response-output\" aria-hidden=\"true\"><\/div>\n<input type=\"hidden\" name=\"trp-form-language\" value=\"nb\"\/><\/form>\n<\/div>\n<\/div><div class=\"bt_bb_separator bt_bb_border_style_none bt_bb_bottom_spacing_small\" data-bt-override-class=\"null\"><\/div><\/div><\/div><\/div><\/div><\/div><!-- cell_inner --><\/div><!-- cell --><\/div><!-- port --><\/section>","protected":false},"excerpt":{"rendered":"<p>Synergistically evolve 2.0 technologies rather than just in time initiatives. Quickly deploy strategic networks with compelling e-business. Credibly pontificate highly efficient manufactured products and enabled data.<\/p>","protected":false},"author":2,"featured_media":0,"parent":147,"menu_order":0,"comment_status":"closed","ping_status":"closed","template":"","meta":{"footnotes":""},"class_list":["post-166","page","type-page","status-publish","hentry"],"yoast_head":"<!-- This site is optimized with the Yoast SEO plugin v23.4 - https:\/\/yoast.com\/wordpress\/plugins\/seo\/ -->\n<title>Under construction - Alanya Dentist &amp; Dental | Ova Dent<\/title>\n<meta name=\"robots\" content=\"index, follow, max-snippet:-1, max-image-preview:large, max-video-preview:-1\" \/>\n<link rel=\"canonical\" href=\"https:\/\/ovadent.com\/nb\/services\/under-construction\/\" \/>\n<meta property=\"og:locale\" content=\"nb_NO\" \/>\n<meta property=\"og:type\" content=\"article\" \/>\n<meta property=\"og:title\" content=\"Under construction - Alanya Dentist &amp; Dental | Ova Dent\" \/>\n<meta property=\"og:description\" content=\"Synergistically evolve 2.0 technologies rather than just in time initiatives. Quickly deploy strategic networks with compelling e-business. Credibly pontificate highly efficient manufactured products and enabled data.\" \/>\n<meta property=\"og:url\" content=\"https:\/\/ovadent.com\/nb\/services\/under-construction\/\" \/>\n<meta property=\"og:site_name\" content=\"Alanya Dentist &amp; Dental | Ova Dent\" \/>\n<meta property=\"article:modified_time\" content=\"2024-09-10T23:37:56+00:00\" \/>\n<meta name=\"twitter:card\" content=\"summary_large_image\" \/>\n<meta name=\"twitter:label1\" content=\"Ansl. lesetid\" \/>\n\t<meta name=\"twitter:data1\" content=\"5 minutter\" \/>\n<script type=\"application\/ld+json\" class=\"yoast-schema-graph\">{\"@context\":\"https:\/\/schema.org\",\"@graph\":[{\"@type\":\"WebPage\",\"@id\":\"https:\/\/ovadent.com\/services\/under-construction\/\",\"url\":\"https:\/\/ovadent.com\/services\/under-construction\/\",\"name\":\"Under construction - Alanya Dentist &amp; Dental | Ova Dent\",\"isPartOf\":{\"@id\":\"https:\/\/ovadent.com\/#website\"},\"datePublished\":\"2019-12-30T11:38:31+00:00\",\"dateModified\":\"2024-09-10T23:37:56+00:00\",\"breadcrumb\":{\"@id\":\"https:\/\/ovadent.com\/services\/under-construction\/#breadcrumb\"},\"inLanguage\":\"nb-NO\",\"potentialAction\":[{\"@type\":\"ReadAction\",\"target\":[\"https:\/\/ovadent.com\/services\/under-construction\/\"]}]},{\"@type\":\"BreadcrumbList\",\"@id\":\"https:\/\/ovadent.com\/services\/under-construction\/#breadcrumb\",\"itemListElement\":[{\"@type\":\"ListItem\",\"position\":1,\"name\":\"Anasayfa\",\"item\":\"https:\/\/ovadent.com\/\"},{\"@type\":\"ListItem\",\"position\":2,\"name\":\"Services\",\"item\":\"https:\/\/ovadent.com\/services\/\"},{\"@type\":\"ListItem\",\"position\":3,\"name\":\"Under construction\"}]},{\"@type\":\"WebSite\",\"@id\":\"https:\/\/ovadent.com\/#website\",\"url\":\"https:\/\/ovadent.com\/\",\"name\":\"Alanya Dentist & Dental | Ova Dent\",\"description\":\"Alanya Dentist &amp; Dental | Ova Dent\",\"publisher\":{\"@id\":\"https:\/\/ovadent.com\/#organization\"},\"potentialAction\":[{\"@type\":\"SearchAction\",\"target\":{\"@type\":\"EntryPoint\",\"urlTemplate\":\"https:\/\/ovadent.com\/?s={search_term_string}\"},\"query-input\":{\"@type\":\"PropertyValueSpecification\",\"valueRequired\":true,\"valueName\":\"search_term_string\"}}],\"inLanguage\":\"nb-NO\"},{\"@type\":\"Organization\",\"@id\":\"https:\/\/ovadent.com\/#organization\",\"name\":\"Alanya Dentist & Dental | Ova Dent\",\"url\":\"https:\/\/ovadent.com\/\",\"logo\":{\"@type\":\"ImageObject\",\"inLanguage\":\"nb-NO\",\"@id\":\"https:\/\/ovadent.com\/#\/schema\/logo\/image\/\",\"url\":\"https:\/\/ovadent.com\/wp-content\/uploads\/2024\/09\/Ovadent-Logo.png\",\"contentUrl\":\"https:\/\/ovadent.com\/wp-content\/uploads\/2024\/09\/Ovadent-Logo.png\",\"width\":1585,\"height\":586,\"caption\":\"Alanya Dentist & Dental | Ova Dent\"},\"image\":{\"@id\":\"https:\/\/ovadent.com\/#\/schema\/logo\/image\/\"}}]}<\/script>\n<!-- \/ Yoast SEO plugin. -->","yoast_head_json":{"title":"Under construction - Alanya Dentist &amp; Dental | Ova Dent","robots":{"index":"index","follow":"follow","max-snippet":"max-snippet:-1","max-image-preview":"max-image-preview:large","max-video-preview":"max-video-preview:-1"},"canonical":"https:\/\/ovadent.com\/nb\/services\/under-construction\/","og_locale":"nb_NO","og_type":"article","og_title":"Under construction - Alanya Dentist &amp; Dental | Ova Dent","og_description":"Synergistically evolve 2.0 technologies rather than just in time initiatives. Quickly deploy strategic networks with compelling e-business. Credibly pontificate highly efficient manufactured products and enabled data.","og_url":"https:\/\/ovadent.com\/nb\/services\/under-construction\/","og_site_name":"Alanya Dentist &amp; Dental | Ova Dent","article_modified_time":"2024-09-10T23:37:56+00:00","twitter_card":"summary_large_image","twitter_misc":{"Ansl. lesetid":"5 minutter"},"schema":{"@context":"https:\/\/schema.org","@graph":[{"@type":"WebPage","@id":"https:\/\/ovadent.com\/services\/under-construction\/","url":"https:\/\/ovadent.com\/services\/under-construction\/","name":"Under construction - Alanya Dentist &amp; Dental | Ova Dent","isPartOf":{"@id":"https:\/\/ovadent.com\/#website"},"datePublished":"2019-12-30T11:38:31+00:00","dateModified":"2024-09-10T23:37:56+00:00","breadcrumb":{"@id":"https:\/\/ovadent.com\/services\/under-construction\/#breadcrumb"},"inLanguage":"nb-NO","potentialAction":[{"@type":"ReadAction","target":["https:\/\/ovadent.com\/services\/under-construction\/"]}]},{"@type":"BreadcrumbList","@id":"https:\/\/ovadent.com\/services\/under-construction\/#breadcrumb","itemListElement":[{"@type":"ListItem","position":1,"name":"Anasayfa","item":"https:\/\/ovadent.com\/"},{"@type":"ListItem","position":2,"name":"Services","item":"https:\/\/ovadent.com\/services\/"},{"@type":"ListItem","position":3,"name":"Under construction"}]},{"@type":"WebSite","@id":"https:\/\/ovadent.com\/#website","url":"https:\/\/ovadent.com\/","name":"Alanya Dentist & Dental | Ova Dent","description":"Alanya Dentist &amp; Dental | Ova Dent","publisher":{"@id":"https:\/\/ovadent.com\/#organization"},"potentialAction":[{"@type":"SearchAction","target":{"@type":"EntryPoint","urlTemplate":"https:\/\/ovadent.com\/?s={search_term_string}"},"query-input":{"@type":"PropertyValueSpecification","valueRequired":true,"valueName":"search_term_string"}}],"inLanguage":"nb-NO"},{"@type":"Organization","@id":"https:\/\/ovadent.com\/#organization","name":"Alanya Dentist & Dental | Ova Dent","url":"https:\/\/ovadent.com\/","logo":{"@type":"ImageObject","inLanguage":"nb-NO","@id":"https:\/\/ovadent.com\/#\/schema\/logo\/image\/","url":"https:\/\/ovadent.com\/wp-content\/uploads\/2024\/09\/Ovadent-Logo.png","contentUrl":"https:\/\/ovadent.com\/wp-content\/uploads\/2024\/09\/Ovadent-Logo.png","width":1585,"height":586,"caption":"Alanya Dentist & Dental | Ova Dent"},"image":{"@id":"https:\/\/ovadent.com\/#\/schema\/logo\/image\/"}}]}},"_links":{"self":[{"href":"https:\/\/ovadent.com\/nb\/wp-json\/wp\/v2\/pages\/166","targetHints":{"allow":["GET"]}}],"collection":[{"href":"https:\/\/ovadent.com\/nb\/wp-json\/wp\/v2\/pages"}],"about":[{"href":"https:\/\/ovadent.com\/nb\/wp-json\/wp\/v2\/types\/page"}],"author":[{"embeddable":true,"href":"https:\/\/ovadent.com\/nb\/wp-json\/wp\/v2\/users\/2"}],"replies":[{"embeddable":true,"href":"https:\/\/ovadent.com\/nb\/wp-json\/wp\/v2\/comments?post=166"}],"version-history":[{"count":1,"href":"https:\/\/ovadent.com\/nb\/wp-json\/wp\/v2\/pages\/166\/revisions"}],"predecessor-version":[{"id":1513,"href":"https:\/\/ovadent.com\/nb\/wp-json\/wp\/v2\/pages\/166\/revisions\/1513"}],"up":[{"embeddable":true,"href":"https:\/\/ovadent.com\/nb\/wp-json\/wp\/v2\/pages\/147"}],"wp:attachment":[{"href":"https:\/\/ovadent.com\/nb\/wp-json\/wp\/v2\/media?parent=166"}],"curies":[{"name":"wp","href":"https:\/\/api.w.org\/{rel}","templated":true}]}}