{"id":2091,"date":"2024-11-22T23:32:08","date_gmt":"2024-11-22T20:32:08","guid":{"rendered":"https:\/\/ovadent.com\/?page_id=2091"},"modified":"2024-11-22T23:32:08","modified_gmt":"2024-11-22T20:32:08","slug":"alanya-dental-clinic-2","status":"publish","type":"page","link":"https:\/\/ovadent.com\/nb\/alanya-dental-clinic-2\/","title":{"rendered":"Alanya Tannklinikk"},"content":{"rendered":"<section data-bb-version=\"5.1.2\" id=\"bt_bb_section6a0181ee7e8d8\" class=\"bt_bb_section bt_bb_layout_boxed_1200\"  data-bt-override-class=\"null\"><div class=\"bt_bb_port\"><div class=\"bt_bb_cell\"><div class=\"bt_bb_cell_inner\"><div class=\"bt_bb_row\"  data-bt-override-class=\"{}\"><div class=\"bt_bb_row_holder\" ><div data-bb-version=\"5.1.2\"  class=\"bt_bb_column col-xxl-12 col-xl-12 col-xs-12 col-sm-12 col-md-12 col-lg-12 bt_bb_vertical_align_top bt_bb_align_left bt_bb_padding_normal\"  data-width=\"12\" data-bt-override-class=\"{}\"><div class=\"bt_bb_column_content\"><header data-bb-version=\"5.1.2\" class=\"bt_bb_headline bt_bb_dash_none bt_bb_size_inherit bt_bb_align_inherit bt_bb_dash_type_none\" data-bt-override-class=\"{&quot;bt_bb_size_&quot;:{&quot;current_class&quot;:&quot;bt_bb_size_inherit&quot;,&quot;xxl&quot;:&quot;inherit&quot;},&quot;bt_bb_align_&quot;:{&quot;current_class&quot;:&quot;bt_bb_align_inherit&quot;,&quot;xxl&quot;:&quot;inherit&quot;}}\"><h1 class=\"bt_bb_headline_tag\"><span class=\"bt_bb_headline_content\"><span>Alanya Tannklinikk - Ekspertbehandling hos Ova Dent<\/span><\/span><\/h1><\/header><div data-bb-version=\"5.1.2\"  class=\"bt_bb_text\" ><\/p>\n<h3>Alanya tannklinikk: Eksepsjonell tannpleie ved Ova Dent<\/h3>\n<h4>Velkommen til Ova Dent \u2013 Din betrodde tannklinikk i Alanya<\/h4>\n<p>Hvis du leter etter en p\u00e5litelig <strong>&quot;Alanya tannklinikk,&quot;<\/strong> Ova Dent er her for \u00e5 tilby tannlegetjenester i verdensklasse for b\u00e5de lokale og internasjonale pasienter. Med v\u00e5rt dyktige team og toppmoderne fasiliteter tilbyr vi omfattende tannpleie skreddersydd for dine behov.<\/p>\n<h4>Hvorfor velge Ova Dent?<\/h4>\n<h5>Erfarne fagfolk<\/h5>\n<p>V\u00e5rt team av tannleger og spesialister har h\u00f8y erfaring innen alle aspekter av tannpleie. Fra rutinemessige rengj\u00f8ringer til avanserte prosedyrer, du er i trygge hender hos Ova Dent.<\/p>\n<h5>Nyskapende teknologi<\/h5>\n<p>Hos Ova Dent bruker vi den nyeste tannteknologien for \u00e5 sikre presise og effektive behandlinger. Digital bildebehandling, lasertannbehandling og moderne steriliseringssystemer er bare noen av verkt\u00f8yene vi bruker.<\/p>\n<h5>Pasientsentrert omsorg<\/h5>\n<p>Vi prioriterer din komfort og tilfredshet, og skaper et stressfritt milj\u00f8. Hver behandlingsplan er skreddersydd for \u00e5 m\u00f8te dine spesifikke behov og sikre de beste resultatene.<\/p>\n<h4>V\u00e5re tjenester<\/h4>\n<h5>Forebyggende tannbehandling<\/h5>\n<p>Beskytt munnhelsen din med rutinemessige kontroller, profesjonelle rengj\u00f8ringer og fluorbehandlinger. Forebyggende omsorg er det f\u00f8rste skrittet mot \u00e5 opprettholde et sunt smil.<\/p>\n<h5>Kosmetisk tannbehandling<\/h5>\n<p>Forbedre smilet ditt med v\u00e5re kosmetiske behandlinger, inkludert tannbleking, fin\u00e9r og smilefornyelser. Ova Dent er her for \u00e5 hjelpe deg med \u00e5 oppn\u00e5 smilet du alltid har \u00f8nsket deg.<\/p>\n<h5>Restorativ tannbehandling<\/h5>\n<p>Gjenopprett tennene til full funksjon og skj\u00f8nnhet med v\u00e5re restaurerende l\u00f8sninger. Fra tannimplantater til kroner og broer, vi tilbyr langvarige og naturlig utseende resultater.<\/p>\n<h5>Kjeveortopedi<\/h5>\n<p>Rett tennene dine og forbedre bittet med v\u00e5re kjeveortopedisk tjenester, inkludert klare aligners og tradisjonelle tannregulering. Vi tilbyr skreddersydde l\u00f8sninger for pasienter i alle aldre.<\/p>\n<h5>Akutt tannbehandling<\/h5>\n<p>Dental n\u00f8dsituasjoner kan skje uventet. Enten du har tannpine, sprukket tann eller tapt fylling, er Ova Dent klar til \u00e5 gi rask og effektiv pleie.<\/p>\n<h4>Tannlegeturisme i Alanya<\/h4>\n<p>Alanya er et kjent reisem\u00e5l for tannlegeturisme, og tilbyr tjenester av h\u00f8y kvalitet til konkurransedyktige priser. Hos Ova Dent \u00f8nsker vi internasjonale pasienter velkommen, og sikrer en s\u00f8ml\u00f8s opplevelse med flerspr\u00e5klig st\u00f8tte og personlig pleie. Som ledende <strong>&quot;Alanya tannklinikk,&quot;<\/strong> vi er forpliktet til \u00e5 gj\u00f8re din tannlegereise s\u00e5 jevn og komfortabel som mulig.<\/p>\n<h4>Ofte stilte sp\u00f8rsm\u00e5l<\/h4>\n<h5>Hvilke tjenester er tilgjengelige hos Ova Dent?<\/h5>\n<p>Vi tilbyr et komplett spekter av tjenester, inkludert forebyggende, kosmetisk, restaurerende, kjeveortopedisk og akutt tannbehandling.<\/p>\n<h5>Im\u00f8tekommer du internasjonale pasienter?<\/h5>\n<p>Ja, vi spesialiserer oss p\u00e5 \u00e5 betjene internasjonale pasienter, og tilby behandling av toppkvalitet i et innbydende milj\u00f8.<\/p>\n<h5>Kan jeg f\u00e5 en personlig behandlingsplan?<\/h5>\n<p>Absolutt. Hver pasient ved Ova Dent f\u00e5r en tilpasset behandlingsplan utformet for \u00e5 m\u00f8te deres individuelle behov.<\/p>\n<h4>Opplev det beste innen tannpleie hos Ova Dent<\/h4>\n<p>Som en betrodd <strong>&quot;Alanya tannklinikk,&quot;<\/strong> Ova Dent er her for \u00e5 tilby eksepsjonelle tannlegetjenester for deg og din familie. Enten du trenger rutinemessig pleie, makeover p\u00e5 smileb\u00e5ndet eller akuttbehandling, er v\u00e5rt dedikerte team klare til \u00e5 hjelpe. Kontakt oss i dag for \u00e5 planlegge en avtale og starte reisen mot et sunnere, lysere smil.<\/p>\n<p>\n<\/div><\/div><\/div><\/div><\/div><\/div><!-- cell_inner --><\/div><!-- cell --><\/div><!-- port --><\/section>","protected":false},"excerpt":{"rendered":"","protected":false},"author":1,"featured_media":2005,"parent":0,"menu_order":0,"comment_status":"closed","ping_status":"closed","template":"","meta":{"footnotes":""},"class_list":["post-2091","page","type-page","status-publish","has-post-thumbnail","hentry"],"yoast_head":"<!-- This site is optimized with the Yoast SEO plugin v23.4 - https:\/\/yoast.com\/wordpress\/plugins\/seo\/ -->\n<title>Alanya Dental Clinic - Expert Care at Ova Dent<\/title>\n<meta name=\"description\" content=\"Discover top-quality dental care at Ova Dent, your trusted Alanya Dental Clinic. Offering preventive, cosmetic, and restorative treatments for local and international patients. Book now!\" \/>\n<meta name=\"robots\" content=\"index, follow, max-snippet:-1, max-image-preview:large, max-video-preview:-1\" \/>\n<link rel=\"canonical\" href=\"https:\/\/ovadent.com\/nb\/alanya-dental-clinic-2\/\" \/>\n<meta property=\"og:locale\" content=\"nb_NO\" \/>\n<meta property=\"og:type\" content=\"article\" \/>\n<meta property=\"og:title\" content=\"Alanya Dental Clinic - Expert Care at Ova Dent\" \/>\n<meta property=\"og:description\" content=\"Discover top-quality dental care at Ova Dent, your trusted Alanya Dental Clinic. Offering preventive, cosmetic, and restorative treatments for local and international patients. Book now!\" \/>\n<meta property=\"og:url\" content=\"https:\/\/ovadent.com\/nb\/alanya-dental-clinic-2\/\" \/>\n<meta property=\"og:site_name\" content=\"Alanya Dentist &amp; Dental | Ova Dent\" \/>\n<meta property=\"og:image\" content=\"https:\/\/ovadent.com\/wp-content\/uploads\/2024\/10\/22-1.jpg\" \/>\n\t<meta property=\"og:image:width\" content=\"1080\" \/>\n\t<meta property=\"og:image:height\" content=\"1080\" \/>\n\t<meta property=\"og:image:type\" content=\"image\/jpeg\" \/>\n<meta name=\"twitter:card\" content=\"summary_large_image\" \/>\n<meta name=\"twitter:label1\" content=\"Ansl. lesetid\" \/>\n\t<meta name=\"twitter:data1\" content=\"1 minutt\" \/>\n<script type=\"application\/ld+json\" class=\"yoast-schema-graph\">{\"@context\":\"https:\/\/schema.org\",\"@graph\":[{\"@type\":\"WebPage\",\"@id\":\"https:\/\/ovadent.com\/alanya-dental-clinic-2\/\",\"url\":\"https:\/\/ovadent.com\/alanya-dental-clinic-2\/\",\"name\":\"Alanya Dental Clinic - Expert Care at Ova Dent\",\"isPartOf\":{\"@id\":\"https:\/\/ovadent.com\/#website\"},\"primaryImageOfPage\":{\"@id\":\"https:\/\/ovadent.com\/alanya-dental-clinic-2\/#primaryimage\"},\"image\":{\"@id\":\"https:\/\/ovadent.com\/alanya-dental-clinic-2\/#primaryimage\"},\"thumbnailUrl\":\"https:\/\/ovadent.com\/wp-content\/uploads\/2024\/10\/22-1.jpg\",\"datePublished\":\"2024-11-22T20:32:08+00:00\",\"dateModified\":\"2024-11-22T20:32:08+00:00\",\"description\":\"Discover top-quality dental care at Ova Dent, your trusted Alanya Dental Clinic. Offering preventive, cosmetic, and restorative treatments for local and international patients. Book now!\",\"breadcrumb\":{\"@id\":\"https:\/\/ovadent.com\/alanya-dental-clinic-2\/#breadcrumb\"},\"inLanguage\":\"nb-NO\",\"potentialAction\":[{\"@type\":\"ReadAction\",\"target\":[\"https:\/\/ovadent.com\/alanya-dental-clinic-2\/\"]}]},{\"@type\":\"ImageObject\",\"inLanguage\":\"nb-NO\",\"@id\":\"https:\/\/ovadent.com\/alanya-dental-clinic-2\/#primaryimage\",\"url\":\"https:\/\/ovadent.com\/wp-content\/uploads\/2024\/10\/22-1.jpg\",\"contentUrl\":\"https:\/\/ovadent.com\/wp-content\/uploads\/2024\/10\/22-1.jpg\",\"width\":1080,\"height\":1080,\"caption\":\"Alanya Dental Clinic\"},{\"@type\":\"BreadcrumbList\",\"@id\":\"https:\/\/ovadent.com\/alanya-dental-clinic-2\/#breadcrumb\",\"itemListElement\":[{\"@type\":\"ListItem\",\"position\":1,\"name\":\"Anasayfa\",\"item\":\"https:\/\/ovadent.com\/\"},{\"@type\":\"ListItem\",\"position\":2,\"name\":\"Alanya Dental Clinic\"}]},{\"@type\":\"WebSite\",\"@id\":\"https:\/\/ovadent.com\/#website\",\"url\":\"https:\/\/ovadent.com\/\",\"name\":\"Alanya Dentist & Dental | Ova Dent\",\"description\":\"Alanya Dentist &amp; Dental | Ova Dent\",\"publisher\":{\"@id\":\"https:\/\/ovadent.com\/#organization\"},\"potentialAction\":[{\"@type\":\"SearchAction\",\"target\":{\"@type\":\"EntryPoint\",\"urlTemplate\":\"https:\/\/ovadent.com\/?s={search_term_string}\"},\"query-input\":{\"@type\":\"PropertyValueSpecification\",\"valueRequired\":true,\"valueName\":\"search_term_string\"}}],\"inLanguage\":\"nb-NO\"},{\"@type\":\"Organization\",\"@id\":\"https:\/\/ovadent.com\/#organization\",\"name\":\"Alanya Dentist & Dental | Ova Dent\",\"url\":\"https:\/\/ovadent.com\/\",\"logo\":{\"@type\":\"ImageObject\",\"inLanguage\":\"nb-NO\",\"@id\":\"https:\/\/ovadent.com\/#\/schema\/logo\/image\/\",\"url\":\"https:\/\/ovadent.com\/wp-content\/uploads\/2024\/09\/Ovadent-Logo.png\",\"contentUrl\":\"https:\/\/ovadent.com\/wp-content\/uploads\/2024\/09\/Ovadent-Logo.png\",\"width\":1585,\"height\":586,\"caption\":\"Alanya Dentist & Dental | Ova Dent\"},\"image\":{\"@id\":\"https:\/\/ovadent.com\/#\/schema\/logo\/image\/\"}}]}<\/script>\n<!-- \/ Yoast SEO plugin. -->","yoast_head_json":{"title":"Alanya Dental Clinic - Expert Care at Ova Dent","description":"Discover top-quality dental care at Ova Dent, your trusted Alanya Dental Clinic. Offering preventive, cosmetic, and restorative treatments for local and international patients. Book now!","robots":{"index":"index","follow":"follow","max-snippet":"max-snippet:-1","max-image-preview":"max-image-preview:large","max-video-preview":"max-video-preview:-1"},"canonical":"https:\/\/ovadent.com\/nb\/alanya-dental-clinic-2\/","og_locale":"nb_NO","og_type":"article","og_title":"Alanya Dental Clinic - Expert Care at Ova Dent","og_description":"Discover top-quality dental care at Ova Dent, your trusted Alanya Dental Clinic. Offering preventive, cosmetic, and restorative treatments for local and international patients. Book now!","og_url":"https:\/\/ovadent.com\/nb\/alanya-dental-clinic-2\/","og_site_name":"Alanya Dentist &amp; Dental | Ova Dent","og_image":[{"width":1080,"height":1080,"url":"https:\/\/ovadent.com\/wp-content\/uploads\/2024\/10\/22-1.jpg","type":"image\/jpeg"}],"twitter_card":"summary_large_image","twitter_misc":{"Ansl. lesetid":"1 minutt"},"schema":{"@context":"https:\/\/schema.org","@graph":[{"@type":"WebPage","@id":"https:\/\/ovadent.com\/alanya-dental-clinic-2\/","url":"https:\/\/ovadent.com\/alanya-dental-clinic-2\/","name":"Alanya Dental Clinic - Expert Care at Ova Dent","isPartOf":{"@id":"https:\/\/ovadent.com\/#website"},"primaryImageOfPage":{"@id":"https:\/\/ovadent.com\/alanya-dental-clinic-2\/#primaryimage"},"image":{"@id":"https:\/\/ovadent.com\/alanya-dental-clinic-2\/#primaryimage"},"thumbnailUrl":"https:\/\/ovadent.com\/wp-content\/uploads\/2024\/10\/22-1.jpg","datePublished":"2024-11-22T20:32:08+00:00","dateModified":"2024-11-22T20:32:08+00:00","description":"Discover top-quality dental care at Ova Dent, your trusted Alanya Dental Clinic. Offering preventive, cosmetic, and restorative treatments for local and international patients. Book now!","breadcrumb":{"@id":"https:\/\/ovadent.com\/alanya-dental-clinic-2\/#breadcrumb"},"inLanguage":"nb-NO","potentialAction":[{"@type":"ReadAction","target":["https:\/\/ovadent.com\/alanya-dental-clinic-2\/"]}]},{"@type":"ImageObject","inLanguage":"nb-NO","@id":"https:\/\/ovadent.com\/alanya-dental-clinic-2\/#primaryimage","url":"https:\/\/ovadent.com\/wp-content\/uploads\/2024\/10\/22-1.jpg","contentUrl":"https:\/\/ovadent.com\/wp-content\/uploads\/2024\/10\/22-1.jpg","width":1080,"height":1080,"caption":"Alanya Dental Clinic"},{"@type":"BreadcrumbList","@id":"https:\/\/ovadent.com\/alanya-dental-clinic-2\/#breadcrumb","itemListElement":[{"@type":"ListItem","position":1,"name":"Anasayfa","item":"https:\/\/ovadent.com\/"},{"@type":"ListItem","position":2,"name":"Alanya Dental Clinic"}]},{"@type":"WebSite","@id":"https:\/\/ovadent.com\/#website","url":"https:\/\/ovadent.com\/","name":"Alanya Dentist & Dental | Ova Dent","description":"Alanya Dentist &amp; Dental | Ova Dent","publisher":{"@id":"https:\/\/ovadent.com\/#organization"},"potentialAction":[{"@type":"SearchAction","target":{"@type":"EntryPoint","urlTemplate":"https:\/\/ovadent.com\/?s={search_term_string}"},"query-input":{"@type":"PropertyValueSpecification","valueRequired":true,"valueName":"search_term_string"}}],"inLanguage":"nb-NO"},{"@type":"Organization","@id":"https:\/\/ovadent.com\/#organization","name":"Alanya Dentist & Dental | Ova Dent","url":"https:\/\/ovadent.com\/","logo":{"@type":"ImageObject","inLanguage":"nb-NO","@id":"https:\/\/ovadent.com\/#\/schema\/logo\/image\/","url":"https:\/\/ovadent.com\/wp-content\/uploads\/2024\/09\/Ovadent-Logo.png","contentUrl":"https:\/\/ovadent.com\/wp-content\/uploads\/2024\/09\/Ovadent-Logo.png","width":1585,"height":586,"caption":"Alanya Dentist & Dental | Ova Dent"},"image":{"@id":"https:\/\/ovadent.com\/#\/schema\/logo\/image\/"}}]}},"_links":{"self":[{"href":"https:\/\/ovadent.com\/nb\/wp-json\/wp\/v2\/pages\/2091","targetHints":{"allow":["GET"]}}],"collection":[{"href":"https:\/\/ovadent.com\/nb\/wp-json\/wp\/v2\/pages"}],"about":[{"href":"https:\/\/ovadent.com\/nb\/wp-json\/wp\/v2\/types\/page"}],"author":[{"embeddable":true,"href":"https:\/\/ovadent.com\/nb\/wp-json\/wp\/v2\/users\/1"}],"replies":[{"embeddable":true,"href":"https:\/\/ovadent.com\/nb\/wp-json\/wp\/v2\/comments?post=2091"}],"version-history":[{"count":1,"href":"https:\/\/ovadent.com\/nb\/wp-json\/wp\/v2\/pages\/2091\/revisions"}],"predecessor-version":[{"id":2092,"href":"https:\/\/ovadent.com\/nb\/wp-json\/wp\/v2\/pages\/2091\/revisions\/2092"}],"wp:featuredmedia":[{"embeddable":true,"href":"https:\/\/ovadent.com\/nb\/wp-json\/wp\/v2\/media\/2005"}],"wp:attachment":[{"href":"https:\/\/ovadent.com\/nb\/wp-json\/wp\/v2\/media?parent=2091"}],"curies":[{"name":"wp","href":"https:\/\/api.w.org\/{rel}","templated":true}]}}