{"id":2095,"date":"2024-11-22T23:34:49","date_gmt":"2024-11-22T20:34:49","guid":{"rendered":"https:\/\/ovadent.com\/?page_id=2095"},"modified":"2024-11-22T23:34:49","modified_gmt":"2024-11-22T20:34:49","slug":"alanya-dental-clinic-4","status":"publish","type":"page","link":"https:\/\/ovadent.com\/nb\/alanya-dental-clinic-4\/","title":{"rendered":"Alanya Tannklinikk"},"content":{"rendered":"<section data-bb-version=\"5.1.2\" id=\"bt_bb_section6a06266a9dab8\" class=\"bt_bb_section bt_bb_layout_boxed_1200\"  data-bt-override-class=\"null\"><div class=\"bt_bb_port\"><div class=\"bt_bb_cell\"><div class=\"bt_bb_cell_inner\"><div class=\"bt_bb_row\"  data-bt-override-class=\"{}\"><div class=\"bt_bb_row_holder\" ><div data-bb-version=\"5.1.2\"  class=\"bt_bb_column col-xxl-12 col-xl-12 col-xs-12 col-sm-12 col-md-12 col-lg-12 bt_bb_vertical_align_top bt_bb_align_left bt_bb_padding_normal\"  data-width=\"12\" data-bt-override-class=\"{}\"><div class=\"bt_bb_column_content\"><header data-bb-version=\"5.1.2\" class=\"bt_bb_headline bt_bb_dash_none bt_bb_size_inherit bt_bb_align_inherit bt_bb_dash_type_none\" data-bt-override-class=\"{&quot;bt_bb_size_&quot;:{&quot;current_class&quot;:&quot;bt_bb_size_inherit&quot;,&quot;xxl&quot;:&quot;inherit&quot;},&quot;bt_bb_align_&quot;:{&quot;current_class&quot;:&quot;bt_bb_align_inherit&quot;,&quot;xxl&quot;:&quot;inherit&quot;}}\"><h1 class=\"bt_bb_headline_tag\"><span class=\"bt_bb_headline_content\"><span>Alanya tannklinikk - Ekspert tannlegetjenester hos Ova Dent<\/span><\/span><\/h1><\/header><div data-bb-version=\"5.1.2\"  class=\"bt_bb_text\" ><\/p>\n<h3>Alanya tannklinikk: Eksepsjonell tannpleie ved Ova Dent<\/h3>\n<h4>Velkommen til Ova Dent \u2013 Din fremste tannklinikk i Alanya<\/h4>\n<p>Hvis du leter etter en p\u00e5litelig <strong>&quot;Alanya tannklinikk,&quot;<\/strong> Ova Dent er her for \u00e5 tilby tannbehandling i verdensklasse for b\u00e5de lokale og internasjonale pasienter. Med avansert teknologi og et team av dyktige fagfolk er vi opptatt av \u00e5 sikre at du oppn\u00e5r optimal munnhelse og et selvsikkert smil.<\/p>\n<h4>Hvorfor velge Ova Dent?<\/h4>\n<h5>Erfarne tannleger<\/h5>\n<p>V\u00e5rt team av erfarne tannleger og spesialister tilbyr ekspertbehandling innen alle omr\u00e5der av tannbehandling. Fra enkle kontroller til komplekse restaurerende behandlinger, er Ova Dent dedikert til \u00e5 levere resultater av topp kvalitet.<\/p>\n<h5>State-of-the-art fasiliteter<\/h5>\n<p>Hos Ova Dent bruker vi banebrytende tannteknologi, inkludert digital avbildning, lasertannbehandling og moderne steriliseringssystemer. Dette sikrer presis diagnostikk, effektive behandlinger og en komfortabel opplevelse for pasientene v\u00e5re.<\/p>\n<h5>Personlig pleie<\/h5>\n<p>Hver pasient er unik, og det samme er behandlingsplanen deres. Vi prioriterer dine individuelle behov og tilbyr skreddersydd behandling for \u00e5 oppn\u00e5 best mulig resultat i et innbydende milj\u00f8.<\/p>\n<h4>Tjenester tilbys hos Ova Dent<\/h4>\n<h5>Forebyggende tannbehandling<\/h5>\n<p>Beskytt tennene og tannkj\u00f8ttet ditt med v\u00e5re forebyggende tjenester, inkludert rutinemessige kontroller, profesjonell rengj\u00f8ring og fluorbehandling. Forebygging er grunnlaget for et liv med sunne smil.<\/p>\n<h5>Kosmetisk tannbehandling<\/h5>\n<p>Forbedre smilet ditt med v\u00e5rt utvalg av kosmetiske behandlinger, som tannbleking, porselensfasetter og smilforvandling. Hos Ova Dent hjelper vi deg med \u00e5 oppn\u00e5 et vakkert og selvsikkert smil.<\/p>\n<h5>Restorativ tannbehandling<\/h5>\n<p>Restaurer skadede eller manglende tenner med v\u00e5re restaurerende l\u00f8sninger, inkludert tannimplantater, kroner og broer. Behandlingene v\u00e5re er utformet for \u00e5 v\u00e6re holdbare, funksjonelle og estetisk tiltalende.<\/p>\n<h5>Kjeveortopedi<\/h5>\n<p>Rett tennene dine og forbedre bittet ditt med v\u00e5re kjeveortopediske tjenester, inkludert gjennomsiktige tannreguleringer og tradisjonell tannregulering. Ova Dent tilbyr skreddersydde l\u00f8sninger for b\u00e5de barn og voksne.<\/p>\n<h5>Akutt tannbehandling<\/h5>\n<p>Tannlegekriser kan oppst\u00e5 n\u00e5r som helst. Ova Dent tilbyr rask og effektiv behandling for tannpine, \u00f8delagte tenner og andre presserende tannproblemer.<\/p>\n<h4>Tannturisme hos Ova Dent<\/h4>\n<p>Alanya har blitt et toppreisem\u00e5l for tannturisme, takket v\u00e6re kombinasjonen av behandlinger av h\u00f8y kvalitet og rimelige priser. Hos Ova Dent \u00f8nsker vi internasjonale pasienter velkommen og tilbyr omfattende behandling i et komfortabelt, flerspr\u00e5klig milj\u00f8. Som en ledende <strong>&quot;Alanya tannklinikk,&quot;<\/strong> Vi s\u00f8rger for at tannlegeopplevelsen din blir problemfri og stressfri.<\/p>\n<h4>Ofte stilte sp\u00f8rsm\u00e5l<\/h4>\n<h5>Hva gj\u00f8r Ova Dent til en ledende tannklinikk i Alanya?<\/h5>\n<p>Ova Dent kombinerer ekspertise, avansert teknologi og en pasientfokusert tiln\u00e6rming for \u00e5 tilby eksepsjonell tannpleie.<\/p>\n<h5>Im\u00f8tekommer du internasjonale pasienter?<\/h5>\n<p>Ja, vi spesialiserer oss p\u00e5 \u00e5 betjene internasjonale pasienter, gi dem behandling av h\u00f8y kvalitet og s\u00f8rge for problemfri kommunikasjon.<\/p>\n<h5>Kan jeg f\u00e5 en tilpasset behandlingsplan?<\/h5>\n<p>Absolutt. Vi utformer personlige behandlingsplaner for \u00e5 m\u00f8te de spesifikke behovene og m\u00e5lene til hver pasient.<\/p>\n<h4>Bes\u00f8k Ova Dent \u2013 Din p\u00e5litelige tannklinikk i Alanya<\/h4>\n<p>Enten du trenger rutinemessig tannpleie, kosmetiske forbedringer eller akuttbehandlinger, er Ova Dent din p\u00e5litelige partner for alle dine behov innen munnhelse. Kontakt oss i dag for \u00e5 avtale time og oppdag hvorfor vi er den foretrukne. <strong>\u201cAlanya tannklinikk\u201d<\/strong> for s\u00e5 mange.<\/p>\n<p>\n<\/div><\/div><\/div><\/div><\/div><\/div><!-- cell_inner --><\/div><!-- cell --><\/div><!-- port --><\/section>","protected":false},"excerpt":{"rendered":"","protected":false},"author":1,"featured_media":2011,"parent":0,"menu_order":0,"comment_status":"closed","ping_status":"closed","template":"","meta":{"footnotes":""},"class_list":["post-2095","page","type-page","status-publish","has-post-thumbnail","hentry"],"yoast_head":"<!-- This site is optimized with the Yoast SEO plugin v23.4 - https:\/\/yoast.com\/wordpress\/plugins\/seo\/ -->\n<title>Alanya Dental Clinic - Expert Dental Services at Ova Dent<\/title>\n<meta name=\"description\" content=\"Ova Dent, a top Alanya Dental Clinic, offers expert preventive, cosmetic, and restorative dental care for local and international patients. Book your appointment today!\" \/>\n<meta name=\"robots\" content=\"index, follow, max-snippet:-1, max-image-preview:large, max-video-preview:-1\" \/>\n<link rel=\"canonical\" href=\"https:\/\/ovadent.com\/nb\/alanya-dental-clinic-4\/\" \/>\n<meta property=\"og:locale\" content=\"nb_NO\" \/>\n<meta property=\"og:type\" content=\"article\" \/>\n<meta property=\"og:title\" content=\"Alanya Dental Clinic - Expert Dental Services at Ova Dent\" \/>\n<meta property=\"og:description\" content=\"Ova Dent, a top Alanya Dental Clinic, offers expert preventive, cosmetic, and restorative dental care for local and international patients. Book your appointment today!\" \/>\n<meta property=\"og:url\" content=\"https:\/\/ovadent.com\/nb\/alanya-dental-clinic-4\/\" \/>\n<meta property=\"og:site_name\" content=\"Alanya Dentist &amp; Dental | Ova Dent\" \/>\n<meta property=\"og:image\" content=\"https:\/\/ovadent.com\/wp-content\/uploads\/2024\/10\/24-1.jpg\" \/>\n\t<meta property=\"og:image:width\" content=\"1080\" \/>\n\t<meta property=\"og:image:height\" content=\"1080\" \/>\n\t<meta property=\"og:image:type\" content=\"image\/jpeg\" \/>\n<meta name=\"twitter:card\" content=\"summary_large_image\" \/>\n<meta name=\"twitter:label1\" content=\"Ansl. lesetid\" \/>\n\t<meta name=\"twitter:data1\" content=\"1 minutt\" \/>\n<script type=\"application\/ld+json\" class=\"yoast-schema-graph\">{\"@context\":\"https:\/\/schema.org\",\"@graph\":[{\"@type\":\"WebPage\",\"@id\":\"https:\/\/ovadent.com\/alanya-dental-clinic-4\/\",\"url\":\"https:\/\/ovadent.com\/alanya-dental-clinic-4\/\",\"name\":\"Alanya Dental Clinic - Expert Dental Services at Ova Dent\",\"isPartOf\":{\"@id\":\"https:\/\/ovadent.com\/#website\"},\"primaryImageOfPage\":{\"@id\":\"https:\/\/ovadent.com\/alanya-dental-clinic-4\/#primaryimage\"},\"image\":{\"@id\":\"https:\/\/ovadent.com\/alanya-dental-clinic-4\/#primaryimage\"},\"thumbnailUrl\":\"https:\/\/ovadent.com\/wp-content\/uploads\/2024\/10\/24-1.jpg\",\"datePublished\":\"2024-11-22T20:34:49+00:00\",\"dateModified\":\"2024-11-22T20:34:49+00:00\",\"description\":\"Ova Dent, a top Alanya Dental Clinic, offers expert preventive, cosmetic, and restorative dental care for local and international patients. Book your appointment today!\",\"breadcrumb\":{\"@id\":\"https:\/\/ovadent.com\/alanya-dental-clinic-4\/#breadcrumb\"},\"inLanguage\":\"nb-NO\",\"potentialAction\":[{\"@type\":\"ReadAction\",\"target\":[\"https:\/\/ovadent.com\/alanya-dental-clinic-4\/\"]}]},{\"@type\":\"ImageObject\",\"inLanguage\":\"nb-NO\",\"@id\":\"https:\/\/ovadent.com\/alanya-dental-clinic-4\/#primaryimage\",\"url\":\"https:\/\/ovadent.com\/wp-content\/uploads\/2024\/10\/24-1.jpg\",\"contentUrl\":\"https:\/\/ovadent.com\/wp-content\/uploads\/2024\/10\/24-1.jpg\",\"width\":1080,\"height\":1080,\"caption\":\"Alanya Dental Clinic\"},{\"@type\":\"BreadcrumbList\",\"@id\":\"https:\/\/ovadent.com\/alanya-dental-clinic-4\/#breadcrumb\",\"itemListElement\":[{\"@type\":\"ListItem\",\"position\":1,\"name\":\"Anasayfa\",\"item\":\"https:\/\/ovadent.com\/\"},{\"@type\":\"ListItem\",\"position\":2,\"name\":\"Alanya Dental Clinic\"}]},{\"@type\":\"WebSite\",\"@id\":\"https:\/\/ovadent.com\/#website\",\"url\":\"https:\/\/ovadent.com\/\",\"name\":\"Alanya Dentist & Dental | Ova Dent\",\"description\":\"Alanya Dentist &amp; Dental | Ova Dent\",\"publisher\":{\"@id\":\"https:\/\/ovadent.com\/#organization\"},\"potentialAction\":[{\"@type\":\"SearchAction\",\"target\":{\"@type\":\"EntryPoint\",\"urlTemplate\":\"https:\/\/ovadent.com\/?s={search_term_string}\"},\"query-input\":{\"@type\":\"PropertyValueSpecification\",\"valueRequired\":true,\"valueName\":\"search_term_string\"}}],\"inLanguage\":\"nb-NO\"},{\"@type\":\"Organization\",\"@id\":\"https:\/\/ovadent.com\/#organization\",\"name\":\"Alanya Dentist & Dental | Ova Dent\",\"url\":\"https:\/\/ovadent.com\/\",\"logo\":{\"@type\":\"ImageObject\",\"inLanguage\":\"nb-NO\",\"@id\":\"https:\/\/ovadent.com\/#\/schema\/logo\/image\/\",\"url\":\"https:\/\/ovadent.com\/wp-content\/uploads\/2024\/09\/Ovadent-Logo.png\",\"contentUrl\":\"https:\/\/ovadent.com\/wp-content\/uploads\/2024\/09\/Ovadent-Logo.png\",\"width\":1585,\"height\":586,\"caption\":\"Alanya Dentist & Dental | Ova Dent\"},\"image\":{\"@id\":\"https:\/\/ovadent.com\/#\/schema\/logo\/image\/\"}}]}<\/script>\n<!-- \/ Yoast SEO plugin. -->","yoast_head_json":{"title":"Alanya Dental Clinic - Expert Dental Services at Ova Dent","description":"Ova Dent, a top Alanya Dental Clinic, offers expert preventive, cosmetic, and restorative dental care for local and international patients. Book your appointment today!","robots":{"index":"index","follow":"follow","max-snippet":"max-snippet:-1","max-image-preview":"max-image-preview:large","max-video-preview":"max-video-preview:-1"},"canonical":"https:\/\/ovadent.com\/nb\/alanya-dental-clinic-4\/","og_locale":"nb_NO","og_type":"article","og_title":"Alanya Dental Clinic - Expert Dental Services at Ova Dent","og_description":"Ova Dent, a top Alanya Dental Clinic, offers expert preventive, cosmetic, and restorative dental care for local and international patients. Book your appointment today!","og_url":"https:\/\/ovadent.com\/nb\/alanya-dental-clinic-4\/","og_site_name":"Alanya Dentist &amp; Dental | Ova Dent","og_image":[{"width":1080,"height":1080,"url":"https:\/\/ovadent.com\/wp-content\/uploads\/2024\/10\/24-1.jpg","type":"image\/jpeg"}],"twitter_card":"summary_large_image","twitter_misc":{"Ansl. lesetid":"1 minutt"},"schema":{"@context":"https:\/\/schema.org","@graph":[{"@type":"WebPage","@id":"https:\/\/ovadent.com\/alanya-dental-clinic-4\/","url":"https:\/\/ovadent.com\/alanya-dental-clinic-4\/","name":"Alanya Dental Clinic - Expert Dental Services at Ova Dent","isPartOf":{"@id":"https:\/\/ovadent.com\/#website"},"primaryImageOfPage":{"@id":"https:\/\/ovadent.com\/alanya-dental-clinic-4\/#primaryimage"},"image":{"@id":"https:\/\/ovadent.com\/alanya-dental-clinic-4\/#primaryimage"},"thumbnailUrl":"https:\/\/ovadent.com\/wp-content\/uploads\/2024\/10\/24-1.jpg","datePublished":"2024-11-22T20:34:49+00:00","dateModified":"2024-11-22T20:34:49+00:00","description":"Ova Dent, a top Alanya Dental Clinic, offers expert preventive, cosmetic, and restorative dental care for local and international patients. Book your appointment today!","breadcrumb":{"@id":"https:\/\/ovadent.com\/alanya-dental-clinic-4\/#breadcrumb"},"inLanguage":"nb-NO","potentialAction":[{"@type":"ReadAction","target":["https:\/\/ovadent.com\/alanya-dental-clinic-4\/"]}]},{"@type":"ImageObject","inLanguage":"nb-NO","@id":"https:\/\/ovadent.com\/alanya-dental-clinic-4\/#primaryimage","url":"https:\/\/ovadent.com\/wp-content\/uploads\/2024\/10\/24-1.jpg","contentUrl":"https:\/\/ovadent.com\/wp-content\/uploads\/2024\/10\/24-1.jpg","width":1080,"height":1080,"caption":"Alanya Dental Clinic"},{"@type":"BreadcrumbList","@id":"https:\/\/ovadent.com\/alanya-dental-clinic-4\/#breadcrumb","itemListElement":[{"@type":"ListItem","position":1,"name":"Anasayfa","item":"https:\/\/ovadent.com\/"},{"@type":"ListItem","position":2,"name":"Alanya Dental Clinic"}]},{"@type":"WebSite","@id":"https:\/\/ovadent.com\/#website","url":"https:\/\/ovadent.com\/","name":"Alanya Dentist & Dental | Ova Dent","description":"Alanya Dentist &amp; Dental | Ova Dent","publisher":{"@id":"https:\/\/ovadent.com\/#organization"},"potentialAction":[{"@type":"SearchAction","target":{"@type":"EntryPoint","urlTemplate":"https:\/\/ovadent.com\/?s={search_term_string}"},"query-input":{"@type":"PropertyValueSpecification","valueRequired":true,"valueName":"search_term_string"}}],"inLanguage":"nb-NO"},{"@type":"Organization","@id":"https:\/\/ovadent.com\/#organization","name":"Alanya Dentist & Dental | Ova Dent","url":"https:\/\/ovadent.com\/","logo":{"@type":"ImageObject","inLanguage":"nb-NO","@id":"https:\/\/ovadent.com\/#\/schema\/logo\/image\/","url":"https:\/\/ovadent.com\/wp-content\/uploads\/2024\/09\/Ovadent-Logo.png","contentUrl":"https:\/\/ovadent.com\/wp-content\/uploads\/2024\/09\/Ovadent-Logo.png","width":1585,"height":586,"caption":"Alanya Dentist & Dental | Ova Dent"},"image":{"@id":"https:\/\/ovadent.com\/#\/schema\/logo\/image\/"}}]}},"_links":{"self":[{"href":"https:\/\/ovadent.com\/nb\/wp-json\/wp\/v2\/pages\/2095","targetHints":{"allow":["GET"]}}],"collection":[{"href":"https:\/\/ovadent.com\/nb\/wp-json\/wp\/v2\/pages"}],"about":[{"href":"https:\/\/ovadent.com\/nb\/wp-json\/wp\/v2\/types\/page"}],"author":[{"embeddable":true,"href":"https:\/\/ovadent.com\/nb\/wp-json\/wp\/v2\/users\/1"}],"replies":[{"embeddable":true,"href":"https:\/\/ovadent.com\/nb\/wp-json\/wp\/v2\/comments?post=2095"}],"version-history":[{"count":1,"href":"https:\/\/ovadent.com\/nb\/wp-json\/wp\/v2\/pages\/2095\/revisions"}],"predecessor-version":[{"id":2096,"href":"https:\/\/ovadent.com\/nb\/wp-json\/wp\/v2\/pages\/2095\/revisions\/2096"}],"wp:featuredmedia":[{"embeddable":true,"href":"https:\/\/ovadent.com\/nb\/wp-json\/wp\/v2\/media\/2011"}],"wp:attachment":[{"href":"https:\/\/ovadent.com\/nb\/wp-json\/wp\/v2\/media?parent=2095"}],"curies":[{"name":"wp","href":"https:\/\/api.w.org\/{rel}","templated":true}]}}