{"id":2097,"date":"2024-11-22T23:35:59","date_gmt":"2024-11-22T20:35:59","guid":{"rendered":"https:\/\/ovadent.com\/?page_id=2097"},"modified":"2024-11-22T23:35:59","modified_gmt":"2024-11-22T20:35:59","slug":"alanya-dental-clinic-5","status":"publish","type":"page","link":"https:\/\/ovadent.com\/nb\/alanya-dental-clinic-5\/","title":{"rendered":"Alanya Tannklinikk"},"content":{"rendered":"<section data-bb-version=\"5.1.2\" id=\"bt_bb_section69e62352b9ffc\" class=\"bt_bb_section bt_bb_layout_boxed_1200\"  data-bt-override-class=\"null\"><div class=\"bt_bb_port\"><div class=\"bt_bb_cell\"><div class=\"bt_bb_cell_inner\"><div class=\"bt_bb_row\"  data-bt-override-class=\"{}\"><div class=\"bt_bb_row_holder\" ><div data-bb-version=\"5.1.2\"  class=\"bt_bb_column col-xxl-12 col-xl-12 col-xs-12 col-sm-12 col-md-12 col-lg-12 bt_bb_vertical_align_top bt_bb_align_left bt_bb_padding_normal\"  data-width=\"12\" data-bt-override-class=\"{}\"><div class=\"bt_bb_column_content\"><header data-bb-version=\"5.1.2\" class=\"bt_bb_headline bt_bb_dash_none bt_bb_size_inherit bt_bb_align_inherit bt_bb_dash_type_none\" data-bt-override-class=\"{&quot;bt_bb_size_&quot;:{&quot;current_class&quot;:&quot;bt_bb_size_inherit&quot;,&quot;xxl&quot;:&quot;inherit&quot;},&quot;bt_bb_align_&quot;:{&quot;current_class&quot;:&quot;bt_bb_align_inherit&quot;,&quot;xxl&quot;:&quot;inherit&quot;}}\"><h1 class=\"bt_bb_headline_tag\"><span class=\"bt_bb_headline_content\"><span>Alanya tannklinikk - Premium tannpleie hos Ova Dent<\/span><\/span><\/h1><\/header><div data-bb-version=\"5.1.2\"  class=\"bt_bb_text\" ><\/p>\n<h3>Alanya tannklinikk: Premium tannpleie ved Ova Dent<\/h3>\n<h4>Oppdag eksepsjonelle tannlegetjenester hos Ova Dent<\/h4>\n<p>S\u00f8ker etter en p\u00e5litelig <strong>\u201cAlanya tannklinikk\u201d<\/strong>? Se ikke lenger enn til Ova Dent. Vi er dedikert til \u00e5 tilby tannpleie i verdensklasse for b\u00e5de lokale og internasjonale pasienter. Med en pasientsentrert tiln\u00e6rming og banebrytende teknologi, sikrer Ova Dent at din munnhelse og selvtillit er i eksperthender.<\/p>\n<h4>Hvorfor velge Ova Dent?<\/h4>\n<h5>Kompetanse og profesjonalitet<\/h5>\n<p>Hos Ova Dent har v\u00e5rt team av erfarne tannleger spesialisert seg p\u00e5 et bredt spekter av tannbehandlinger. Fra rutinekontroller til avanserte kosmetiske prosedyrer, sikrer vi pleie av topp kvalitet tilpasset dine behov.<\/p>\n<h5>State-of-the-art teknologi<\/h5>\n<p>Utstyrt med den nyeste tannteknologien tilbyr Ova Dent presisjon, effektivitet og komfort. Fra digital bildebehandling til avansert sterilisering, vi prioriterer din helse og sikkerhet ved hvert trinn.<\/p>\n<h5>Personlig pleie<\/h5>\n<p>Hvert smil er unikt, og det samme er behandlingsplanene v\u00e5re. Vi tilbyr personlig pleie som dekker dine spesifikke tannproblemer og hjelper deg med \u00e5 oppn\u00e5 \u00f8nsket resultat.<\/p>\n<h4>Omfattende tjenester hos Ova Dent<\/h4>\n<h5>Forebyggende tannbehandling<\/h5>\n<p>Oppretthold et sunt smil med regelmessige kontroller, profesjonelle rengj\u00f8ringer og beskyttende behandlinger. Forebygging er hj\u00f8rnesteinen i livslang munnhelse.<\/p>\n<h5>Kosmetisk tannbehandling<\/h5>\n<p>Forbedre smilet ditt med kosmetiske behandlinger som tannbleking, fin\u00e9r og komplette smilefornyelser. Ova Dent hjelper deg \u00e5 oppn\u00e5 et str\u00e5lende, selvsikkert smil.<\/p>\n<h5>Restorativ tannbehandling<\/h5>\n<p>Gjenopprett funksjonen og utseendet til tennene dine med v\u00e5re restaurerende l\u00f8sninger, inkludert kroner, broer og tannimplantater. V\u00e5re behandlinger er holdbare og designet for naturlig estetikk.<\/p>\n<h5>Kjeveortopedi<\/h5>\n<p>Rett tennene og forbedre bittet med kjeveortopedisk l\u00f8sninger, inkludert tradisjonelle tannreguleringer og klare aligners. Vi tilbyr tilpasset behandling for pasienter i alle aldre.<\/p>\n<h5>Akutt tannbehandling<\/h5>\n<p>Tannlegetilfeller krever umiddelbar oppmerksomhet, og Ova Dent er her for \u00e5 hjelpe. Enten det er en sterk tannpine, en brukket tann eller en tapt fylling, gir vi umiddelbar og effektiv pleie.<\/p>\n<h4>Tannlegeturisme i Alanya<\/h4>\n<p>Alanya er kjent som et tannturismedestinasjon, som kombinerer pleie av topp kvalitet med konkurransedyktige priser. Hos Ova Dent \u00f8nsker vi internasjonale pasienter velkommen og gir en s\u00f8ml\u00f8s opplevelse med flerspr\u00e5klig st\u00f8tte og moderne fasiliteter. Som en betrodd <strong>&quot;Alanya tannklinikk,&quot;<\/strong> vi s\u00f8rger for at din tanntur er jevn og stressfri.<\/p>\n<h4>Ofte stilte sp\u00f8rsm\u00e5l<\/h4>\n<h5>Hvilke tjenester tilbyr Ova Dent?<\/h5>\n<p>Vi tilbyr forebyggende, kosmetiske, restaurerende og akutte tannlegetjenester skreddersydd for \u00e5 m\u00f8te behovene til hver pasient.<\/p>\n<h5>Kan internasjonale pasienter bestille avtaler enkelt?<\/h5>\n<p>Ja, vi spesialiserer oss p\u00e5 \u00e5 im\u00f8tekomme internasjonale pasienter, og tilbyr s\u00f8ml\u00f8s kommunikasjon og personlig pleie.<\/p>\n<h5>Gir du tilpassede behandlingsplaner?<\/h5>\n<p>Absolutt. Hos Ova Dent er hver behandlingsplan skreddersydd for \u00e5 m\u00f8te de unike behovene og m\u00e5lene til v\u00e5re pasienter.<\/p>\n<h4>Kontakt Ova Dent \u2013 Din betrodde Alanya tannklinikk<\/h4>\n<p>Som premier <strong>&quot;Alanya tannklinikk,&quot;<\/strong> Ova Dent er dedikert til \u00e5 gi eksepsjonell tannpleie for alle dine munnhelsebehov. Enten du leter etter rutinemessig pleie eller en fullstendig smileforvandling, er teamet v\u00e5rt her for \u00e5 hjelpe. Bestill time i dag og opplev Ova Dent-forskjellen.<\/p>\n<p>\n<\/div><\/div><\/div><\/div><\/div><\/div><!-- cell_inner --><\/div><!-- cell --><\/div><!-- port --><\/section>","protected":false},"excerpt":{"rendered":"","protected":false},"author":1,"featured_media":2020,"parent":0,"menu_order":0,"comment_status":"closed","ping_status":"closed","template":"","meta":{"footnotes":""},"class_list":["post-2097","page","type-page","status-publish","has-post-thumbnail","hentry"],"yoast_head":"<!-- This site is optimized with the Yoast SEO plugin v23.4 - https:\/\/yoast.com\/wordpress\/plugins\/seo\/ -->\n<title>Alanya Dental Clinic - Premium Dental Care at Ova Dent<\/title>\n<meta name=\"description\" content=\"Discover top-quality dental care at Ova Dent, your trusted Alanya Dental Clinic. Offering expert preventive, cosmetic, and restorative services for local and international patients. Book now!\" \/>\n<meta name=\"robots\" content=\"index, follow, max-snippet:-1, max-image-preview:large, max-video-preview:-1\" \/>\n<link rel=\"canonical\" href=\"https:\/\/ovadent.com\/nb\/alanya-dental-clinic-5\/\" \/>\n<meta property=\"og:locale\" content=\"nb_NO\" \/>\n<meta property=\"og:type\" content=\"article\" \/>\n<meta property=\"og:title\" content=\"Alanya Dental Clinic - Premium Dental Care at Ova Dent\" \/>\n<meta property=\"og:description\" content=\"Discover top-quality dental care at Ova Dent, your trusted Alanya Dental Clinic. Offering expert preventive, cosmetic, and restorative services for local and international patients. Book now!\" \/>\n<meta property=\"og:url\" content=\"https:\/\/ovadent.com\/nb\/alanya-dental-clinic-5\/\" \/>\n<meta property=\"og:site_name\" content=\"Alanya Dentist &amp; Dental | Ova Dent\" \/>\n<meta property=\"og:image\" content=\"https:\/\/ovadent.com\/wp-content\/uploads\/2024\/10\/27-1.jpg\" \/>\n\t<meta property=\"og:image:width\" content=\"1080\" \/>\n\t<meta property=\"og:image:height\" content=\"1080\" \/>\n\t<meta property=\"og:image:type\" content=\"image\/jpeg\" \/>\n<meta name=\"twitter:card\" content=\"summary_large_image\" \/>\n<meta name=\"twitter:label1\" content=\"Ansl. lesetid\" \/>\n\t<meta name=\"twitter:data1\" content=\"1 minutt\" \/>\n<script type=\"application\/ld+json\" class=\"yoast-schema-graph\">{\"@context\":\"https:\/\/schema.org\",\"@graph\":[{\"@type\":\"WebPage\",\"@id\":\"https:\/\/ovadent.com\/alanya-dental-clinic-5\/\",\"url\":\"https:\/\/ovadent.com\/alanya-dental-clinic-5\/\",\"name\":\"Alanya Dental Clinic - Premium Dental Care at Ova Dent\",\"isPartOf\":{\"@id\":\"https:\/\/ovadent.com\/#website\"},\"primaryImageOfPage\":{\"@id\":\"https:\/\/ovadent.com\/alanya-dental-clinic-5\/#primaryimage\"},\"image\":{\"@id\":\"https:\/\/ovadent.com\/alanya-dental-clinic-5\/#primaryimage\"},\"thumbnailUrl\":\"https:\/\/ovadent.com\/wp-content\/uploads\/2024\/10\/27-1.jpg\",\"datePublished\":\"2024-11-22T20:35:59+00:00\",\"dateModified\":\"2024-11-22T20:35:59+00:00\",\"description\":\"Discover top-quality dental care at Ova Dent, your trusted Alanya Dental Clinic. Offering expert preventive, cosmetic, and restorative services for local and international patients. Book now!\",\"breadcrumb\":{\"@id\":\"https:\/\/ovadent.com\/alanya-dental-clinic-5\/#breadcrumb\"},\"inLanguage\":\"nb-NO\",\"potentialAction\":[{\"@type\":\"ReadAction\",\"target\":[\"https:\/\/ovadent.com\/alanya-dental-clinic-5\/\"]}]},{\"@type\":\"ImageObject\",\"inLanguage\":\"nb-NO\",\"@id\":\"https:\/\/ovadent.com\/alanya-dental-clinic-5\/#primaryimage\",\"url\":\"https:\/\/ovadent.com\/wp-content\/uploads\/2024\/10\/27-1.jpg\",\"contentUrl\":\"https:\/\/ovadent.com\/wp-content\/uploads\/2024\/10\/27-1.jpg\",\"width\":1080,\"height\":1080,\"caption\":\"Dental Clinic in Alanya\"},{\"@type\":\"BreadcrumbList\",\"@id\":\"https:\/\/ovadent.com\/alanya-dental-clinic-5\/#breadcrumb\",\"itemListElement\":[{\"@type\":\"ListItem\",\"position\":1,\"name\":\"Anasayfa\",\"item\":\"https:\/\/ovadent.com\/\"},{\"@type\":\"ListItem\",\"position\":2,\"name\":\"Alanya Dental Clinic\"}]},{\"@type\":\"WebSite\",\"@id\":\"https:\/\/ovadent.com\/#website\",\"url\":\"https:\/\/ovadent.com\/\",\"name\":\"Alanya Dentist & Dental | Ova Dent\",\"description\":\"Alanya Dentist &amp; Dental | Ova Dent\",\"publisher\":{\"@id\":\"https:\/\/ovadent.com\/#organization\"},\"potentialAction\":[{\"@type\":\"SearchAction\",\"target\":{\"@type\":\"EntryPoint\",\"urlTemplate\":\"https:\/\/ovadent.com\/?s={search_term_string}\"},\"query-input\":{\"@type\":\"PropertyValueSpecification\",\"valueRequired\":true,\"valueName\":\"search_term_string\"}}],\"inLanguage\":\"nb-NO\"},{\"@type\":\"Organization\",\"@id\":\"https:\/\/ovadent.com\/#organization\",\"name\":\"Alanya Dentist & Dental | Ova Dent\",\"url\":\"https:\/\/ovadent.com\/\",\"logo\":{\"@type\":\"ImageObject\",\"inLanguage\":\"nb-NO\",\"@id\":\"https:\/\/ovadent.com\/#\/schema\/logo\/image\/\",\"url\":\"https:\/\/ovadent.com\/wp-content\/uploads\/2024\/09\/Ovadent-Logo.png\",\"contentUrl\":\"https:\/\/ovadent.com\/wp-content\/uploads\/2024\/09\/Ovadent-Logo.png\",\"width\":1585,\"height\":586,\"caption\":\"Alanya Dentist & Dental | Ova Dent\"},\"image\":{\"@id\":\"https:\/\/ovadent.com\/#\/schema\/logo\/image\/\"}}]}<\/script>\n<!-- \/ Yoast SEO plugin. -->","yoast_head_json":{"title":"Alanya Dental Clinic - Premium Dental Care at Ova Dent","description":"Discover top-quality dental care at Ova Dent, your trusted Alanya Dental Clinic. Offering expert preventive, cosmetic, and restorative services for local and international patients. Book now!","robots":{"index":"index","follow":"follow","max-snippet":"max-snippet:-1","max-image-preview":"max-image-preview:large","max-video-preview":"max-video-preview:-1"},"canonical":"https:\/\/ovadent.com\/nb\/alanya-dental-clinic-5\/","og_locale":"nb_NO","og_type":"article","og_title":"Alanya Dental Clinic - Premium Dental Care at Ova Dent","og_description":"Discover top-quality dental care at Ova Dent, your trusted Alanya Dental Clinic. Offering expert preventive, cosmetic, and restorative services for local and international patients. Book now!","og_url":"https:\/\/ovadent.com\/nb\/alanya-dental-clinic-5\/","og_site_name":"Alanya Dentist &amp; Dental | Ova Dent","og_image":[{"width":1080,"height":1080,"url":"https:\/\/ovadent.com\/wp-content\/uploads\/2024\/10\/27-1.jpg","type":"image\/jpeg"}],"twitter_card":"summary_large_image","twitter_misc":{"Ansl. lesetid":"1 minutt"},"schema":{"@context":"https:\/\/schema.org","@graph":[{"@type":"WebPage","@id":"https:\/\/ovadent.com\/alanya-dental-clinic-5\/","url":"https:\/\/ovadent.com\/alanya-dental-clinic-5\/","name":"Alanya Dental Clinic - Premium Dental Care at Ova Dent","isPartOf":{"@id":"https:\/\/ovadent.com\/#website"},"primaryImageOfPage":{"@id":"https:\/\/ovadent.com\/alanya-dental-clinic-5\/#primaryimage"},"image":{"@id":"https:\/\/ovadent.com\/alanya-dental-clinic-5\/#primaryimage"},"thumbnailUrl":"https:\/\/ovadent.com\/wp-content\/uploads\/2024\/10\/27-1.jpg","datePublished":"2024-11-22T20:35:59+00:00","dateModified":"2024-11-22T20:35:59+00:00","description":"Discover top-quality dental care at Ova Dent, your trusted Alanya Dental Clinic. Offering expert preventive, cosmetic, and restorative services for local and international patients. Book now!","breadcrumb":{"@id":"https:\/\/ovadent.com\/alanya-dental-clinic-5\/#breadcrumb"},"inLanguage":"nb-NO","potentialAction":[{"@type":"ReadAction","target":["https:\/\/ovadent.com\/alanya-dental-clinic-5\/"]}]},{"@type":"ImageObject","inLanguage":"nb-NO","@id":"https:\/\/ovadent.com\/alanya-dental-clinic-5\/#primaryimage","url":"https:\/\/ovadent.com\/wp-content\/uploads\/2024\/10\/27-1.jpg","contentUrl":"https:\/\/ovadent.com\/wp-content\/uploads\/2024\/10\/27-1.jpg","width":1080,"height":1080,"caption":"Dental Clinic in Alanya"},{"@type":"BreadcrumbList","@id":"https:\/\/ovadent.com\/alanya-dental-clinic-5\/#breadcrumb","itemListElement":[{"@type":"ListItem","position":1,"name":"Anasayfa","item":"https:\/\/ovadent.com\/"},{"@type":"ListItem","position":2,"name":"Alanya Dental Clinic"}]},{"@type":"WebSite","@id":"https:\/\/ovadent.com\/#website","url":"https:\/\/ovadent.com\/","name":"Alanya Dentist & Dental | Ova Dent","description":"Alanya Dentist &amp; Dental | Ova Dent","publisher":{"@id":"https:\/\/ovadent.com\/#organization"},"potentialAction":[{"@type":"SearchAction","target":{"@type":"EntryPoint","urlTemplate":"https:\/\/ovadent.com\/?s={search_term_string}"},"query-input":{"@type":"PropertyValueSpecification","valueRequired":true,"valueName":"search_term_string"}}],"inLanguage":"nb-NO"},{"@type":"Organization","@id":"https:\/\/ovadent.com\/#organization","name":"Alanya Dentist & Dental | Ova Dent","url":"https:\/\/ovadent.com\/","logo":{"@type":"ImageObject","inLanguage":"nb-NO","@id":"https:\/\/ovadent.com\/#\/schema\/logo\/image\/","url":"https:\/\/ovadent.com\/wp-content\/uploads\/2024\/09\/Ovadent-Logo.png","contentUrl":"https:\/\/ovadent.com\/wp-content\/uploads\/2024\/09\/Ovadent-Logo.png","width":1585,"height":586,"caption":"Alanya Dentist & Dental | Ova Dent"},"image":{"@id":"https:\/\/ovadent.com\/#\/schema\/logo\/image\/"}}]}},"_links":{"self":[{"href":"https:\/\/ovadent.com\/nb\/wp-json\/wp\/v2\/pages\/2097","targetHints":{"allow":["GET"]}}],"collection":[{"href":"https:\/\/ovadent.com\/nb\/wp-json\/wp\/v2\/pages"}],"about":[{"href":"https:\/\/ovadent.com\/nb\/wp-json\/wp\/v2\/types\/page"}],"author":[{"embeddable":true,"href":"https:\/\/ovadent.com\/nb\/wp-json\/wp\/v2\/users\/1"}],"replies":[{"embeddable":true,"href":"https:\/\/ovadent.com\/nb\/wp-json\/wp\/v2\/comments?post=2097"}],"version-history":[{"count":1,"href":"https:\/\/ovadent.com\/nb\/wp-json\/wp\/v2\/pages\/2097\/revisions"}],"predecessor-version":[{"id":2098,"href":"https:\/\/ovadent.com\/nb\/wp-json\/wp\/v2\/pages\/2097\/revisions\/2098"}],"wp:featuredmedia":[{"embeddable":true,"href":"https:\/\/ovadent.com\/nb\/wp-json\/wp\/v2\/media\/2020"}],"wp:attachment":[{"href":"https:\/\/ovadent.com\/nb\/wp-json\/wp\/v2\/media?parent=2097"}],"curies":[{"name":"wp","href":"https:\/\/api.w.org\/{rel}","templated":true}]}}