{"id":2172,"date":"2024-12-10T21:00:18","date_gmt":"2024-12-10T18:00:18","guid":{"rendered":"https:\/\/ovadent.com\/?page_id=2172"},"modified":"2024-12-10T21:00:18","modified_gmt":"2024-12-10T18:00:18","slug":"alanya-dental-clinic-7","status":"publish","type":"page","link":"https:\/\/ovadent.com\/nb\/alanya-dental-clinic-7\/","title":{"rendered":"Alanya Tannklinikk"},"content":{"rendered":"<section data-bb-version=\"5.1.2\" id=\"bt_bb_section69f66b1944a92\" class=\"bt_bb_section bt_bb_layout_boxed_1200\"  data-bt-override-class=\"null\"><div class=\"bt_bb_port\"><div class=\"bt_bb_cell\"><div class=\"bt_bb_cell_inner\"><div class=\"bt_bb_row\"  data-bt-override-class=\"{}\"><div class=\"bt_bb_row_holder\" ><div data-bb-version=\"5.1.2\"  class=\"bt_bb_column col-xxl-12 col-xl-12 col-xs-12 col-sm-12 col-md-12 col-lg-12 bt_bb_vertical_align_top bt_bb_align_left bt_bb_padding_normal\"  data-width=\"12\" data-bt-override-class=\"{}\"><div class=\"bt_bb_column_content\"><header data-bb-version=\"5.1.2\" class=\"bt_bb_headline bt_bb_dash_none bt_bb_size_inherit bt_bb_align_inherit bt_bb_dash_type_none\" data-bt-override-class=\"{&quot;bt_bb_size_&quot;:{&quot;current_class&quot;:&quot;bt_bb_size_inherit&quot;,&quot;xxl&quot;:&quot;inherit&quot;},&quot;bt_bb_align_&quot;:{&quot;current_class&quot;:&quot;bt_bb_align_inherit&quot;,&quot;xxl&quot;:&quot;inherit&quot;}}\"><h1 class=\"bt_bb_headline_tag\"><span class=\"bt_bb_headline_content\"><span>Alanya Tannklinikk - Ekspertbehandling hos Ova Dent<\/span><\/span><\/h1><\/header><div data-bb-version=\"5.1.2\"  class=\"bt_bb_text\" ><\/p>\n<p>&nbsp;<\/p>\n<header>\n<h1>Alanya Dental Clinic: Trusted Dental Care p\u00e5 Ova Dent<\/h1>\n<\/header>\n<p>&nbsp;<\/p>\n<section>\n<h2>Velkommen til Ova Dent: Din tannklinikk i Alanya<\/h2>\n<p>Ser etter en p\u00e5litelig <strong>Alanya tannklinikk<\/strong>? Ova Dent er dedikert til \u00e5 gi h\u00f8ykvalitets tannpleie i et komfortabelt og moderne milj\u00f8. Enten du trenger rutinekontroller eller spesialiserte behandlinger, er klinikken v\u00e5r det ideelle valget for \u00e5 opprettholde din munnhelse.<\/p>\n<\/section>\n<section>\n<h3>V\u00e5re omfattende tannhelsetjenester<\/h3>\n<p>Hos Ova Dent tilbyr vi en rekke tjenester for \u00e5 m\u00f8te alle dine tannpleiebehov:<\/p>\n<ul>\n<li><strong>Forebyggende tannbehandling:<\/strong> Rutinemessige rengj\u00f8ringer, eksamener og forebyggende pleie for \u00e5 holde smilet ditt sunt.<\/li>\n<li><strong>Restorativ tannbehandling:<\/strong> Kroner, broer og fyllinger for \u00e5 gjenopprette tennens funksjon og utseende.<\/li>\n<li><strong>Kosmetisk tannbehandling:<\/strong> Forvandle smilet ditt med fin\u00e9r, tannbleking og estetiske forbedringer.<\/li>\n<li><strong>Tannimplantater:<\/strong> Holdbare og naturlig utseende l\u00f8sninger for manglende tenner.<\/li>\n<li><strong>Ortodonti:<\/strong> Seler og aligners for et rettere og mer selvsikkert smil.<\/li>\n<\/ul>\n<\/section>\n<section>\n<h4>Hvorfor velge Ova Dent?<\/h4>\n<p>Hva gj\u00f8r at Ova Dent skiller seg ut som en ledende <strong>Alanya tannklinikk<\/strong> er v\u00e5r forpliktelse til \u00e5 bruke den nyeste teknologien og gi personlig pleie. V\u00e5rt dyktige team sikrer at hver pasient f\u00f8ler seg komfortabel og ivaretatt under bes\u00f8ket.<\/p>\n<\/section>\n<section>\n<h3>Avansert teknologi for overlegne resultater<\/h3>\n<p>Vi bruker toppmoderne verkt\u00f8y og teknikker for \u00e5 levere n\u00f8yaktige diagnoser og effektive behandlinger. V\u00e5rt fokus p\u00e5 innovasjon sikrer at hver prosedyre er s\u00e5 effektiv og smertefri som mulig.<\/p>\n<\/section>\n<section>\n<h3>Beleilig plassert i Alanya<\/h3>\n<p>Ova Dent ligger sentralt til, noe som gj\u00f8r det enkelt for b\u00e5de innbyggere og turister \u00e5 f\u00e5 tilgang til v\u00e5re tjenester. Med fleksibel avtaleplanlegging og flerspr\u00e5klig st\u00f8tte im\u00f8tekommer vi et mangfoldig spekter av pasienter.<\/p>\n<\/section>\n<section>\n<h3>Bestill time i dag<\/h3>\n<p>Ta det f\u00f8rste skrittet mot et sunnere smil. Kontakt Ova Dent, din betrodde <strong>Alanya tannklinikk<\/strong>, for \u00e5 planlegge en avtale. La oss hjelpe deg \u00e5 oppn\u00e5 det selvsikre smilet du fortjener.<\/p>\n<\/section>\n<p>&nbsp;<\/p>\n<p>\n<\/div><\/div><\/div><\/div><\/div><\/div><!-- cell_inner --><\/div><!-- cell --><\/div><!-- port --><\/section>","protected":false},"excerpt":{"rendered":"","protected":false},"author":1,"featured_media":2011,"parent":0,"menu_order":0,"comment_status":"closed","ping_status":"closed","template":"","meta":{"footnotes":""},"class_list":["post-2172","page","type-page","status-publish","has-post-thumbnail","hentry"],"yoast_head":"<!-- This site is optimized with the Yoast SEO plugin v23.4 - https:\/\/yoast.com\/wordpress\/plugins\/seo\/ -->\n<title>Alanya Dental Clinic - Expert Care at Ova Dent<\/title>\n<meta name=\"description\" content=\"Searching for the best Alanya dental clinic? Ova Dent provides expert care, advanced technology, and a patient-focused approach for all dental needs.\" \/>\n<meta name=\"robots\" content=\"index, follow, max-snippet:-1, max-image-preview:large, max-video-preview:-1\" \/>\n<link rel=\"canonical\" href=\"https:\/\/ovadent.com\/nb\/alanya-dental-clinic-7\/\" \/>\n<meta property=\"og:locale\" content=\"nb_NO\" \/>\n<meta property=\"og:type\" content=\"article\" \/>\n<meta property=\"og:title\" content=\"Alanya Dental Clinic - Expert Care at Ova Dent\" \/>\n<meta property=\"og:description\" content=\"Searching for the best Alanya dental clinic? Ova Dent provides expert care, advanced technology, and a patient-focused approach for all dental needs.\" \/>\n<meta property=\"og:url\" content=\"https:\/\/ovadent.com\/nb\/alanya-dental-clinic-7\/\" \/>\n<meta property=\"og:site_name\" content=\"Alanya Dentist &amp; Dental | Ova Dent\" \/>\n<meta property=\"og:image\" content=\"https:\/\/ovadent.com\/wp-content\/uploads\/2024\/10\/24-1.jpg\" \/>\n\t<meta property=\"og:image:width\" content=\"1080\" \/>\n\t<meta property=\"og:image:height\" content=\"1080\" \/>\n\t<meta property=\"og:image:type\" content=\"image\/jpeg\" \/>\n<meta name=\"twitter:card\" content=\"summary_large_image\" \/>\n<meta name=\"twitter:label1\" content=\"Ansl. lesetid\" \/>\n\t<meta name=\"twitter:data1\" content=\"1 minutt\" \/>\n<script type=\"application\/ld+json\" class=\"yoast-schema-graph\">{\"@context\":\"https:\/\/schema.org\",\"@graph\":[{\"@type\":\"WebPage\",\"@id\":\"https:\/\/ovadent.com\/alanya-dental-clinic-7\/\",\"url\":\"https:\/\/ovadent.com\/alanya-dental-clinic-7\/\",\"name\":\"Alanya Dental Clinic - Expert Care at Ova Dent\",\"isPartOf\":{\"@id\":\"https:\/\/ovadent.com\/#website\"},\"primaryImageOfPage\":{\"@id\":\"https:\/\/ovadent.com\/alanya-dental-clinic-7\/#primaryimage\"},\"image\":{\"@id\":\"https:\/\/ovadent.com\/alanya-dental-clinic-7\/#primaryimage\"},\"thumbnailUrl\":\"https:\/\/ovadent.com\/wp-content\/uploads\/2024\/10\/24-1.jpg\",\"datePublished\":\"2024-12-10T18:00:18+00:00\",\"dateModified\":\"2024-12-10T18:00:18+00:00\",\"description\":\"Searching for the best Alanya dental clinic? Ova Dent provides expert care, advanced technology, and a patient-focused approach for all dental needs.\",\"breadcrumb\":{\"@id\":\"https:\/\/ovadent.com\/alanya-dental-clinic-7\/#breadcrumb\"},\"inLanguage\":\"nb-NO\",\"potentialAction\":[{\"@type\":\"ReadAction\",\"target\":[\"https:\/\/ovadent.com\/alanya-dental-clinic-7\/\"]}]},{\"@type\":\"ImageObject\",\"inLanguage\":\"nb-NO\",\"@id\":\"https:\/\/ovadent.com\/alanya-dental-clinic-7\/#primaryimage\",\"url\":\"https:\/\/ovadent.com\/wp-content\/uploads\/2024\/10\/24-1.jpg\",\"contentUrl\":\"https:\/\/ovadent.com\/wp-content\/uploads\/2024\/10\/24-1.jpg\",\"width\":1080,\"height\":1080,\"caption\":\"Alanya Dental Clinic\"},{\"@type\":\"BreadcrumbList\",\"@id\":\"https:\/\/ovadent.com\/alanya-dental-clinic-7\/#breadcrumb\",\"itemListElement\":[{\"@type\":\"ListItem\",\"position\":1,\"name\":\"Anasayfa\",\"item\":\"https:\/\/ovadent.com\/\"},{\"@type\":\"ListItem\",\"position\":2,\"name\":\"Alanya Dental Clinic\"}]},{\"@type\":\"WebSite\",\"@id\":\"https:\/\/ovadent.com\/#website\",\"url\":\"https:\/\/ovadent.com\/\",\"name\":\"Alanya Dentist & Dental | Ova Dent\",\"description\":\"Alanya Dentist &amp; Dental | Ova Dent\",\"publisher\":{\"@id\":\"https:\/\/ovadent.com\/#organization\"},\"potentialAction\":[{\"@type\":\"SearchAction\",\"target\":{\"@type\":\"EntryPoint\",\"urlTemplate\":\"https:\/\/ovadent.com\/?s={search_term_string}\"},\"query-input\":{\"@type\":\"PropertyValueSpecification\",\"valueRequired\":true,\"valueName\":\"search_term_string\"}}],\"inLanguage\":\"nb-NO\"},{\"@type\":\"Organization\",\"@id\":\"https:\/\/ovadent.com\/#organization\",\"name\":\"Alanya Dentist & Dental | Ova Dent\",\"url\":\"https:\/\/ovadent.com\/\",\"logo\":{\"@type\":\"ImageObject\",\"inLanguage\":\"nb-NO\",\"@id\":\"https:\/\/ovadent.com\/#\/schema\/logo\/image\/\",\"url\":\"https:\/\/ovadent.com\/wp-content\/uploads\/2024\/09\/Ovadent-Logo.png\",\"contentUrl\":\"https:\/\/ovadent.com\/wp-content\/uploads\/2024\/09\/Ovadent-Logo.png\",\"width\":1585,\"height\":586,\"caption\":\"Alanya Dentist & Dental | Ova Dent\"},\"image\":{\"@id\":\"https:\/\/ovadent.com\/#\/schema\/logo\/image\/\"}}]}<\/script>\n<!-- \/ Yoast SEO plugin. -->","yoast_head_json":{"title":"Alanya Dental Clinic - Expert Care at Ova Dent","description":"Searching for the best Alanya dental clinic? Ova Dent provides expert care, advanced technology, and a patient-focused approach for all dental needs.","robots":{"index":"index","follow":"follow","max-snippet":"max-snippet:-1","max-image-preview":"max-image-preview:large","max-video-preview":"max-video-preview:-1"},"canonical":"https:\/\/ovadent.com\/nb\/alanya-dental-clinic-7\/","og_locale":"nb_NO","og_type":"article","og_title":"Alanya Dental Clinic - Expert Care at Ova Dent","og_description":"Searching for the best Alanya dental clinic? Ova Dent provides expert care, advanced technology, and a patient-focused approach for all dental needs.","og_url":"https:\/\/ovadent.com\/nb\/alanya-dental-clinic-7\/","og_site_name":"Alanya Dentist &amp; Dental | Ova Dent","og_image":[{"width":1080,"height":1080,"url":"https:\/\/ovadent.com\/wp-content\/uploads\/2024\/10\/24-1.jpg","type":"image\/jpeg"}],"twitter_card":"summary_large_image","twitter_misc":{"Ansl. lesetid":"1 minutt"},"schema":{"@context":"https:\/\/schema.org","@graph":[{"@type":"WebPage","@id":"https:\/\/ovadent.com\/alanya-dental-clinic-7\/","url":"https:\/\/ovadent.com\/alanya-dental-clinic-7\/","name":"Alanya Dental Clinic - Expert Care at Ova Dent","isPartOf":{"@id":"https:\/\/ovadent.com\/#website"},"primaryImageOfPage":{"@id":"https:\/\/ovadent.com\/alanya-dental-clinic-7\/#primaryimage"},"image":{"@id":"https:\/\/ovadent.com\/alanya-dental-clinic-7\/#primaryimage"},"thumbnailUrl":"https:\/\/ovadent.com\/wp-content\/uploads\/2024\/10\/24-1.jpg","datePublished":"2024-12-10T18:00:18+00:00","dateModified":"2024-12-10T18:00:18+00:00","description":"Searching for the best Alanya dental clinic? Ova Dent provides expert care, advanced technology, and a patient-focused approach for all dental needs.","breadcrumb":{"@id":"https:\/\/ovadent.com\/alanya-dental-clinic-7\/#breadcrumb"},"inLanguage":"nb-NO","potentialAction":[{"@type":"ReadAction","target":["https:\/\/ovadent.com\/alanya-dental-clinic-7\/"]}]},{"@type":"ImageObject","inLanguage":"nb-NO","@id":"https:\/\/ovadent.com\/alanya-dental-clinic-7\/#primaryimage","url":"https:\/\/ovadent.com\/wp-content\/uploads\/2024\/10\/24-1.jpg","contentUrl":"https:\/\/ovadent.com\/wp-content\/uploads\/2024\/10\/24-1.jpg","width":1080,"height":1080,"caption":"Alanya Dental Clinic"},{"@type":"BreadcrumbList","@id":"https:\/\/ovadent.com\/alanya-dental-clinic-7\/#breadcrumb","itemListElement":[{"@type":"ListItem","position":1,"name":"Anasayfa","item":"https:\/\/ovadent.com\/"},{"@type":"ListItem","position":2,"name":"Alanya Dental Clinic"}]},{"@type":"WebSite","@id":"https:\/\/ovadent.com\/#website","url":"https:\/\/ovadent.com\/","name":"Alanya Dentist & Dental | Ova Dent","description":"Alanya Dentist &amp; Dental | Ova Dent","publisher":{"@id":"https:\/\/ovadent.com\/#organization"},"potentialAction":[{"@type":"SearchAction","target":{"@type":"EntryPoint","urlTemplate":"https:\/\/ovadent.com\/?s={search_term_string}"},"query-input":{"@type":"PropertyValueSpecification","valueRequired":true,"valueName":"search_term_string"}}],"inLanguage":"nb-NO"},{"@type":"Organization","@id":"https:\/\/ovadent.com\/#organization","name":"Alanya Dentist & Dental | Ova Dent","url":"https:\/\/ovadent.com\/","logo":{"@type":"ImageObject","inLanguage":"nb-NO","@id":"https:\/\/ovadent.com\/#\/schema\/logo\/image\/","url":"https:\/\/ovadent.com\/wp-content\/uploads\/2024\/09\/Ovadent-Logo.png","contentUrl":"https:\/\/ovadent.com\/wp-content\/uploads\/2024\/09\/Ovadent-Logo.png","width":1585,"height":586,"caption":"Alanya Dentist & Dental | Ova Dent"},"image":{"@id":"https:\/\/ovadent.com\/#\/schema\/logo\/image\/"}}]}},"_links":{"self":[{"href":"https:\/\/ovadent.com\/nb\/wp-json\/wp\/v2\/pages\/2172","targetHints":{"allow":["GET"]}}],"collection":[{"href":"https:\/\/ovadent.com\/nb\/wp-json\/wp\/v2\/pages"}],"about":[{"href":"https:\/\/ovadent.com\/nb\/wp-json\/wp\/v2\/types\/page"}],"author":[{"embeddable":true,"href":"https:\/\/ovadent.com\/nb\/wp-json\/wp\/v2\/users\/1"}],"replies":[{"embeddable":true,"href":"https:\/\/ovadent.com\/nb\/wp-json\/wp\/v2\/comments?post=2172"}],"version-history":[{"count":1,"href":"https:\/\/ovadent.com\/nb\/wp-json\/wp\/v2\/pages\/2172\/revisions"}],"predecessor-version":[{"id":2173,"href":"https:\/\/ovadent.com\/nb\/wp-json\/wp\/v2\/pages\/2172\/revisions\/2173"}],"wp:featuredmedia":[{"embeddable":true,"href":"https:\/\/ovadent.com\/nb\/wp-json\/wp\/v2\/media\/2011"}],"wp:attachment":[{"href":"https:\/\/ovadent.com\/nb\/wp-json\/wp\/v2\/media?parent=2172"}],"curies":[{"name":"wp","href":"https:\/\/api.w.org\/{rel}","templated":true}]}}