{"id":199,"date":"2019-12-30T12:09:00","date_gmt":"2019-12-30T12:09:00","guid":{"rendered":"http:\/\/denticare.bold-themes.com\/michelle\/?page_id=199"},"modified":"2019-12-30T12:09:00","modified_gmt":"2019-12-30T12:09:00","slug":"portfolio-tiles-four-columns","status":"publish","type":"page","link":"https:\/\/ovadent.com\/tr\/portfolio-tiles-four-columns\/","title":{"rendered":"Portfolio tiles four columns"},"content":{"rendered":"<section id=\"bt_bb_section69e179c59f3ba\" class=\"bt_bb_section bt_bb_layout_boxed_1200 bt_bb_vertical_align_top bt_bb_top_spacing_medium bt_bb_bottom_spacing_medium\"  data-bt-override-class=\"null\"><div class=\"bt_bb_port\"><div class=\"bt_bb_cell\"><div class=\"bt_bb_cell_inner\"><div class=\"bt_bb_row\"  data-bt-override-class=\"{}\"><div class=\"bt_bb_row_holder\" ><div  class=\"bt_bb_column col-xxl-12 col-xl-12 bt_bb_vertical_align_top bt_bb_align_left bt_bb_padding_normal\"  data-width=\"12\" data-bt-override-class=\"{}\"><div class=\"bt_bb_column_content\"><div class=\"bt_bb_masonry_portfolio_tiles bt_bb_grid_container bt_bb_columns_4 bt_bb_gap_normal bt_bb_look_classic_bgn\" data-columns=\"4\"><div class=\"bt_bb_post_grid_filter\"><span class=\"bt_bb_masonry_portfolio_tiles_filter_item bt_bb_post_grid_filter_item active\" data-category-portfolio=\"\" data-format-portfolio=\"11,11,21,21,11,11,11,21,11\" data-post-type=\"portfolio\">T\u00fcm<\/span><span class=\"bt_bb_masonry_portfolio_tiles_filter_item bt_bb_post_grid_filter_item\" data-category-portfolio=\"braces\"  data-format-portfolio=\"11,11,21,21,11,11,11,21,11\" data-post-type=\"portfolio\">Di\u015f telleri<\/span><span class=\"bt_bb_masonry_portfolio_tiles_filter_item bt_bb_post_grid_filter_item\" data-category-portfolio=\"factcheck\"  data-format-portfolio=\"11,11,21,21,11,11,11,21,11\" data-post-type=\"portfolio\">Ger\u00e7ek Kontrol\u00fc<\/span><span class=\"bt_bb_masonry_portfolio_tiles_filter_item bt_bb_post_grid_filter_item\" data-category-portfolio=\"health\"  data-format-portfolio=\"11,11,21,21,11,11,11,21,11\" data-post-type=\"portfolio\">Sa\u011fl\u0131k<\/span><span class=\"bt_bb_masonry_portfolio_tiles_filter_item bt_bb_post_grid_filter_item\" data-category-portfolio=\"prevention\"  data-format-portfolio=\"11,11,21,21,11,11,11,21,11\" data-post-type=\"portfolio\">\u00d6nleme<\/span><span class=\"bt_bb_masonry_portfolio_tiles_filter_item bt_bb_post_grid_filter_item\" data-category-portfolio=\"treatment\"  data-format-portfolio=\"11,11,21,21,11,11,11,21,11\" data-post-type=\"portfolio\">Tedavi<\/span><\/div><div class=\"bt_bb_masonry_portfolio_tiles_content bt_bb_masonry_post_grid_content bt_bb_grid_hide\" data-bt-nonce=\"7c3c24efa3\" data-number-portfolio=\"1000\" data-format-portfolio=\"11,11,21,21,11,11,11,21,11\" data-category-portfolio=\"\"  data-post-type=\"portfolio\" data-show-portfolio=\"a%3A3%3A%7Bs%3A7%3A%22excerpt%22%3Bb%3A1%3Bs%3A5%3A%22title%22%3Bb%3A1%3Bs%3A9%3A%22view_more%22%3Bb%3A0%3B%7D\"><div class=\"bt_bb_grid_sizer\"><\/div><\/div><div class=\"bt_bb_post_grid_loader\"><span class=\"box1\"><\/span><span class=\"box2\"><\/span><span class=\"box3\"><\/span><span class=\"box4\"><\/span><span class=\"box5\"><\/span><\/div><\/div><\/div><\/div><\/div><\/div><\/div><!-- cell_inner --><\/div><!-- cell --><\/div><!-- port --><\/section>","protected":false},"excerpt":{"rendered":"<p>A\u00e7\u0131k kaynakl\u0131 hizalamalar arac\u0131l\u0131\u011f\u0131yla pazar odakl\u0131 inovasyonu etkili bir \u015fekilde miyokardinat edin. M\u00fc\u015fteri merkezli zorunluluklar yerine y\u00fcksek getirili bilgi arac\u0131lar\u0131n\u0131 \u00f6nemli \u00f6l\u00e7\u00fcde kullan\u0131n. M\u00fc\u015fteri merkezli bilgi arac\u0131lar\u0131ndan sonra d\u00fcnya standartlar\u0131nda uygulamalar\u0131 etkili bir \u015fekilde ba\u015flat\u0131n.<\/p>","protected":false},"author":2,"featured_media":523,"parent":0,"menu_order":0,"comment_status":"closed","ping_status":"closed","template":"","meta":{"footnotes":""},"class_list":["post-199","page","type-page","status-publish","has-post-thumbnail","hentry"],"yoast_head":"<!-- This site is optimized with the Yoast SEO plugin v23.4 - https:\/\/yoast.com\/wordpress\/plugins\/seo\/ -->\n<title>Portfolio tiles four columns - Alanya Dentist &amp; Dental | Ova Dent<\/title>\n<meta name=\"robots\" content=\"index, follow, max-snippet:-1, max-image-preview:large, max-video-preview:-1\" \/>\n<link rel=\"canonical\" href=\"https:\/\/ovadent.com\/tr\/portfolio-tiles-four-columns\/\" \/>\n<meta property=\"og:locale\" content=\"tr_TR\" \/>\n<meta property=\"og:type\" content=\"article\" \/>\n<meta property=\"og:title\" content=\"Portfolio tiles four columns - Alanya Dentist &amp; Dental | Ova Dent\" \/>\n<meta property=\"og:description\" content=\"Efficiently myocardinate market-driven innovation via open-source alignments. Dramatically engage high-payoff infomediaries rather than client-centric imperatives. Efficiently initiate world-class applications after client-centric infomediaries.\" \/>\n<meta property=\"og:url\" content=\"https:\/\/ovadent.com\/tr\/portfolio-tiles-four-columns\/\" \/>\n<meta property=\"og:site_name\" content=\"Alanya Dentist &amp; Dental | Ova Dent\" \/>\n<meta property=\"og:image\" content=\"https:\/\/ovadent.com\/wp-content\/uploads\/2020\/01\/featured_image_shop_product_category.jpg\" \/>\n\t<meta property=\"og:image:width\" content=\"1920\" \/>\n\t<meta property=\"og:image:height\" content=\"1100\" \/>\n\t<meta property=\"og:image:type\" content=\"image\/jpeg\" \/>\n<meta name=\"twitter:card\" content=\"summary_large_image\" \/>\n<meta name=\"twitter:label1\" content=\"Tahmini okuma s\u00fcresi\" \/>\n\t<meta name=\"twitter:data1\" content=\"1 dakika\" \/>\n<script type=\"application\/ld+json\" class=\"yoast-schema-graph\">{\"@context\":\"https:\/\/schema.org\",\"@graph\":[{\"@type\":\"WebPage\",\"@id\":\"https:\/\/ovadent.com\/portfolio-tiles-four-columns\/\",\"url\":\"https:\/\/ovadent.com\/portfolio-tiles-four-columns\/\",\"name\":\"Portfolio tiles four columns - Alanya Dentist &amp; Dental | Ova Dent\",\"isPartOf\":{\"@id\":\"https:\/\/ovadent.com\/#website\"},\"primaryImageOfPage\":{\"@id\":\"https:\/\/ovadent.com\/portfolio-tiles-four-columns\/#primaryimage\"},\"image\":{\"@id\":\"https:\/\/ovadent.com\/portfolio-tiles-four-columns\/#primaryimage\"},\"thumbnailUrl\":\"https:\/\/ovadent.com\/wp-content\/uploads\/2020\/01\/featured_image_shop_product_category.jpg\",\"datePublished\":\"2019-12-30T12:09:00+00:00\",\"dateModified\":\"2019-12-30T12:09:00+00:00\",\"breadcrumb\":{\"@id\":\"https:\/\/ovadent.com\/portfolio-tiles-four-columns\/#breadcrumb\"},\"inLanguage\":\"tr\",\"potentialAction\":[{\"@type\":\"ReadAction\",\"target\":[\"https:\/\/ovadent.com\/portfolio-tiles-four-columns\/\"]}]},{\"@type\":\"ImageObject\",\"inLanguage\":\"tr\",\"@id\":\"https:\/\/ovadent.com\/portfolio-tiles-four-columns\/#primaryimage\",\"url\":\"https:\/\/ovadent.com\/wp-content\/uploads\/2020\/01\/featured_image_shop_product_category.jpg\",\"contentUrl\":\"https:\/\/ovadent.com\/wp-content\/uploads\/2020\/01\/featured_image_shop_product_category.jpg\",\"width\":1920,\"height\":1100},{\"@type\":\"BreadcrumbList\",\"@id\":\"https:\/\/ovadent.com\/portfolio-tiles-four-columns\/#breadcrumb\",\"itemListElement\":[{\"@type\":\"ListItem\",\"position\":1,\"name\":\"Anasayfa\",\"item\":\"https:\/\/ovadent.com\/\"},{\"@type\":\"ListItem\",\"position\":2,\"name\":\"Portfolio tiles four columns\"}]},{\"@type\":\"WebSite\",\"@id\":\"https:\/\/ovadent.com\/#website\",\"url\":\"https:\/\/ovadent.com\/\",\"name\":\"Alanya Dentist & Dental | Ova Dent\",\"description\":\"Alanya Dentist &amp; Dental | Ova Dent\",\"publisher\":{\"@id\":\"https:\/\/ovadent.com\/#organization\"},\"potentialAction\":[{\"@type\":\"SearchAction\",\"target\":{\"@type\":\"EntryPoint\",\"urlTemplate\":\"https:\/\/ovadent.com\/?s={search_term_string}\"},\"query-input\":{\"@type\":\"PropertyValueSpecification\",\"valueRequired\":true,\"valueName\":\"search_term_string\"}}],\"inLanguage\":\"tr\"},{\"@type\":\"Organization\",\"@id\":\"https:\/\/ovadent.com\/#organization\",\"name\":\"Alanya Dentist & Dental | Ova Dent\",\"url\":\"https:\/\/ovadent.com\/\",\"logo\":{\"@type\":\"ImageObject\",\"inLanguage\":\"tr\",\"@id\":\"https:\/\/ovadent.com\/#\/schema\/logo\/image\/\",\"url\":\"https:\/\/ovadent.com\/wp-content\/uploads\/2024\/09\/Ovadent-Logo.png\",\"contentUrl\":\"https:\/\/ovadent.com\/wp-content\/uploads\/2024\/09\/Ovadent-Logo.png\",\"width\":1585,\"height\":586,\"caption\":\"Alanya Dentist & Dental | Ova Dent\"},\"image\":{\"@id\":\"https:\/\/ovadent.com\/#\/schema\/logo\/image\/\"}}]}<\/script>\n<!-- \/ Yoast SEO plugin. -->","yoast_head_json":{"title":"Portfolio tiles four columns - Alanya Dentist &amp; Dental | Ova Dent","robots":{"index":"index","follow":"follow","max-snippet":"max-snippet:-1","max-image-preview":"max-image-preview:large","max-video-preview":"max-video-preview:-1"},"canonical":"https:\/\/ovadent.com\/tr\/portfolio-tiles-four-columns\/","og_locale":"tr_TR","og_type":"article","og_title":"Portfolio tiles four columns - Alanya Dentist &amp; Dental | Ova Dent","og_description":"Efficiently myocardinate market-driven innovation via open-source alignments. Dramatically engage high-payoff infomediaries rather than client-centric imperatives. Efficiently initiate world-class applications after client-centric infomediaries.","og_url":"https:\/\/ovadent.com\/tr\/portfolio-tiles-four-columns\/","og_site_name":"Alanya Dentist &amp; Dental | Ova Dent","og_image":[{"width":1920,"height":1100,"url":"https:\/\/ovadent.com\/wp-content\/uploads\/2020\/01\/featured_image_shop_product_category.jpg","type":"image\/jpeg"}],"twitter_card":"summary_large_image","twitter_misc":{"Tahmini okuma s\u00fcresi":"1 dakika"},"schema":{"@context":"https:\/\/schema.org","@graph":[{"@type":"WebPage","@id":"https:\/\/ovadent.com\/portfolio-tiles-four-columns\/","url":"https:\/\/ovadent.com\/portfolio-tiles-four-columns\/","name":"Portfolio tiles four columns - Alanya Dentist &amp; Dental | Ova Dent","isPartOf":{"@id":"https:\/\/ovadent.com\/#website"},"primaryImageOfPage":{"@id":"https:\/\/ovadent.com\/portfolio-tiles-four-columns\/#primaryimage"},"image":{"@id":"https:\/\/ovadent.com\/portfolio-tiles-four-columns\/#primaryimage"},"thumbnailUrl":"https:\/\/ovadent.com\/wp-content\/uploads\/2020\/01\/featured_image_shop_product_category.jpg","datePublished":"2019-12-30T12:09:00+00:00","dateModified":"2019-12-30T12:09:00+00:00","breadcrumb":{"@id":"https:\/\/ovadent.com\/portfolio-tiles-four-columns\/#breadcrumb"},"inLanguage":"tr","potentialAction":[{"@type":"ReadAction","target":["https:\/\/ovadent.com\/portfolio-tiles-four-columns\/"]}]},{"@type":"ImageObject","inLanguage":"tr","@id":"https:\/\/ovadent.com\/portfolio-tiles-four-columns\/#primaryimage","url":"https:\/\/ovadent.com\/wp-content\/uploads\/2020\/01\/featured_image_shop_product_category.jpg","contentUrl":"https:\/\/ovadent.com\/wp-content\/uploads\/2020\/01\/featured_image_shop_product_category.jpg","width":1920,"height":1100},{"@type":"BreadcrumbList","@id":"https:\/\/ovadent.com\/portfolio-tiles-four-columns\/#breadcrumb","itemListElement":[{"@type":"ListItem","position":1,"name":"Anasayfa","item":"https:\/\/ovadent.com\/"},{"@type":"ListItem","position":2,"name":"Portfolio tiles four columns"}]},{"@type":"WebSite","@id":"https:\/\/ovadent.com\/#website","url":"https:\/\/ovadent.com\/","name":"Alanya Dentist & Dental | Ova Dent","description":"Alanya Dentist &amp; Dental | Ova Dent","publisher":{"@id":"https:\/\/ovadent.com\/#organization"},"potentialAction":[{"@type":"SearchAction","target":{"@type":"EntryPoint","urlTemplate":"https:\/\/ovadent.com\/?s={search_term_string}"},"query-input":{"@type":"PropertyValueSpecification","valueRequired":true,"valueName":"search_term_string"}}],"inLanguage":"tr"},{"@type":"Organization","@id":"https:\/\/ovadent.com\/#organization","name":"Alanya Dentist & Dental | Ova Dent","url":"https:\/\/ovadent.com\/","logo":{"@type":"ImageObject","inLanguage":"tr","@id":"https:\/\/ovadent.com\/#\/schema\/logo\/image\/","url":"https:\/\/ovadent.com\/wp-content\/uploads\/2024\/09\/Ovadent-Logo.png","contentUrl":"https:\/\/ovadent.com\/wp-content\/uploads\/2024\/09\/Ovadent-Logo.png","width":1585,"height":586,"caption":"Alanya Dentist & Dental | Ova Dent"},"image":{"@id":"https:\/\/ovadent.com\/#\/schema\/logo\/image\/"}}]}},"_links":{"self":[{"href":"https:\/\/ovadent.com\/tr\/wp-json\/wp\/v2\/pages\/199","targetHints":{"allow":["GET"]}}],"collection":[{"href":"https:\/\/ovadent.com\/tr\/wp-json\/wp\/v2\/pages"}],"about":[{"href":"https:\/\/ovadent.com\/tr\/wp-json\/wp\/v2\/types\/page"}],"author":[{"embeddable":true,"href":"https:\/\/ovadent.com\/tr\/wp-json\/wp\/v2\/users\/2"}],"replies":[{"embeddable":true,"href":"https:\/\/ovadent.com\/tr\/wp-json\/wp\/v2\/comments?post=199"}],"version-history":[{"count":0,"href":"https:\/\/ovadent.com\/tr\/wp-json\/wp\/v2\/pages\/199\/revisions"}],"wp:featuredmedia":[{"embeddable":true,"href":"https:\/\/ovadent.com\/tr\/wp-json\/wp\/v2\/media\/523"}],"wp:attachment":[{"href":"https:\/\/ovadent.com\/tr\/wp-json\/wp\/v2\/media?parent=199"}],"curies":[{"name":"wp","href":"https:\/\/api.w.org\/{rel}","templated":true}]}}