{"id":2073,"date":"2024-11-14T15:27:39","date_gmt":"2024-11-14T12:27:39","guid":{"rendered":"https:\/\/ovadent.com\/?page_id=2073"},"modified":"2024-11-14T15:31:28","modified_gmt":"2024-11-14T12:31:28","slug":"alanya-dentist","status":"publish","type":"page","link":"https:\/\/ovadent.com\/tr\/alanya-dentist\/","title":{"rendered":"Alanya Di\u015f Hekimi"},"content":{"rendered":"<section data-bb-version=\"5.1.2\" id=\"bt_bb_section69f6c437ee276\" class=\"bt_bb_section bt_bb_layout_boxed_1200\"  data-bt-override-class=\"null\"><div class=\"bt_bb_port\"><div class=\"bt_bb_cell\"><div class=\"bt_bb_cell_inner\"><div class=\"bt_bb_row\"  data-bt-override-class=\"{}\"><div class=\"bt_bb_row_holder\" ><div data-bb-version=\"5.1.2\"  class=\"bt_bb_column col-xxl-12 col-xl-12 col-xs-12 col-sm-12 col-md-12 col-lg-12 bt_bb_vertical_align_top bt_bb_align_left bt_bb_padding_normal\"  data-width=\"12\" data-bt-override-class=\"{}\"><div class=\"bt_bb_column_content\"><header data-bb-version=\"5.1.2\" class=\"bt_bb_headline bt_bb_dash_none bt_bb_size_inherit bt_bb_align_inherit bt_bb_dash_type_none\" data-bt-override-class=\"{&quot;bt_bb_size_&quot;:{&quot;current_class&quot;:&quot;bt_bb_size_inherit&quot;,&quot;xxl&quot;:&quot;inherit&quot;},&quot;bt_bb_align_&quot;:{&quot;current_class&quot;:&quot;bt_bb_align_inherit&quot;,&quot;xxl&quot;:&quot;inherit&quot;}}\"><h1 class=\"bt_bb_headline_tag\"><span class=\"bt_bb_headline_content\"><span>Alanya Di\u015f Hekimi - OvaDent&#039;te Profesyonel Di\u015f Bak\u0131m Hizmetleri<\/span><\/span><\/h1><\/header><div data-bb-version=\"5.1.2\"  class=\"bt_bb_text\" ><\/p>\n<h1>Alanya Di\u015f Hekimi: OvaDent&#039;te Di\u015f Bak\u0131m\u0131 i\u00e7in G\u00fcvenilir Orta\u011f\u0131n\u0131z<\/h1>\n<h2>Alanya&#039;da Kapsaml\u0131 Di\u015f Hizmetleri<\/h2>\n<p>OvaDent, Alanya&#039;daki hem yerel hem de uluslararas\u0131 hastalar i\u00e7in en iyi se\u00e7im haline gelen ola\u011fan\u00fcst\u00fc di\u015f bak\u0131m\u0131 \u00e7\u00f6z\u00fcmleri sunar. \u0130ster \u00f6nleyici bak\u0131m, ister kozmetik tedaviler veya restoratif di\u015f hekimli\u011fi ar\u0131yor olun, &quot;Alanya Di\u015f Hekimi&quot; OvaDent ihtiya\u00e7lar\u0131n\u0131za g\u00f6re uyarlanm\u0131\u015f d\u00fcnya standartlar\u0131nda hizmetler sunmak i\u00e7in burada.<\/p>\n<h2>Di\u015f Bak\u0131m\u0131n\u0131z \u0130\u00e7in Neden OvaDent&#039;i Se\u00e7melisiniz?<\/h2>\n<h3>Deneyimli ve Yetenekli Di\u015f Hekimleri<\/h3>\n<p>OvaDent&#039;te deneyimli di\u015f hekimleri ve di\u015f uzmanlar\u0131ndan olu\u015fan ekibimiz en y\u00fcksek kalitede bak\u0131m sa\u011flamaya adanm\u0131\u015ft\u0131r. Uzmanl\u0131\u011f\u0131 en son teknolojiyle birle\u015ftirerek, di\u015f deneyiminizin konforlu ve etkili olmas\u0131n\u0131 sa\u011fl\u0131yoruz.<\/p>\n<h3>Son Teknoloji<\/h3>\n<p>Klini\u011fimiz, do\u011fru te\u015fhisler ve etkili tedaviler sunmak i\u00e7in modern di\u015f teknolojisiyle donat\u0131lm\u0131\u015ft\u0131r. Dijital r\u00f6ntgenlerden geli\u015fmi\u015f di\u015f lazerlerine kadar, a\u011f\u0131z sa\u011fl\u0131\u011f\u0131n\u0131z\u0131 iyile\u015ftirmek i\u00e7in son teknoloji ara\u00e7lar kullan\u0131yoruz.<\/p>\n<h3>Hasta Merkezli Yakla\u015f\u0131m<\/h3>\n<p>OvaDent&#039;te konforunuz ve memnuniyetiniz \u00f6nceliklerimizdir. Her hastan\u0131n ihtiya\u00e7 duydu\u011fu bak\u0131m\u0131, misafirperver ve stressiz bir ortamda almas\u0131n\u0131 sa\u011flayarak ki\u015fiselle\u015ftirilmi\u015f tedavi planlar\u0131 sunuyoruz.<\/p>\n<h2>OvaDent&#039;teki Hizmetlerimiz<\/h2>\n<h3>\u00d6nleyici Di\u015f Hekimli\u011fi<\/h3>\n<p>D\u00fczenli kontroller, temizlikler ve flor\u00fcr tedavileri de dahil olmak \u00fczere \u00f6nleyici bak\u0131m hizmetlerimizle sa\u011fl\u0131kl\u0131 bir g\u00fcl\u00fcmsemeyi koruyun. Di\u015f sorunlar\u0131n\u0131n erken te\u015fhisi gelecekte zamandan, paradan ve rahats\u0131zl\u0131ktan tasarruf sa\u011flayabilir.<\/p>\n<h3>Kozmetik Di\u015f Hekimli\u011fi<\/h3>\n<p>Di\u015f beyazlatma, kaplama ve g\u00fcl\u00fc\u015f tasar\u0131m\u0131 gibi kozmetik tedavilerimizle g\u00fcl\u00fc\u015f\u00fcn\u00fcz\u00fc d\u00f6n\u00fc\u015ft\u00fcr\u00fcn. OvaDent, parlak ve kendine g\u00fcvenen bir g\u00fcl\u00fcmsemeye kavu\u015fman\u0131za yard\u0131mc\u0131 olmaya kendini adam\u0131\u015ft\u0131r.<\/p>\n<h3>Restoratif Di\u015f Hekimli\u011fi<\/h3>\n<p>Di\u015f implantlar\u0131, kronlar ve k\u00f6pr\u00fcler dahil olmak \u00fczere restoratif \u00e7\u00f6z\u00fcmlerimizle di\u015flerinizin i\u015flevini ve g\u00f6r\u00fcn\u00fcm\u00fcn\u00fc geri kazand\u0131r\u0131n. Yetenekli ekibimiz tedavilerinizin kusursuz ve do\u011fal g\u00f6r\u00fcnmesini sa\u011flar.<\/p>\n<h3>Ortodonti<\/h3>\n<p>Geleneksel di\u015f telleri ve \u015feffaf hizalay\u0131c\u0131lar dahil olmak \u00fczere ortodontik tedavilerimizle m\u00fckemmel hizalanm\u0131\u015f di\u015flere kavu\u015fun. OvaDent her ya\u015ftan hastaya \u00f6zel \u00e7\u00f6z\u00fcmler sunar.<\/p>\n<h3>Acil Di\u015f Bak\u0131m\u0131<\/h3>\n<p>Di\u015f acil durumlar\u0131 her an olabilir. OvaDent, di\u015f a\u011fr\u0131s\u0131, k\u0131r\u0131k di\u015fler veya kay\u0131p dolgular gibi sorunlar\u0131 gidermek i\u00e7in h\u0131zl\u0131 ve g\u00fcvenilir acil bak\u0131m hizmeti sunar.<\/p>\n<h2>Alanya Di\u015f Hekimli\u011fi Hizmetleri Hakk\u0131nda S\u0131k\u00e7a Sorulan Sorular<\/h2>\n<h3>Di\u015f \u0130htiya\u00e7lar\u0131m \u0130\u00e7in Neden OvaDent&#039;i Se\u00e7meliyim?<\/h3>\n<p>OvaDent, ola\u011fan\u00fcst\u00fc di\u015f bak\u0131m\u0131 sunmak i\u00e7in deneyimli profesyonelleri, son teknolojiyi ve hasta odakl\u0131 yakla\u015f\u0131m\u0131 bir araya getirir. Kapsaml\u0131 hizmetlerimiz, t\u00fcm a\u011f\u0131z sa\u011fl\u0131\u011f\u0131 ihtiya\u00e7lar\u0131n\u0131z\u0131n tek bir \u00e7at\u0131 alt\u0131nda kar\u015f\u0131lanmas\u0131n\u0131 sa\u011flar.<\/p>\n<h3>Uluslararas\u0131 Hastalara Hizmet Veriyor Musunuz?<\/h3>\n<p>Evet, OvaDent, Alanya&#039;da y\u00fcksek kaliteli di\u015f bak\u0131m\u0131 arayan uluslararas\u0131 hastalar\u0131 memnuniyetle kar\u015f\u0131lamaktad\u0131r. Ekibimiz, di\u015f turistlerinin ihtiya\u00e7lar\u0131n\u0131 kar\u015f\u0131lamada deneyimlidir ve dost canl\u0131s\u0131 ve profesyonel bir ortamda ola\u011fan\u00fcst\u00fc bak\u0131m sa\u011flamaktad\u0131r.<\/p>\n<h3>Hangi Kozmetik Di\u015f Hekimli\u011fi Se\u00e7eneklerini Sunuyorsunuz?<\/h3>\n<p>Di\u015f beyazlatma, kaplama ve komple g\u00fcl\u00fc\u015f makyaj\u0131 gibi \u00e7e\u015fitli kozmetik tedaviler sunuyoruz. Bu hizmetler, g\u00fcl\u00fc\u015f\u00fcn\u00fcz\u00fc geli\u015ftirmek ve \u00f6zg\u00fcveninizi art\u0131rmak i\u00e7in tasarlanm\u0131\u015ft\u0131r.<\/p>\n<h2>Sonu\u00e7: OvaDent ile Di\u015f Bak\u0131m\u0131nda En \u0130yiyi Deneyimleyin<\/h2>\n<p>OvaDent, kapsaml\u0131 di\u015f \u00e7\u00f6z\u00fcmleri i\u00e7in g\u00fcvendi\u011finiz &quot;Alanya Di\u015f Hekiminiz&quot;dir. Rutin kontrollere, geli\u015fmi\u015f tedavilere veya tam bir g\u00fcl\u00fcmseme d\u00f6n\u00fc\u015f\u00fcm\u00fcne ihtiyac\u0131n\u0131z olsun, yetenekli ekibimiz size yard\u0131mc\u0131 olmak i\u00e7in burada. Randevunuzu planlamak ve OvaDent&#039;teki fark\u0131 deneyimlemek i\u00e7in bug\u00fcn bizimle ileti\u015fime ge\u00e7in.<\/p>\n<p>\n<\/div><\/div><\/div><\/div><\/div><\/div><!-- cell_inner --><\/div><!-- cell --><\/div><!-- port --><\/section>","protected":false},"excerpt":{"rendered":"","protected":false},"author":1,"featured_media":1536,"parent":0,"menu_order":0,"comment_status":"closed","ping_status":"closed","template":"","meta":{"footnotes":""},"class_list":["post-2073","page","type-page","status-publish","has-post-thumbnail","hentry"],"yoast_head":"<!-- This site is optimized with the Yoast SEO plugin v23.4 - https:\/\/yoast.com\/wordpress\/plugins\/seo\/ -->\n<title>Alanya Dentist - Professional Dental Care Services at OvaDent<\/title>\n<meta name=\"description\" content=\"Discover top-quality dental care in Alanya with OvaDent. From preventive dentistry to advanced cosmetic treatments, our expert team ensures exceptional results. Choose OvaDent as your trusted Alanya Dentist for a healthier, brighter smile!\" \/>\n<meta name=\"robots\" content=\"index, follow, max-snippet:-1, max-image-preview:large, max-video-preview:-1\" \/>\n<link rel=\"canonical\" href=\"https:\/\/ovadent.com\/tr\/alanya-dentist\/\" \/>\n<meta property=\"og:locale\" content=\"tr_TR\" \/>\n<meta property=\"og:type\" content=\"article\" \/>\n<meta property=\"og:title\" content=\"Alanya Dentist - Professional Dental Care Services at OvaDent\" \/>\n<meta property=\"og:description\" content=\"Discover top-quality dental care in Alanya with OvaDent. From preventive dentistry to advanced cosmetic treatments, our expert team ensures exceptional results. Choose OvaDent as your trusted Alanya Dentist for a healthier, brighter smile!\" \/>\n<meta property=\"og:url\" content=\"https:\/\/ovadent.com\/tr\/alanya-dentist\/\" \/>\n<meta property=\"og:site_name\" content=\"Alanya Dentist &amp; Dental | Ova Dent\" \/>\n<meta property=\"article:modified_time\" content=\"2024-11-14T12:31:28+00:00\" \/>\n<meta property=\"og:image\" content=\"https:\/\/ovadent.com\/wp-content\/uploads\/2024\/09\/cropped-Ovadent-Favicon.png\" \/>\n\t<meta property=\"og:image:width\" content=\"512\" \/>\n\t<meta property=\"og:image:height\" content=\"512\" \/>\n\t<meta property=\"og:image:type\" content=\"image\/png\" \/>\n<meta name=\"twitter:card\" content=\"summary_large_image\" \/>\n<meta name=\"twitter:label1\" content=\"Tahmini okuma s\u00fcresi\" \/>\n\t<meta name=\"twitter:data1\" content=\"7 dakika\" \/>\n<script type=\"application\/ld+json\" class=\"yoast-schema-graph\">{\"@context\":\"https:\/\/schema.org\",\"@graph\":[{\"@type\":\"WebPage\",\"@id\":\"https:\/\/ovadent.com\/alanya-dentist\/\",\"url\":\"https:\/\/ovadent.com\/alanya-dentist\/\",\"name\":\"Alanya Dentist - Professional Dental Care Services at OvaDent\",\"isPartOf\":{\"@id\":\"https:\/\/ovadent.com\/#website\"},\"primaryImageOfPage\":{\"@id\":\"https:\/\/ovadent.com\/alanya-dentist\/#primaryimage\"},\"image\":{\"@id\":\"https:\/\/ovadent.com\/alanya-dentist\/#primaryimage\"},\"thumbnailUrl\":\"https:\/\/ovadent.com\/wp-content\/uploads\/2024\/09\/cropped-Ovadent-Favicon.png\",\"datePublished\":\"2024-11-14T12:27:39+00:00\",\"dateModified\":\"2024-11-14T12:31:28+00:00\",\"description\":\"Discover top-quality dental care in Alanya with OvaDent. From preventive dentistry to advanced cosmetic treatments, our expert team ensures exceptional results. Choose OvaDent as your trusted Alanya Dentist for a healthier, brighter smile!\",\"breadcrumb\":{\"@id\":\"https:\/\/ovadent.com\/alanya-dentist\/#breadcrumb\"},\"inLanguage\":\"tr\",\"potentialAction\":[{\"@type\":\"ReadAction\",\"target\":[\"https:\/\/ovadent.com\/alanya-dentist\/\"]}]},{\"@type\":\"ImageObject\",\"inLanguage\":\"tr\",\"@id\":\"https:\/\/ovadent.com\/alanya-dentist\/#primaryimage\",\"url\":\"https:\/\/ovadent.com\/wp-content\/uploads\/2024\/09\/cropped-Ovadent-Favicon.png\",\"contentUrl\":\"https:\/\/ovadent.com\/wp-content\/uploads\/2024\/09\/cropped-Ovadent-Favicon.png\",\"width\":512,\"height\":512,\"caption\":\"Alanya Dentist - Professional Dental Care Services at OvaDent\"},{\"@type\":\"BreadcrumbList\",\"@id\":\"https:\/\/ovadent.com\/alanya-dentist\/#breadcrumb\",\"itemListElement\":[{\"@type\":\"ListItem\",\"position\":1,\"name\":\"Anasayfa\",\"item\":\"https:\/\/ovadent.com\/\"},{\"@type\":\"ListItem\",\"position\":2,\"name\":\"Alanya Dentist\"}]},{\"@type\":\"WebSite\",\"@id\":\"https:\/\/ovadent.com\/#website\",\"url\":\"https:\/\/ovadent.com\/\",\"name\":\"Alanya Dentist & Dental | Ova Dent\",\"description\":\"Alanya Dentist &amp; Dental | Ova Dent\",\"publisher\":{\"@id\":\"https:\/\/ovadent.com\/#organization\"},\"potentialAction\":[{\"@type\":\"SearchAction\",\"target\":{\"@type\":\"EntryPoint\",\"urlTemplate\":\"https:\/\/ovadent.com\/?s={search_term_string}\"},\"query-input\":{\"@type\":\"PropertyValueSpecification\",\"valueRequired\":true,\"valueName\":\"search_term_string\"}}],\"inLanguage\":\"tr\"},{\"@type\":\"Organization\",\"@id\":\"https:\/\/ovadent.com\/#organization\",\"name\":\"Alanya Dentist & Dental | Ova Dent\",\"url\":\"https:\/\/ovadent.com\/\",\"logo\":{\"@type\":\"ImageObject\",\"inLanguage\":\"tr\",\"@id\":\"https:\/\/ovadent.com\/#\/schema\/logo\/image\/\",\"url\":\"https:\/\/ovadent.com\/wp-content\/uploads\/2024\/09\/Ovadent-Logo.png\",\"contentUrl\":\"https:\/\/ovadent.com\/wp-content\/uploads\/2024\/09\/Ovadent-Logo.png\",\"width\":1585,\"height\":586,\"caption\":\"Alanya Dentist & Dental | Ova Dent\"},\"image\":{\"@id\":\"https:\/\/ovadent.com\/#\/schema\/logo\/image\/\"}}]}<\/script>\n<!-- \/ Yoast SEO plugin. -->","yoast_head_json":{"title":"Alanya Dentist - Professional Dental Care Services at OvaDent","description":"Discover top-quality dental care in Alanya with OvaDent. From preventive dentistry to advanced cosmetic treatments, our expert team ensures exceptional results. Choose OvaDent as your trusted Alanya Dentist for a healthier, brighter smile!","robots":{"index":"index","follow":"follow","max-snippet":"max-snippet:-1","max-image-preview":"max-image-preview:large","max-video-preview":"max-video-preview:-1"},"canonical":"https:\/\/ovadent.com\/tr\/alanya-dentist\/","og_locale":"tr_TR","og_type":"article","og_title":"Alanya Dentist - Professional Dental Care Services at OvaDent","og_description":"Discover top-quality dental care in Alanya with OvaDent. From preventive dentistry to advanced cosmetic treatments, our expert team ensures exceptional results. Choose OvaDent as your trusted Alanya Dentist for a healthier, brighter smile!","og_url":"https:\/\/ovadent.com\/tr\/alanya-dentist\/","og_site_name":"Alanya Dentist &amp; Dental | Ova Dent","article_modified_time":"2024-11-14T12:31:28+00:00","og_image":[{"width":512,"height":512,"url":"https:\/\/ovadent.com\/wp-content\/uploads\/2024\/09\/cropped-Ovadent-Favicon.png","type":"image\/png"}],"twitter_card":"summary_large_image","twitter_misc":{"Tahmini okuma s\u00fcresi":"7 dakika"},"schema":{"@context":"https:\/\/schema.org","@graph":[{"@type":"WebPage","@id":"https:\/\/ovadent.com\/alanya-dentist\/","url":"https:\/\/ovadent.com\/alanya-dentist\/","name":"Alanya Dentist - Professional Dental Care Services at OvaDent","isPartOf":{"@id":"https:\/\/ovadent.com\/#website"},"primaryImageOfPage":{"@id":"https:\/\/ovadent.com\/alanya-dentist\/#primaryimage"},"image":{"@id":"https:\/\/ovadent.com\/alanya-dentist\/#primaryimage"},"thumbnailUrl":"https:\/\/ovadent.com\/wp-content\/uploads\/2024\/09\/cropped-Ovadent-Favicon.png","datePublished":"2024-11-14T12:27:39+00:00","dateModified":"2024-11-14T12:31:28+00:00","description":"Discover top-quality dental care in Alanya with OvaDent. From preventive dentistry to advanced cosmetic treatments, our expert team ensures exceptional results. Choose OvaDent as your trusted Alanya Dentist for a healthier, brighter smile!","breadcrumb":{"@id":"https:\/\/ovadent.com\/alanya-dentist\/#breadcrumb"},"inLanguage":"tr","potentialAction":[{"@type":"ReadAction","target":["https:\/\/ovadent.com\/alanya-dentist\/"]}]},{"@type":"ImageObject","inLanguage":"tr","@id":"https:\/\/ovadent.com\/alanya-dentist\/#primaryimage","url":"https:\/\/ovadent.com\/wp-content\/uploads\/2024\/09\/cropped-Ovadent-Favicon.png","contentUrl":"https:\/\/ovadent.com\/wp-content\/uploads\/2024\/09\/cropped-Ovadent-Favicon.png","width":512,"height":512,"caption":"Alanya Dentist - Professional Dental Care Services at OvaDent"},{"@type":"BreadcrumbList","@id":"https:\/\/ovadent.com\/alanya-dentist\/#breadcrumb","itemListElement":[{"@type":"ListItem","position":1,"name":"Anasayfa","item":"https:\/\/ovadent.com\/"},{"@type":"ListItem","position":2,"name":"Alanya Dentist"}]},{"@type":"WebSite","@id":"https:\/\/ovadent.com\/#website","url":"https:\/\/ovadent.com\/","name":"Alanya Dentist & Dental | Ova Dent","description":"Alanya Dentist &amp; Dental | Ova Dent","publisher":{"@id":"https:\/\/ovadent.com\/#organization"},"potentialAction":[{"@type":"SearchAction","target":{"@type":"EntryPoint","urlTemplate":"https:\/\/ovadent.com\/?s={search_term_string}"},"query-input":{"@type":"PropertyValueSpecification","valueRequired":true,"valueName":"search_term_string"}}],"inLanguage":"tr"},{"@type":"Organization","@id":"https:\/\/ovadent.com\/#organization","name":"Alanya Dentist & Dental | Ova Dent","url":"https:\/\/ovadent.com\/","logo":{"@type":"ImageObject","inLanguage":"tr","@id":"https:\/\/ovadent.com\/#\/schema\/logo\/image\/","url":"https:\/\/ovadent.com\/wp-content\/uploads\/2024\/09\/Ovadent-Logo.png","contentUrl":"https:\/\/ovadent.com\/wp-content\/uploads\/2024\/09\/Ovadent-Logo.png","width":1585,"height":586,"caption":"Alanya Dentist & Dental | Ova Dent"},"image":{"@id":"https:\/\/ovadent.com\/#\/schema\/logo\/image\/"}}]}},"_links":{"self":[{"href":"https:\/\/ovadent.com\/tr\/wp-json\/wp\/v2\/pages\/2073","targetHints":{"allow":["GET"]}}],"collection":[{"href":"https:\/\/ovadent.com\/tr\/wp-json\/wp\/v2\/pages"}],"about":[{"href":"https:\/\/ovadent.com\/tr\/wp-json\/wp\/v2\/types\/page"}],"author":[{"embeddable":true,"href":"https:\/\/ovadent.com\/tr\/wp-json\/wp\/v2\/users\/1"}],"replies":[{"embeddable":true,"href":"https:\/\/ovadent.com\/tr\/wp-json\/wp\/v2\/comments?post=2073"}],"version-history":[{"count":3,"href":"https:\/\/ovadent.com\/tr\/wp-json\/wp\/v2\/pages\/2073\/revisions"}],"predecessor-version":[{"id":2076,"href":"https:\/\/ovadent.com\/tr\/wp-json\/wp\/v2\/pages\/2073\/revisions\/2076"}],"wp:featuredmedia":[{"embeddable":true,"href":"https:\/\/ovadent.com\/tr\/wp-json\/wp\/v2\/media\/1536"}],"wp:attachment":[{"href":"https:\/\/ovadent.com\/tr\/wp-json\/wp\/v2\/media?parent=2073"}],"curies":[{"name":"wp","href":"https:\/\/api.w.org\/{rel}","templated":true}]}}