{"id":2079,"date":"2024-11-22T23:21:10","date_gmt":"2024-11-22T20:21:10","guid":{"rendered":"https:\/\/ovadent.com\/?page_id=2079"},"modified":"2024-11-22T23:23:24","modified_gmt":"2024-11-22T20:23:24","slug":"alanya-dentist-2","status":"publish","type":"page","link":"https:\/\/ovadent.com\/tr\/alanya-dentist-2\/","title":{"rendered":"Alanya Di\u015f Hekimi"},"content":{"rendered":"<section data-bb-version=\"5.1.2\" id=\"bt_bb_section6a05fb14ecbcd\" class=\"bt_bb_section bt_bb_layout_boxed_1200\"  data-bt-override-class=\"null\"><div class=\"bt_bb_port\"><div class=\"bt_bb_cell\"><div class=\"bt_bb_cell_inner\"><div class=\"bt_bb_row\"  data-bt-override-class=\"{}\"><div class=\"bt_bb_row_holder\" ><div data-bb-version=\"5.1.2\"  class=\"bt_bb_column col-xxl-12 col-xl-12 col-xs-12 col-sm-12 col-md-12 col-lg-12 bt_bb_vertical_align_top bt_bb_align_left bt_bb_padding_normal\"  data-width=\"12\" data-bt-override-class=\"{}\"><div class=\"bt_bb_column_content\"><header data-bb-version=\"5.1.2\" class=\"bt_bb_headline bt_bb_dash_none bt_bb_size_inherit bt_bb_align_inherit bt_bb_dash_type_none\" data-bt-override-class=\"{&quot;bt_bb_size_&quot;:{&quot;current_class&quot;:&quot;bt_bb_size_inherit&quot;,&quot;xxl&quot;:&quot;inherit&quot;},&quot;bt_bb_align_&quot;:{&quot;current_class&quot;:&quot;bt_bb_align_inherit&quot;,&quot;xxl&quot;:&quot;inherit&quot;}}\"><h1 class=\"bt_bb_headline_tag\"><span class=\"bt_bb_headline_content\"><span>Alanya Di\u015f Hekimi - Ova Dent&#039;te Uzman Di\u015f Bak\u0131m\u0131<\/span><\/span><\/h1><\/header><div data-bb-version=\"5.1.2\"  class=\"bt_bb_text\" ><\/p>\n<h3>Alanya Di\u015f Hekimi: Ova Dent&#039;te Di\u015f Bak\u0131m\u0131 \u0130\u00e7in G\u00fcvenilir Orta\u011f\u0131n\u0131z<\/h3>\n<h4>Alanya&#039;da Uzman Di\u015f Hizmetleri<\/h4>\n<p>Ova Dent, Alanya&#039;daki yerel ve uluslararas\u0131 hastalara kapsaml\u0131 hizmetler sunan birinci s\u0131n\u0131f bir di\u015f klini\u011fidir. Rutin kontroller, kozmetik tedaviler veya geli\u015fmi\u015f di\u015f prosed\u00fcrlerine ihtiyac\u0131n\u0131z olsun, uzman di\u015f hekimlerimizden olu\u015fan ekibimiz en \u00fcst d\u00fczey bak\u0131m\u0131 sa\u011flamak i\u00e7in burada. Bir &quot;Alanya Di\u015f Hekimi&quot; ar\u0131yorsan\u0131z, Ova Dent g\u00fcvenebilece\u011finiz g\u00fcvenilir isimdir.<\/p>\n<h4>Di\u015f Bak\u0131m\u0131n\u0131z \u0130\u00e7in Neden Ova Dent&#039;i Se\u00e7melisiniz?<\/h4>\n<h5>Yetenekli ve Deneyimli Ekip<\/h5>\n<p>Son derece kalifiye di\u015f hekimlerimiz her tedaviye y\u0131llar\u0131n uzmanl\u0131\u011f\u0131n\u0131 getiriyor. Rutin temizliklerden karma\u015f\u0131k di\u015f cerrahilerine kadar, ola\u011fan\u00fcst\u00fc sonu\u00e7lar i\u00e7in Ova Dent&#039;e g\u00fcvenebilirsiniz.<\/p>\n<h5>\u0130leri Teknoloji<\/h5>\n<p>Kesin te\u015fhis ve etkili tedaviler sa\u011flamak i\u00e7in son teknoloji di\u015f teknolojisine yat\u0131r\u0131m yap\u0131yoruz. Dijital r\u00f6ntgenlerden son teknoloji lazer sistemlerine kadar, ara\u00e7lar\u0131m\u0131z ald\u0131\u011f\u0131n\u0131z bak\u0131m\u0131n kalitesini art\u0131r\u0131r.<\/p>\n<h5>Hasta Merkezli Yakla\u015f\u0131m<\/h5>\n<p>Ova Dent&#039;te \u00f6nceli\u011fimiz konforunuzdur. G\u00fcler y\u00fczl\u00fc ekibimiz, \u00f6zel di\u015f ihtiya\u00e7lar\u0131n\u0131za g\u00f6re uyarlanm\u0131\u015f ki\u015fiselle\u015ftirilmi\u015f tedavi planlar\u0131 sunarak stressiz bir deneyim sa\u011flar.<\/p>\n<h4>Hizmetlerimiz<\/h4>\n<h5>\u00d6nleyici Di\u015f Hekimli\u011fi<\/h5>\n<p>D\u00fczenli kontroller, profesyonel temizlikler ve flor\u00fcr tedavileri ile a\u011f\u0131z sa\u011fl\u0131\u011f\u0131n\u0131z\u0131 koruyun. Di\u015f sorunlar\u0131n\u0131n erken te\u015fhisi gelecekte daha \u00f6nemli sorunlar\u0131n \u00f6nlenmesine yard\u0131mc\u0131 olur.<\/p>\n<h5>Kozmetik Di\u015f Hekimli\u011fi<\/h5>\n<p>Di\u015f beyazlatma, kaplama ve tam g\u00fcl\u00fc\u015f makyaj\u0131 gibi tedavilerle g\u00fcl\u00fc\u015f\u00fcn\u00fcz\u00fc g\u00fczelle\u015ftirin. Ova Dent, g\u00fczel ve kendine g\u00fcvenen g\u00fcl\u00fcmsemeler yaratma konusunda uzmanla\u015fm\u0131\u015ft\u0131r.<\/p>\n<h5>Restoratif Di\u015f Hekimli\u011fi<\/h5>\n<p>Di\u015f implantlar\u0131, kronlar ve k\u00f6pr\u00fclerle di\u015flerinizin i\u015flevini ve esteti\u011fini geri kazan\u0131n. Restoratif \u00e7\u00f6z\u00fcmlerimiz dayan\u0131kl\u0131, do\u011fal g\u00f6r\u00fcn\u00fcml\u00fcd\u00fcr ve uzun vadeli konfor i\u00e7in tasarlanm\u0131\u015ft\u0131r.<\/p>\n<h5>Ortodonti<\/h5>\n<p>Geleneksel di\u015f telleri ve modern \u015feffaf hizalay\u0131c\u0131lar dahil olmak \u00fczere ortodontik \u00e7\u00f6z\u00fcmlerimizle m\u00fckemmel hizalanm\u0131\u015f di\u015flere kavu\u015fun. \u00c7ocuklar ve yeti\u015fkinler i\u00e7in ki\u015fiselle\u015ftirilmi\u015f ortodontik bak\u0131m sa\u011fl\u0131yoruz.<\/p>\n<h5>Acil Di\u015f Bak\u0131m\u0131<\/h5>\n<p>Di\u015f acil durumlar\u0131 her an olabilir. Ova Dent, di\u015f a\u011fr\u0131lar\u0131, k\u0131r\u0131k di\u015fler veya kaybolan dolgular i\u00e7in h\u0131zl\u0131 ve g\u00fcvenilir acil bak\u0131m hizmeti sunar.<\/p>\n<h4>S\u0131k\u00e7a Sorulan Sorular<\/h4>\n<h5>Neden Ova Dent&#039;i Se\u00e7meliyim?<\/h5>\n<p>Ova Dent, Alanya&#039;da \u00fcst\u00fcn di\u015f hekimli\u011fi hizmeti sunmak i\u00e7in yetenekli profesyonelleri, ileri teknolojiyi ve hasta odakl\u0131 felsefeyi bir araya getiriyor.<\/p>\n<h5>Ova Dent Uluslararas\u0131 Hastalar \u0130\u00e7in Uygun Mudur?<\/h5>\n<p>Evet, Ova Dent, Alanya&#039;da y\u00fcksek kaliteli di\u015f bak\u0131m\u0131 arayan uluslararas\u0131 hastalar\u0131 memnuniyetle kar\u015f\u0131lar. Ekibimiz t\u00fcm hastalar i\u00e7in konforlu bir deneyim sa\u011flar.<\/p>\n<h5>Hangi Kozmetik Tedavileri Sunuyorsunuz?<\/h5>\n<p>Di\u015f beyazlatma, kaplama ve komple g\u00fcl\u00fc\u015f tasar\u0131m\u0131 hizmeti sunuyoruz. Bu tedaviler, \u0131\u015f\u0131lt\u0131l\u0131 bir g\u00fcl\u00fcmsemeyle \u00f6zg\u00fcveninizi art\u0131rmak i\u00e7in tasarlanm\u0131\u015ft\u0131r.<\/p>\n<h4>Sonu\u00e7: Ova Dent&#039;te G\u00fcvenilir Alanya Di\u015f Hekimi<\/h4>\n<p>Ova Dent&#039;te, misafirperver ve modern bir ortamda kapsaml\u0131 di\u015f bak\u0131m\u0131 sa\u011flamak i\u00e7in \u00e7abal\u0131yoruz. \u0130ster \u00f6nleyici bak\u0131ma, ister kozmetik tedavilere veya acil di\u015f hizmetlerine ihtiyac\u0131n\u0131z olsun, ekibimiz size yard\u0131mc\u0131 olmak i\u00e7in burada. Bug\u00fcn Ova Dent ile ileti\u015fime ge\u00e7erek randevu planlay\u0131n ve Alanya&#039;daki en iyi di\u015f bak\u0131m\u0131n\u0131 deneyimleyin.<\/p>\n<p>\n<\/div><\/div><\/div><\/div><\/div><\/div><!-- cell_inner --><\/div><!-- cell --><\/div><!-- port --><\/section>","protected":false},"excerpt":{"rendered":"","protected":false},"author":1,"featured_media":2020,"parent":0,"menu_order":0,"comment_status":"closed","ping_status":"closed","template":"","meta":{"footnotes":""},"class_list":["post-2079","page","type-page","status-publish","has-post-thumbnail","hentry"],"yoast_head":"<!-- This site is optimized with the Yoast SEO plugin v23.4 - https:\/\/yoast.com\/wordpress\/plugins\/seo\/ -->\n<title>Alanya Dentist - Expert Dental Care at Ova Dent<\/title>\n<meta name=\"description\" content=\"Looking for an Alanya Dentist? Ova Dent offers advanced dental care, including cosmetic, restorative, and emergency treatments. Book your appointment today!\" \/>\n<meta name=\"robots\" content=\"index, follow, max-snippet:-1, max-image-preview:large, max-video-preview:-1\" \/>\n<link rel=\"canonical\" href=\"https:\/\/ovadent.com\/tr\/alanya-dentist-2\/\" \/>\n<meta property=\"og:locale\" content=\"tr_TR\" \/>\n<meta property=\"og:type\" content=\"article\" \/>\n<meta property=\"og:title\" content=\"Alanya Dentist - Expert Dental Care at Ova Dent\" \/>\n<meta property=\"og:description\" content=\"Looking for an Alanya Dentist? Ova Dent offers advanced dental care, including cosmetic, restorative, and emergency treatments. Book your appointment today!\" \/>\n<meta property=\"og:url\" content=\"https:\/\/ovadent.com\/tr\/alanya-dentist-2\/\" \/>\n<meta property=\"og:site_name\" content=\"Alanya Dentist &amp; Dental | Ova Dent\" \/>\n<meta property=\"article:modified_time\" content=\"2024-11-22T20:23:24+00:00\" \/>\n<meta property=\"og:image\" content=\"https:\/\/ovadent.com\/wp-content\/uploads\/2024\/10\/27-1.jpg\" \/>\n\t<meta property=\"og:image:width\" content=\"1080\" \/>\n\t<meta property=\"og:image:height\" content=\"1080\" \/>\n\t<meta property=\"og:image:type\" content=\"image\/jpeg\" \/>\n<meta name=\"twitter:card\" content=\"summary_large_image\" \/>\n<meta name=\"twitter:label1\" content=\"Tahmini okuma s\u00fcresi\" \/>\n\t<meta name=\"twitter:data1\" content=\"7 dakika\" \/>\n<script type=\"application\/ld+json\" class=\"yoast-schema-graph\">{\"@context\":\"https:\/\/schema.org\",\"@graph\":[{\"@type\":\"WebPage\",\"@id\":\"https:\/\/ovadent.com\/alanya-dentist-2\/\",\"url\":\"https:\/\/ovadent.com\/alanya-dentist-2\/\",\"name\":\"Alanya Dentist - Expert Dental Care at Ova Dent\",\"isPartOf\":{\"@id\":\"https:\/\/ovadent.com\/#website\"},\"primaryImageOfPage\":{\"@id\":\"https:\/\/ovadent.com\/alanya-dentist-2\/#primaryimage\"},\"image\":{\"@id\":\"https:\/\/ovadent.com\/alanya-dentist-2\/#primaryimage\"},\"thumbnailUrl\":\"https:\/\/ovadent.com\/wp-content\/uploads\/2024\/10\/27-1.jpg\",\"datePublished\":\"2024-11-22T20:21:10+00:00\",\"dateModified\":\"2024-11-22T20:23:24+00:00\",\"description\":\"Looking for an Alanya Dentist? Ova Dent offers advanced dental care, including cosmetic, restorative, and emergency treatments. Book your appointment today!\",\"breadcrumb\":{\"@id\":\"https:\/\/ovadent.com\/alanya-dentist-2\/#breadcrumb\"},\"inLanguage\":\"tr\",\"potentialAction\":[{\"@type\":\"ReadAction\",\"target\":[\"https:\/\/ovadent.com\/alanya-dentist-2\/\"]}]},{\"@type\":\"ImageObject\",\"inLanguage\":\"tr\",\"@id\":\"https:\/\/ovadent.com\/alanya-dentist-2\/#primaryimage\",\"url\":\"https:\/\/ovadent.com\/wp-content\/uploads\/2024\/10\/27-1.jpg\",\"contentUrl\":\"https:\/\/ovadent.com\/wp-content\/uploads\/2024\/10\/27-1.jpg\",\"width\":1080,\"height\":1080,\"caption\":\"Dental Clinic in Alanya\"},{\"@type\":\"BreadcrumbList\",\"@id\":\"https:\/\/ovadent.com\/alanya-dentist-2\/#breadcrumb\",\"itemListElement\":[{\"@type\":\"ListItem\",\"position\":1,\"name\":\"Anasayfa\",\"item\":\"https:\/\/ovadent.com\/\"},{\"@type\":\"ListItem\",\"position\":2,\"name\":\"Alanya Dentist\"}]},{\"@type\":\"WebSite\",\"@id\":\"https:\/\/ovadent.com\/#website\",\"url\":\"https:\/\/ovadent.com\/\",\"name\":\"Alanya Dentist & Dental | Ova Dent\",\"description\":\"Alanya Dentist &amp; Dental | Ova Dent\",\"publisher\":{\"@id\":\"https:\/\/ovadent.com\/#organization\"},\"potentialAction\":[{\"@type\":\"SearchAction\",\"target\":{\"@type\":\"EntryPoint\",\"urlTemplate\":\"https:\/\/ovadent.com\/?s={search_term_string}\"},\"query-input\":{\"@type\":\"PropertyValueSpecification\",\"valueRequired\":true,\"valueName\":\"search_term_string\"}}],\"inLanguage\":\"tr\"},{\"@type\":\"Organization\",\"@id\":\"https:\/\/ovadent.com\/#organization\",\"name\":\"Alanya Dentist & Dental | Ova Dent\",\"url\":\"https:\/\/ovadent.com\/\",\"logo\":{\"@type\":\"ImageObject\",\"inLanguage\":\"tr\",\"@id\":\"https:\/\/ovadent.com\/#\/schema\/logo\/image\/\",\"url\":\"https:\/\/ovadent.com\/wp-content\/uploads\/2024\/09\/Ovadent-Logo.png\",\"contentUrl\":\"https:\/\/ovadent.com\/wp-content\/uploads\/2024\/09\/Ovadent-Logo.png\",\"width\":1585,\"height\":586,\"caption\":\"Alanya Dentist & Dental | Ova Dent\"},\"image\":{\"@id\":\"https:\/\/ovadent.com\/#\/schema\/logo\/image\/\"}}]}<\/script>\n<!-- \/ Yoast SEO plugin. -->","yoast_head_json":{"title":"Alanya Dentist - Expert Dental Care at Ova Dent","description":"Looking for an Alanya Dentist? Ova Dent offers advanced dental care, including cosmetic, restorative, and emergency treatments. Book your appointment today!","robots":{"index":"index","follow":"follow","max-snippet":"max-snippet:-1","max-image-preview":"max-image-preview:large","max-video-preview":"max-video-preview:-1"},"canonical":"https:\/\/ovadent.com\/tr\/alanya-dentist-2\/","og_locale":"tr_TR","og_type":"article","og_title":"Alanya Dentist - Expert Dental Care at Ova Dent","og_description":"Looking for an Alanya Dentist? Ova Dent offers advanced dental care, including cosmetic, restorative, and emergency treatments. Book your appointment today!","og_url":"https:\/\/ovadent.com\/tr\/alanya-dentist-2\/","og_site_name":"Alanya Dentist &amp; Dental | Ova Dent","article_modified_time":"2024-11-22T20:23:24+00:00","og_image":[{"width":1080,"height":1080,"url":"https:\/\/ovadent.com\/wp-content\/uploads\/2024\/10\/27-1.jpg","type":"image\/jpeg"}],"twitter_card":"summary_large_image","twitter_misc":{"Tahmini okuma s\u00fcresi":"7 dakika"},"schema":{"@context":"https:\/\/schema.org","@graph":[{"@type":"WebPage","@id":"https:\/\/ovadent.com\/alanya-dentist-2\/","url":"https:\/\/ovadent.com\/alanya-dentist-2\/","name":"Alanya Dentist - Expert Dental Care at Ova Dent","isPartOf":{"@id":"https:\/\/ovadent.com\/#website"},"primaryImageOfPage":{"@id":"https:\/\/ovadent.com\/alanya-dentist-2\/#primaryimage"},"image":{"@id":"https:\/\/ovadent.com\/alanya-dentist-2\/#primaryimage"},"thumbnailUrl":"https:\/\/ovadent.com\/wp-content\/uploads\/2024\/10\/27-1.jpg","datePublished":"2024-11-22T20:21:10+00:00","dateModified":"2024-11-22T20:23:24+00:00","description":"Looking for an Alanya Dentist? Ova Dent offers advanced dental care, including cosmetic, restorative, and emergency treatments. Book your appointment today!","breadcrumb":{"@id":"https:\/\/ovadent.com\/alanya-dentist-2\/#breadcrumb"},"inLanguage":"tr","potentialAction":[{"@type":"ReadAction","target":["https:\/\/ovadent.com\/alanya-dentist-2\/"]}]},{"@type":"ImageObject","inLanguage":"tr","@id":"https:\/\/ovadent.com\/alanya-dentist-2\/#primaryimage","url":"https:\/\/ovadent.com\/wp-content\/uploads\/2024\/10\/27-1.jpg","contentUrl":"https:\/\/ovadent.com\/wp-content\/uploads\/2024\/10\/27-1.jpg","width":1080,"height":1080,"caption":"Dental Clinic in Alanya"},{"@type":"BreadcrumbList","@id":"https:\/\/ovadent.com\/alanya-dentist-2\/#breadcrumb","itemListElement":[{"@type":"ListItem","position":1,"name":"Anasayfa","item":"https:\/\/ovadent.com\/"},{"@type":"ListItem","position":2,"name":"Alanya Dentist"}]},{"@type":"WebSite","@id":"https:\/\/ovadent.com\/#website","url":"https:\/\/ovadent.com\/","name":"Alanya Dentist & Dental | Ova Dent","description":"Alanya Dentist &amp; Dental | Ova Dent","publisher":{"@id":"https:\/\/ovadent.com\/#organization"},"potentialAction":[{"@type":"SearchAction","target":{"@type":"EntryPoint","urlTemplate":"https:\/\/ovadent.com\/?s={search_term_string}"},"query-input":{"@type":"PropertyValueSpecification","valueRequired":true,"valueName":"search_term_string"}}],"inLanguage":"tr"},{"@type":"Organization","@id":"https:\/\/ovadent.com\/#organization","name":"Alanya Dentist & Dental | Ova Dent","url":"https:\/\/ovadent.com\/","logo":{"@type":"ImageObject","inLanguage":"tr","@id":"https:\/\/ovadent.com\/#\/schema\/logo\/image\/","url":"https:\/\/ovadent.com\/wp-content\/uploads\/2024\/09\/Ovadent-Logo.png","contentUrl":"https:\/\/ovadent.com\/wp-content\/uploads\/2024\/09\/Ovadent-Logo.png","width":1585,"height":586,"caption":"Alanya Dentist & Dental | Ova Dent"},"image":{"@id":"https:\/\/ovadent.com\/#\/schema\/logo\/image\/"}}]}},"_links":{"self":[{"href":"https:\/\/ovadent.com\/tr\/wp-json\/wp\/v2\/pages\/2079","targetHints":{"allow":["GET"]}}],"collection":[{"href":"https:\/\/ovadent.com\/tr\/wp-json\/wp\/v2\/pages"}],"about":[{"href":"https:\/\/ovadent.com\/tr\/wp-json\/wp\/v2\/types\/page"}],"author":[{"embeddable":true,"href":"https:\/\/ovadent.com\/tr\/wp-json\/wp\/v2\/users\/1"}],"replies":[{"embeddable":true,"href":"https:\/\/ovadent.com\/tr\/wp-json\/wp\/v2\/comments?post=2079"}],"version-history":[{"count":3,"href":"https:\/\/ovadent.com\/tr\/wp-json\/wp\/v2\/pages\/2079\/revisions"}],"predecessor-version":[{"id":2082,"href":"https:\/\/ovadent.com\/tr\/wp-json\/wp\/v2\/pages\/2079\/revisions\/2082"}],"wp:featuredmedia":[{"embeddable":true,"href":"https:\/\/ovadent.com\/tr\/wp-json\/wp\/v2\/media\/2020"}],"wp:attachment":[{"href":"https:\/\/ovadent.com\/tr\/wp-json\/wp\/v2\/media?parent=2079"}],"curies":[{"name":"wp","href":"https:\/\/api.w.org\/{rel}","templated":true}]}}