{"id":2083,"date":"2024-11-22T23:24:52","date_gmt":"2024-11-22T20:24:52","guid":{"rendered":"https:\/\/ovadent.com\/?page_id=2083"},"modified":"2024-11-22T23:24:52","modified_gmt":"2024-11-22T20:24:52","slug":"alanya-dentist-3","status":"publish","type":"page","link":"https:\/\/ovadent.com\/tr\/alanya-dentist-3\/","title":{"rendered":"Alanya Di\u015f Hekimi"},"content":{"rendered":"<section data-bb-version=\"5.1.2\" id=\"bt_bb_section6a01ad4d1c3c9\" class=\"bt_bb_section bt_bb_layout_boxed_1200\"  data-bt-override-class=\"null\"><div class=\"bt_bb_port\"><div class=\"bt_bb_cell\"><div class=\"bt_bb_cell_inner\"><div class=\"bt_bb_row\"  data-bt-override-class=\"{}\"><div class=\"bt_bb_row_holder\" ><div data-bb-version=\"5.1.2\"  class=\"bt_bb_column col-xxl-12 col-xl-12 col-xs-12 col-sm-12 col-md-12 col-lg-12 bt_bb_vertical_align_top bt_bb_align_left bt_bb_padding_normal\"  data-width=\"12\" data-bt-override-class=\"{}\"><div class=\"bt_bb_column_content\"><header data-bb-version=\"5.1.2\" class=\"bt_bb_headline bt_bb_dash_none bt_bb_size_inherit bt_bb_align_inherit bt_bb_dash_type_none\" data-bt-override-class=\"{&quot;bt_bb_size_&quot;:{&quot;current_class&quot;:&quot;bt_bb_size_inherit&quot;,&quot;xxl&quot;:&quot;inherit&quot;},&quot;bt_bb_align_&quot;:{&quot;current_class&quot;:&quot;bt_bb_align_inherit&quot;,&quot;xxl&quot;:&quot;inherit&quot;}}\"><h1 class=\"bt_bb_headline_tag\"><span class=\"bt_bb_headline_content\"><span>Alanya Di\u015f Hekimi - Ova Dent&#039;te Premium Di\u015f Hizmetleri<\/span><\/span><\/h1><\/header><div data-bb-version=\"5.1.2\"  class=\"bt_bb_text\" ><\/p>\n<h3>Alanya Di\u015f Hekimi: Ova Dent&#039;te Premium Di\u015f Bak\u0131m\u0131<\/h3>\n<h4>Ova Dent&#039;e Ho\u015f Geldiniz \u2013 Alanya&#039;daki G\u00fcvenilir Di\u015f Klini\u011finiz<\/h4>\n<p>G\u00fcvenilir birini ar\u0131yorsan\u0131z <strong>\u201cAlanya Di\u015f Hekimi\u201d<\/strong>, Ova Dent ihtiya\u00e7lar\u0131n\u0131za g\u00f6re uyarlanm\u0131\u015f ola\u011fan\u00fcst\u00fc di\u015f bak\u0131m\u0131 sa\u011flamak i\u00e7in burada. Son derece yetenekli profesyonellerden olu\u015fan bir ekip ve son teknolojiyle, her hastan\u0131n rahat ve samimi bir ortamda birinci s\u0131n\u0131f tedaviler almas\u0131n\u0131 sa\u011fl\u0131yoruz.<\/p>\n<h4>Neden Ova Dent&#039;i Se\u00e7melisiniz?<\/h4>\n<h5>G\u00fcvenebilece\u011finiz Uzmanl\u0131k<\/h5>\n<p>Deneyimli di\u015f hekimlerimiz hassas ve etkili tedaviler sunmaya adanm\u0131\u015ft\u0131r. \u00d6nleyici bak\u0131mdan geli\u015fmi\u015f prosed\u00fcrlere kadar, Ova Dent m\u00fckemmel a\u011f\u0131z sa\u011fl\u0131\u011f\u0131 i\u00e7in orta\u011f\u0131n\u0131zd\u0131r.<\/p>\n<h5>Modern Teknoloji<\/h5>\n<p>Ova Dent, t\u00fcm hizmetlerimizde do\u011fruluk, g\u00fcvenlik ve verimlili\u011fi garanti eden son teknoloji di\u015f aletleriyle donat\u0131lm\u0131\u015ft\u0131r. Dijital g\u00f6r\u00fcnt\u00fcleme, geli\u015fmi\u015f sterilizasyon y\u00f6ntemleri ve lazer teknolojileri kulland\u0131\u011f\u0131m\u0131z yeniliklerden sadece birka\u00e7\u0131d\u0131r.<\/p>\n<h5>Hasta Merkezli Yakla\u015f\u0131m<\/h5>\n<p>Konforunuzu ve memnuniyetinizi \u00f6n planda tutuyoruz. Her tedavi plan\u0131, di\u015f ihtiya\u00e7lar\u0131n\u0131za ve tercihlerinize uyacak \u015fekilde ki\u015fiselle\u015ftirilir ve ba\u015ftan sona stressiz bir deneyim sunar.<\/p>\n<h4>Ova Dent&#039;te Kapsaml\u0131 Di\u015f Hizmetleri<\/h4>\n<h5>\u00d6nleyici Di\u015f Hekimli\u011fi<\/h5>\n<p>D\u00fczenli kontroller, profesyonel temizlikler ve koruyucu flor\u00fcr tedavileriyle di\u015flerinizi ve di\u015f etlerinizi sa\u011fl\u0131kl\u0131 tutun. \u00d6nleme, \u00f6m\u00fcr boyu sa\u011fl\u0131kl\u0131 bir g\u00fcl\u00fcmsemenin temelidir.<\/p>\n<h5>Kozmetik Di\u015f Hekimli\u011fi<\/h5>\n<p>Di\u015f beyazlatma, porselen kaplamalar ve komple g\u00fcl\u00fc\u015f makyaj\u0131 gibi \u00e7e\u015fitli kozmetik tedavilerimizle hayallerinizdeki g\u00fcl\u00fcmsemeye kavu\u015fun. Ova Dent \u00f6zg\u00fcveninizi art\u0131rmak i\u00e7in burada.<\/p>\n<h5>Restoratif Di\u015f Hekimli\u011fi<\/h5>\n<p>Di\u015f kronlar\u0131, k\u00f6pr\u00fcler ve implantlar gibi dayan\u0131kl\u0131 \u00e7\u00f6z\u00fcmlerle g\u00fcl\u00fcmsemenizi geri kazan\u0131n. Restoratif tedavilerimiz, do\u011fal g\u00f6r\u00fcn\u00fcml\u00fc sonu\u00e7lar i\u00e7in i\u015flevselli\u011fi estetikle birle\u015ftirir.<\/p>\n<h5>Ortodonti<\/h5>\n<p>Geleneksel di\u015f telleri ve \u015feffaf hizalay\u0131c\u0131lar dahil olmak \u00fczere ortodontik se\u00e7eneklerimizle di\u015flerinizi d\u00fczeltin ve \u0131s\u0131r\u0131\u011f\u0131n\u0131z\u0131 iyile\u015ftirin. Her ya\u015ftan hastaya \u00e7\u00f6z\u00fcmler sunuyoruz.<\/p>\n<h5>Acil Di\u015f Hizmetleri<\/h5>\n<p>Di\u015f acil durumlar\u0131 en az bekledi\u011finiz anda ortaya \u00e7\u0131kabilir. Di\u015f a\u011fr\u0131s\u0131, k\u0131r\u0131k di\u015f veya kay\u0131p dolgu olsun, Ova Dent h\u0131zl\u0131 ve etkili acil bak\u0131m sa\u011flar.<\/p>\n<h4>Uluslararas\u0131 Hastalar Neden Ova Dent&#039;i Seviyor<\/h4>\n<p>Alanya, di\u015f turizmi i\u00e7in pop\u00fcler bir yerdir ve Ova Dent, d\u00fcnyan\u0131n d\u00f6rt bir yan\u0131ndan gelen hastalara hizmet vermekten gurur duyar. Ekibimiz, uluslararas\u0131 m\u00fc\u015fterilere tedaviler sunma konusunda deneyimlidir ve kusursuz ileti\u015fim ve bak\u0131m sa\u011flar. Uygun fiyatland\u0131rma ve d\u00fcnya standartlar\u0131nda hizmetler, Ova Dent&#039;i di\u015f hekimli\u011fi arayanlar i\u00e7in en iyi tercih haline getirir. <strong>Alanya Di\u015f Hekimi<\/strong>.<\/p>\n<h4>S\u0131k\u00e7a Sorulan Sorular<\/h4>\n<h5>Ova Dent Hangi Hizmetleri Sunuyor?<\/h5>\n<p>Ova Dent, koruyucu, kozmetik, restoratif ve ortodontik tedaviler de dahil olmak \u00fczere tam kapsaml\u0131 di\u015f hekimli\u011fi hizmetleri sunmaktad\u0131r.<\/p>\n<h5>Ova Dent Her Aileye Uygun Mudur?<\/h5>\n<p>Evet, Ova Dent Alanya&#039;da her ya\u015ftan hastaya hitap ediyor ve aile dostu di\u015f bak\u0131m\u0131 hizmeti sunuyor.<\/p>\n<h5>Acil Randevu Alabilir Miyim?<\/h5>\n<p>Kesinlikle. Ova Dent acil durumlara \u00f6ncelik verir ve t\u00fcm acil di\u015f sorunlar\u0131 i\u00e7in h\u0131zl\u0131 bak\u0131m sa\u011flar.<\/p>\n<h4>Ova Dent&#039;te Di\u015f Bak\u0131m\u0131nda M\u00fckemmelli\u011fi Deneyimleyin<\/h4>\n<p>\u00d6nde gelen bir <strong>\u201cAlanya Di\u015f Hekimi\u201d<\/strong>, Ova Dent, ola\u011fan\u00fcst\u00fc di\u015f hizmetleri sunmak i\u00e7in uzmanl\u0131k, teknoloji ve \u015fefkati bir araya getirir. Rutin bak\u0131ma, kozmetik bir y\u00fckseltmeye veya acil ilgiye ihtiyac\u0131n\u0131z olsun, size yard\u0131mc\u0131 olmak i\u00e7in buraday\u0131z. Randevunuzu planlamak ve daha sa\u011fl\u0131kl\u0131, daha parlak bir g\u00fcl\u00fcmsemeye do\u011fru ilk ad\u0131m\u0131 atmak i\u00e7in bug\u00fcn bizimle ileti\u015fime ge\u00e7in.<\/p>\n<p>\n<\/div><\/div><\/div><\/div><\/div><\/div><!-- cell_inner --><\/div><!-- cell --><\/div><!-- port --><\/section>","protected":false},"excerpt":{"rendered":"","protected":false},"author":1,"featured_media":2020,"parent":0,"menu_order":0,"comment_status":"closed","ping_status":"closed","template":"","meta":{"footnotes":""},"class_list":["post-2083","page","type-page","status-publish","has-post-thumbnail","hentry"],"yoast_head":"<!-- This site is optimized with the Yoast SEO plugin v23.4 - https:\/\/yoast.com\/wordpress\/plugins\/seo\/ -->\n<title>Alanya Dentist - Premium Dental Services at Ova Dent<\/title>\n<meta name=\"description\" content=\"Looking for a trusted Alanya Dentist? Ova Dent offers expert dental care, including preventive, cosmetic, and emergency treatments. Book your appointment today!\" \/>\n<meta name=\"robots\" content=\"index, follow, max-snippet:-1, max-image-preview:large, max-video-preview:-1\" \/>\n<link rel=\"canonical\" href=\"https:\/\/ovadent.com\/tr\/alanya-dentist-3\/\" \/>\n<meta property=\"og:locale\" content=\"tr_TR\" \/>\n<meta property=\"og:type\" content=\"article\" \/>\n<meta property=\"og:title\" content=\"Alanya Dentist - Premium Dental Services at Ova Dent\" \/>\n<meta property=\"og:description\" content=\"Looking for a trusted Alanya Dentist? Ova Dent offers expert dental care, including preventive, cosmetic, and emergency treatments. Book your appointment today!\" \/>\n<meta property=\"og:url\" content=\"https:\/\/ovadent.com\/tr\/alanya-dentist-3\/\" \/>\n<meta property=\"og:site_name\" content=\"Alanya Dentist &amp; Dental | Ova Dent\" \/>\n<meta property=\"og:image\" content=\"https:\/\/ovadent.com\/wp-content\/uploads\/2024\/10\/27-1.jpg\" \/>\n\t<meta property=\"og:image:width\" content=\"1080\" \/>\n\t<meta property=\"og:image:height\" content=\"1080\" \/>\n\t<meta property=\"og:image:type\" content=\"image\/jpeg\" \/>\n<meta name=\"twitter:card\" content=\"summary_large_image\" \/>\n<script type=\"application\/ld+json\" class=\"yoast-schema-graph\">{\"@context\":\"https:\/\/schema.org\",\"@graph\":[{\"@type\":\"WebPage\",\"@id\":\"https:\/\/ovadent.com\/alanya-dentist-3\/\",\"url\":\"https:\/\/ovadent.com\/alanya-dentist-3\/\",\"name\":\"Alanya Dentist - Premium Dental Services at Ova Dent\",\"isPartOf\":{\"@id\":\"https:\/\/ovadent.com\/#website\"},\"primaryImageOfPage\":{\"@id\":\"https:\/\/ovadent.com\/alanya-dentist-3\/#primaryimage\"},\"image\":{\"@id\":\"https:\/\/ovadent.com\/alanya-dentist-3\/#primaryimage\"},\"thumbnailUrl\":\"https:\/\/ovadent.com\/wp-content\/uploads\/2024\/10\/27-1.jpg\",\"datePublished\":\"2024-11-22T20:24:52+00:00\",\"dateModified\":\"2024-11-22T20:24:52+00:00\",\"description\":\"Looking for a trusted Alanya Dentist? Ova Dent offers expert dental care, including preventive, cosmetic, and emergency treatments. Book your appointment today!\",\"breadcrumb\":{\"@id\":\"https:\/\/ovadent.com\/alanya-dentist-3\/#breadcrumb\"},\"inLanguage\":\"tr\",\"potentialAction\":[{\"@type\":\"ReadAction\",\"target\":[\"https:\/\/ovadent.com\/alanya-dentist-3\/\"]}]},{\"@type\":\"ImageObject\",\"inLanguage\":\"tr\",\"@id\":\"https:\/\/ovadent.com\/alanya-dentist-3\/#primaryimage\",\"url\":\"https:\/\/ovadent.com\/wp-content\/uploads\/2024\/10\/27-1.jpg\",\"contentUrl\":\"https:\/\/ovadent.com\/wp-content\/uploads\/2024\/10\/27-1.jpg\",\"width\":1080,\"height\":1080,\"caption\":\"Dental Clinic in Alanya\"},{\"@type\":\"BreadcrumbList\",\"@id\":\"https:\/\/ovadent.com\/alanya-dentist-3\/#breadcrumb\",\"itemListElement\":[{\"@type\":\"ListItem\",\"position\":1,\"name\":\"Anasayfa\",\"item\":\"https:\/\/ovadent.com\/\"},{\"@type\":\"ListItem\",\"position\":2,\"name\":\"Alanya Dentist\"}]},{\"@type\":\"WebSite\",\"@id\":\"https:\/\/ovadent.com\/#website\",\"url\":\"https:\/\/ovadent.com\/\",\"name\":\"Alanya Dentist & Dental | Ova Dent\",\"description\":\"Alanya Dentist &amp; Dental | Ova Dent\",\"publisher\":{\"@id\":\"https:\/\/ovadent.com\/#organization\"},\"potentialAction\":[{\"@type\":\"SearchAction\",\"target\":{\"@type\":\"EntryPoint\",\"urlTemplate\":\"https:\/\/ovadent.com\/?s={search_term_string}\"},\"query-input\":{\"@type\":\"PropertyValueSpecification\",\"valueRequired\":true,\"valueName\":\"search_term_string\"}}],\"inLanguage\":\"tr\"},{\"@type\":\"Organization\",\"@id\":\"https:\/\/ovadent.com\/#organization\",\"name\":\"Alanya Dentist & Dental | Ova Dent\",\"url\":\"https:\/\/ovadent.com\/\",\"logo\":{\"@type\":\"ImageObject\",\"inLanguage\":\"tr\",\"@id\":\"https:\/\/ovadent.com\/#\/schema\/logo\/image\/\",\"url\":\"https:\/\/ovadent.com\/wp-content\/uploads\/2024\/09\/Ovadent-Logo.png\",\"contentUrl\":\"https:\/\/ovadent.com\/wp-content\/uploads\/2024\/09\/Ovadent-Logo.png\",\"width\":1585,\"height\":586,\"caption\":\"Alanya Dentist & Dental | Ova Dent\"},\"image\":{\"@id\":\"https:\/\/ovadent.com\/#\/schema\/logo\/image\/\"}}]}<\/script>\n<!-- \/ Yoast SEO plugin. -->","yoast_head_json":{"title":"Alanya Dentist - Premium Dental Services at Ova Dent","description":"Looking for a trusted Alanya Dentist? Ova Dent offers expert dental care, including preventive, cosmetic, and emergency treatments. Book your appointment today!","robots":{"index":"index","follow":"follow","max-snippet":"max-snippet:-1","max-image-preview":"max-image-preview:large","max-video-preview":"max-video-preview:-1"},"canonical":"https:\/\/ovadent.com\/tr\/alanya-dentist-3\/","og_locale":"tr_TR","og_type":"article","og_title":"Alanya Dentist - Premium Dental Services at Ova Dent","og_description":"Looking for a trusted Alanya Dentist? Ova Dent offers expert dental care, including preventive, cosmetic, and emergency treatments. Book your appointment today!","og_url":"https:\/\/ovadent.com\/tr\/alanya-dentist-3\/","og_site_name":"Alanya Dentist &amp; Dental | Ova Dent","og_image":[{"width":1080,"height":1080,"url":"https:\/\/ovadent.com\/wp-content\/uploads\/2024\/10\/27-1.jpg","type":"image\/jpeg"}],"twitter_card":"summary_large_image","schema":{"@context":"https:\/\/schema.org","@graph":[{"@type":"WebPage","@id":"https:\/\/ovadent.com\/alanya-dentist-3\/","url":"https:\/\/ovadent.com\/alanya-dentist-3\/","name":"Alanya Dentist - Premium Dental Services at Ova Dent","isPartOf":{"@id":"https:\/\/ovadent.com\/#website"},"primaryImageOfPage":{"@id":"https:\/\/ovadent.com\/alanya-dentist-3\/#primaryimage"},"image":{"@id":"https:\/\/ovadent.com\/alanya-dentist-3\/#primaryimage"},"thumbnailUrl":"https:\/\/ovadent.com\/wp-content\/uploads\/2024\/10\/27-1.jpg","datePublished":"2024-11-22T20:24:52+00:00","dateModified":"2024-11-22T20:24:52+00:00","description":"Looking for a trusted Alanya Dentist? Ova Dent offers expert dental care, including preventive, cosmetic, and emergency treatments. Book your appointment today!","breadcrumb":{"@id":"https:\/\/ovadent.com\/alanya-dentist-3\/#breadcrumb"},"inLanguage":"tr","potentialAction":[{"@type":"ReadAction","target":["https:\/\/ovadent.com\/alanya-dentist-3\/"]}]},{"@type":"ImageObject","inLanguage":"tr","@id":"https:\/\/ovadent.com\/alanya-dentist-3\/#primaryimage","url":"https:\/\/ovadent.com\/wp-content\/uploads\/2024\/10\/27-1.jpg","contentUrl":"https:\/\/ovadent.com\/wp-content\/uploads\/2024\/10\/27-1.jpg","width":1080,"height":1080,"caption":"Dental Clinic in Alanya"},{"@type":"BreadcrumbList","@id":"https:\/\/ovadent.com\/alanya-dentist-3\/#breadcrumb","itemListElement":[{"@type":"ListItem","position":1,"name":"Anasayfa","item":"https:\/\/ovadent.com\/"},{"@type":"ListItem","position":2,"name":"Alanya Dentist"}]},{"@type":"WebSite","@id":"https:\/\/ovadent.com\/#website","url":"https:\/\/ovadent.com\/","name":"Alanya Dentist & Dental | Ova Dent","description":"Alanya Dentist &amp; Dental | Ova Dent","publisher":{"@id":"https:\/\/ovadent.com\/#organization"},"potentialAction":[{"@type":"SearchAction","target":{"@type":"EntryPoint","urlTemplate":"https:\/\/ovadent.com\/?s={search_term_string}"},"query-input":{"@type":"PropertyValueSpecification","valueRequired":true,"valueName":"search_term_string"}}],"inLanguage":"tr"},{"@type":"Organization","@id":"https:\/\/ovadent.com\/#organization","name":"Alanya Dentist & Dental | Ova Dent","url":"https:\/\/ovadent.com\/","logo":{"@type":"ImageObject","inLanguage":"tr","@id":"https:\/\/ovadent.com\/#\/schema\/logo\/image\/","url":"https:\/\/ovadent.com\/wp-content\/uploads\/2024\/09\/Ovadent-Logo.png","contentUrl":"https:\/\/ovadent.com\/wp-content\/uploads\/2024\/09\/Ovadent-Logo.png","width":1585,"height":586,"caption":"Alanya Dentist & Dental | Ova Dent"},"image":{"@id":"https:\/\/ovadent.com\/#\/schema\/logo\/image\/"}}]}},"_links":{"self":[{"href":"https:\/\/ovadent.com\/tr\/wp-json\/wp\/v2\/pages\/2083","targetHints":{"allow":["GET"]}}],"collection":[{"href":"https:\/\/ovadent.com\/tr\/wp-json\/wp\/v2\/pages"}],"about":[{"href":"https:\/\/ovadent.com\/tr\/wp-json\/wp\/v2\/types\/page"}],"author":[{"embeddable":true,"href":"https:\/\/ovadent.com\/tr\/wp-json\/wp\/v2\/users\/1"}],"replies":[{"embeddable":true,"href":"https:\/\/ovadent.com\/tr\/wp-json\/wp\/v2\/comments?post=2083"}],"version-history":[{"count":1,"href":"https:\/\/ovadent.com\/tr\/wp-json\/wp\/v2\/pages\/2083\/revisions"}],"predecessor-version":[{"id":2084,"href":"https:\/\/ovadent.com\/tr\/wp-json\/wp\/v2\/pages\/2083\/revisions\/2084"}],"wp:featuredmedia":[{"embeddable":true,"href":"https:\/\/ovadent.com\/tr\/wp-json\/wp\/v2\/media\/2020"}],"wp:attachment":[{"href":"https:\/\/ovadent.com\/tr\/wp-json\/wp\/v2\/media?parent=2083"}],"curies":[{"name":"wp","href":"https:\/\/api.w.org\/{rel}","templated":true}]}}