{"id":2085,"date":"2024-11-22T23:26:23","date_gmt":"2024-11-22T20:26:23","guid":{"rendered":"https:\/\/ovadent.com\/?page_id=2085"},"modified":"2024-11-22T23:26:23","modified_gmt":"2024-11-22T20:26:23","slug":"alanya-dentist-4","status":"publish","type":"page","link":"https:\/\/ovadent.com\/tr\/alanya-dentist-4\/","title":{"rendered":"Alanya Di\u015f Hekimi"},"content":{"rendered":"<section data-bb-version=\"5.1.2\" id=\"bt_bb_section69e645d275024\" class=\"bt_bb_section bt_bb_layout_boxed_1200\"  data-bt-override-class=\"null\"><div class=\"bt_bb_port\"><div class=\"bt_bb_cell\"><div class=\"bt_bb_cell_inner\"><div class=\"bt_bb_row\"  data-bt-override-class=\"{}\"><div class=\"bt_bb_row_holder\" ><div data-bb-version=\"5.1.2\"  class=\"bt_bb_column col-xxl-12 col-xl-12 col-xs-12 col-sm-12 col-md-12 col-lg-12 bt_bb_vertical_align_top bt_bb_align_left bt_bb_padding_normal\"  data-width=\"12\" data-bt-override-class=\"{}\"><div class=\"bt_bb_column_content\"><header data-bb-version=\"5.1.2\" class=\"bt_bb_headline bt_bb_dash_none bt_bb_size_inherit bt_bb_align_inherit bt_bb_dash_type_none\" data-bt-override-class=\"{&quot;bt_bb_size_&quot;:{&quot;current_class&quot;:&quot;bt_bb_size_inherit&quot;,&quot;xxl&quot;:&quot;inherit&quot;},&quot;bt_bb_align_&quot;:{&quot;current_class&quot;:&quot;bt_bb_align_inherit&quot;,&quot;xxl&quot;:&quot;inherit&quot;}}\"><h1 class=\"bt_bb_headline_tag\"><span class=\"bt_bb_headline_content\"><span>Alanya Di\u015f Hekimi - Ova Dent&#039;te Uzman Di\u015f Bak\u0131m\u0131<\/span><\/span><\/h1><\/header><div data-bb-version=\"5.1.2\"  class=\"bt_bb_text\" ><\/p>\n<h3>Alanya Di\u015f Hekimi: Ova Dent&#039;te En \u0130yi Kalitede Di\u015f Bak\u0131m\u0131<\/h3>\n<h4>Alanya&#039;da Ola\u011fan\u00fcst\u00fc Di\u015f Hizmetlerini Ke\u015ffedin<\/h4>\n<p>G\u00fcvenilir birini mi ar\u0131yorsunuz? <strong>\u201cAlanya Di\u015f Hekimi\u201d<\/strong>? Ova Dent, yerel ve uluslararas\u0131 hastalara y\u00fcksek kaliteli di\u015f bak\u0131m\u0131 sa\u011flamak i\u00e7in burada. \u0130leri teknoloji, ki\u015fiselle\u015ftirilmi\u015f tedavi planlar\u0131 ve son derece yetenekli bir ekiple, sa\u011fl\u0131kl\u0131 ve g\u00fczel bir g\u00fcl\u00fcmsemeye kavu\u015fman\u0131za yard\u0131mc\u0131 olmaya kararl\u0131y\u0131z.<\/p>\n<h4>Neden Ova Dent&#039;i Se\u00e7melisiniz?<\/h4>\n<h5>G\u00fcvenebilece\u011finiz Uzmanl\u0131k<\/h5>\n<p>Deneyimli di\u015f hekimlerimiz, her hastan\u0131n profesyonel ve etkili bir bak\u0131m almas\u0131n\u0131 sa\u011flamak i\u00e7in \u00e7ok \u00e7e\u015fitli di\u015f tedavilerinde uzmanla\u015fm\u0131\u015ft\u0131r.<\/p>\n<h5>\u0130leri Di\u015f Teknolojisi<\/h5>\n<p>Ova Dent&#039;te dijital g\u00f6r\u00fcnt\u00fcleme, lazer tedavileri ve modern sterilizasyon y\u00f6ntemleri dahil olmak \u00fczere en son di\u015f teknolojilerini kullan\u0131yoruz. Bu yenilikler, hassas ve konforlu tedaviler sunmam\u0131z\u0131 sa\u011fl\u0131yor.<\/p>\n<h5>Hasta Merkezli Bir Deneyim<\/h5>\n<p>Rahat\u0131n\u0131z ve memnuniyetiniz bizim \u00f6nceli\u011fimizdir. Klini\u011fimize girdi\u011finiz andan itibaren, g\u00fcler y\u00fczl\u00fc ekibimiz stressiz ve misafirperver bir ortam sa\u011flar.<\/p>\n<h4>Ova Dent&#039;te Kapsaml\u0131 Hizmetler<\/h4>\n<h5>\u00d6nleyici Di\u015f Hekimli\u011fi<\/h5>\n<p>Rutin kontroller, temizlikler ve flor\u00fcr uygulamalar\u0131 gibi \u00f6nleyici bak\u0131m hizmetlerimizle a\u011f\u0131z sa\u011fl\u0131\u011f\u0131n\u0131z\u0131 koruyun. Erken te\u015fhis ve \u00f6nleme, \u00f6m\u00fcr boyu sa\u011fl\u0131kl\u0131 di\u015flerin anahtar\u0131d\u0131r.<\/p>\n<h5>Kozmetik Di\u015f Hekimli\u011fi<\/h5>\n<p>Di\u015f beyazlatma, kaplama ve komple g\u00fcl\u00fc\u015f makyaj\u0131 gibi kozmetik tedavilerimizle g\u00fcl\u00fc\u015f\u00fcn\u00fcz\u00fc d\u00f6n\u00fc\u015ft\u00fcr\u00fcn. \u00c7arp\u0131c\u0131 bir g\u00fcl\u00fcmsemeyle gelen \u00f6zg\u00fcvene ula\u015fman\u0131za yard\u0131mc\u0131 oluyoruz.<\/p>\n<h5>Restoratif Di\u015f Hekimli\u011fi<\/h5>\n<p>Hasarl\u0131 veya eksik di\u015flerinizi, di\u015f implantlar\u0131, kronlar ve k\u00f6pr\u00fcler dahil olmak \u00fczere restoratif \u00e7\u00f6z\u00fcmlerimizle onar\u0131n. Tedavilerimiz i\u015flevsel, dayan\u0131kl\u0131 ve estetik olarak ho\u015f olacak \u015fekilde tasarlanm\u0131\u015ft\u0131r.<\/p>\n<h5>Ortodontik \u00c7\u00f6z\u00fcmler<\/h5>\n<p>\u015eeffaf hizalay\u0131c\u0131lar ve geleneksel di\u015f telleri dahil olmak \u00fczere ortodontik se\u00e7eneklerimizle m\u00fckemmel hizalanm\u0131\u015f di\u015flere kavu\u015fun. Ova Dent hem yeti\u015fkinler hem de \u00e7ocuklar i\u00e7in \u00e7\u00f6z\u00fcmler sunar.<\/p>\n<h5>Acil Di\u015f Bak\u0131m\u0131<\/h5>\n<p>Di\u015f acil durumlar\u0131 beklemez ve siz de beklememelisiniz. Ova Dent, \u015fiddetli di\u015f a\u011fr\u0131s\u0131, k\u0131r\u0131k di\u015fler ve d\u00fc\u015fen dolgular gibi sorunlar i\u00e7in acil bak\u0131m sa\u011flar.<\/p>\n<h4>Alanya&#039;da Di\u015f Turizmi<\/h4>\n<p>Alanya, uygun fiyatlarla d\u00fcnya standartlar\u0131nda tedaviler sunan di\u015f turizmi i\u00e7in tercih edilen bir yerdir. Ova Dent, uluslararas\u0131 hastalara di\u015f yolculuklar\u0131 boyunca kusursuz ileti\u015fim, konfor ve ola\u011fan\u00fcst\u00fc bak\u0131m sa\u011flayarak hizmet vermekten gurur duyar.<\/p>\n<h4>S\u0131k\u00e7a Sorulan Sorular<\/h4>\n<h5>Neden Ova Dent&#039;i Se\u00e7meliyim?<\/h5>\n<p>Ova Dent, Alanya&#039;da \u00fcst\u00fcn di\u015f hekimli\u011fi hizmeti sunmak i\u00e7in profesyonel uzmanl\u0131\u011f\u0131, ileri teknolojiyi ve hasta odakl\u0131 yakla\u015f\u0131m\u0131 bir araya getiriyor.<\/p>\n<h5>Uluslararas\u0131 Hastalara Tedavi Hizmeti Sunuyor Musunuz?<\/h5>\n<p>Evet, Ova Dent uluslararas\u0131 m\u00fc\u015fterilerine kapsaml\u0131 di\u015f \u00e7\u00f6z\u00fcmleri ve kusursuz bir deneyim i\u00e7in destek sa\u011flama konusunda uzmanla\u015fm\u0131\u015ft\u0131r.<\/p>\n<h5>Hangi Kozmetik Di\u015f Hekimli\u011fi Se\u00e7enekleri Mevcuttur?<\/h5>\n<p>G\u00fcl\u00fc\u015f\u00fcn\u00fcz\u00fc g\u00fczelle\u015ftirmek ve \u00f6zg\u00fcveninizi art\u0131rmak i\u00e7in di\u015f beyazlatma, di\u015f kaplamalar\u0131 ve g\u00fcl\u00fc\u015f tasar\u0131m\u0131 hizmetleri sunuyoruz.<\/p>\n<h4>Ova Dent&#039;te Di\u015f Bak\u0131m\u0131nda M\u00fckemmelli\u011fi Deneyimleyin<\/h4>\n<p>Rutin bak\u0131ma, kozmetik bir y\u00fckseltmeye veya acil tedaviye ihtiyac\u0131n\u0131z olsun, Ova Dent g\u00fcvendi\u011finiz ki\u015fidir. <strong>\u201cAlanya Di\u015f Hekimi.\u201d<\/strong> Adanm\u0131\u015f ekibimiz size ki\u015fiselle\u015ftirilmi\u015f bak\u0131m ve sevece\u011finiz bir g\u00fcl\u00fcmseme sa\u011flamak i\u00e7in burada. Randevunuzu planlamak ve Ova Dent&#039;teki fark\u0131 ke\u015ffetmek i\u00e7in bug\u00fcn bizimle ileti\u015fime ge\u00e7in.<\/p>\n<p>\n<\/div><\/div><\/div><\/div><\/div><\/div><!-- cell_inner --><\/div><!-- cell --><\/div><!-- port --><\/section>","protected":false},"excerpt":{"rendered":"","protected":false},"author":1,"featured_media":2054,"parent":0,"menu_order":0,"comment_status":"closed","ping_status":"closed","template":"","meta":{"footnotes":""},"class_list":["post-2085","page","type-page","status-publish","has-post-thumbnail","hentry"],"yoast_head":"<!-- This site is optimized with the Yoast SEO plugin v23.4 - https:\/\/yoast.com\/wordpress\/plugins\/seo\/ -->\n<title>Alanya Dentist - Expert Dental Care at Ova Dent<\/title>\n<meta name=\"description\" content=\"Find a trusted Alanya Dentist at Ova Dent. Offering preventive, cosmetic, restorative, and emergency dental care for local and international patients. Book now!\" \/>\n<meta name=\"robots\" content=\"index, follow, max-snippet:-1, max-image-preview:large, max-video-preview:-1\" \/>\n<link rel=\"canonical\" href=\"https:\/\/ovadent.com\/tr\/alanya-dentist-4\/\" \/>\n<meta property=\"og:locale\" content=\"tr_TR\" \/>\n<meta property=\"og:type\" content=\"article\" \/>\n<meta property=\"og:title\" content=\"Alanya Dentist - Expert Dental Care at Ova Dent\" \/>\n<meta property=\"og:description\" content=\"Find a trusted Alanya Dentist at Ova Dent. Offering preventive, cosmetic, restorative, and emergency dental care for local and international patients. Book now!\" \/>\n<meta property=\"og:url\" content=\"https:\/\/ovadent.com\/tr\/alanya-dentist-4\/\" \/>\n<meta property=\"og:site_name\" content=\"Alanya Dentist &amp; Dental | Ova Dent\" \/>\n<meta property=\"og:image\" content=\"https:\/\/ovadent.com\/wp-content\/uploads\/2024\/10\/7-2.jpg\" \/>\n\t<meta property=\"og:image:width\" content=\"1080\" \/>\n\t<meta property=\"og:image:height\" content=\"1080\" \/>\n\t<meta property=\"og:image:type\" content=\"image\/jpeg\" \/>\n<meta name=\"twitter:card\" content=\"summary_large_image\" \/>\n<meta name=\"twitter:label1\" content=\"Tahmini okuma s\u00fcresi\" \/>\n\t<meta name=\"twitter:data1\" content=\"1 dakika\" \/>\n<script type=\"application\/ld+json\" class=\"yoast-schema-graph\">{\"@context\":\"https:\/\/schema.org\",\"@graph\":[{\"@type\":\"WebPage\",\"@id\":\"https:\/\/ovadent.com\/alanya-dentist-4\/\",\"url\":\"https:\/\/ovadent.com\/alanya-dentist-4\/\",\"name\":\"Alanya Dentist - Expert Dental Care at Ova Dent\",\"isPartOf\":{\"@id\":\"https:\/\/ovadent.com\/#website\"},\"primaryImageOfPage\":{\"@id\":\"https:\/\/ovadent.com\/alanya-dentist-4\/#primaryimage\"},\"image\":{\"@id\":\"https:\/\/ovadent.com\/alanya-dentist-4\/#primaryimage\"},\"thumbnailUrl\":\"https:\/\/ovadent.com\/wp-content\/uploads\/2024\/10\/7-2.jpg\",\"datePublished\":\"2024-11-22T20:26:23+00:00\",\"dateModified\":\"2024-11-22T20:26:23+00:00\",\"description\":\"Find a trusted Alanya Dentist at Ova Dent. Offering preventive, cosmetic, restorative, and emergency dental care for local and international patients. Book now!\",\"breadcrumb\":{\"@id\":\"https:\/\/ovadent.com\/alanya-dentist-4\/#breadcrumb\"},\"inLanguage\":\"tr\",\"potentialAction\":[{\"@type\":\"ReadAction\",\"target\":[\"https:\/\/ovadent.com\/alanya-dentist-4\/\"]}]},{\"@type\":\"ImageObject\",\"inLanguage\":\"tr\",\"@id\":\"https:\/\/ovadent.com\/alanya-dentist-4\/#primaryimage\",\"url\":\"https:\/\/ovadent.com\/wp-content\/uploads\/2024\/10\/7-2.jpg\",\"contentUrl\":\"https:\/\/ovadent.com\/wp-content\/uploads\/2024\/10\/7-2.jpg\",\"width\":1080,\"height\":1080,\"caption\":\"Dentist in Alanya\"},{\"@type\":\"BreadcrumbList\",\"@id\":\"https:\/\/ovadent.com\/alanya-dentist-4\/#breadcrumb\",\"itemListElement\":[{\"@type\":\"ListItem\",\"position\":1,\"name\":\"Anasayfa\",\"item\":\"https:\/\/ovadent.com\/\"},{\"@type\":\"ListItem\",\"position\":2,\"name\":\"Alanya Dentist\"}]},{\"@type\":\"WebSite\",\"@id\":\"https:\/\/ovadent.com\/#website\",\"url\":\"https:\/\/ovadent.com\/\",\"name\":\"Alanya Dentist & Dental | Ova Dent\",\"description\":\"Alanya Dentist &amp; Dental | Ova Dent\",\"publisher\":{\"@id\":\"https:\/\/ovadent.com\/#organization\"},\"potentialAction\":[{\"@type\":\"SearchAction\",\"target\":{\"@type\":\"EntryPoint\",\"urlTemplate\":\"https:\/\/ovadent.com\/?s={search_term_string}\"},\"query-input\":{\"@type\":\"PropertyValueSpecification\",\"valueRequired\":true,\"valueName\":\"search_term_string\"}}],\"inLanguage\":\"tr\"},{\"@type\":\"Organization\",\"@id\":\"https:\/\/ovadent.com\/#organization\",\"name\":\"Alanya Dentist & Dental | Ova Dent\",\"url\":\"https:\/\/ovadent.com\/\",\"logo\":{\"@type\":\"ImageObject\",\"inLanguage\":\"tr\",\"@id\":\"https:\/\/ovadent.com\/#\/schema\/logo\/image\/\",\"url\":\"https:\/\/ovadent.com\/wp-content\/uploads\/2024\/09\/Ovadent-Logo.png\",\"contentUrl\":\"https:\/\/ovadent.com\/wp-content\/uploads\/2024\/09\/Ovadent-Logo.png\",\"width\":1585,\"height\":586,\"caption\":\"Alanya Dentist & Dental | Ova Dent\"},\"image\":{\"@id\":\"https:\/\/ovadent.com\/#\/schema\/logo\/image\/\"}}]}<\/script>\n<!-- \/ Yoast SEO plugin. -->","yoast_head_json":{"title":"Alanya Dentist - Expert Dental Care at Ova Dent","description":"Find a trusted Alanya Dentist at Ova Dent. Offering preventive, cosmetic, restorative, and emergency dental care for local and international patients. Book now!","robots":{"index":"index","follow":"follow","max-snippet":"max-snippet:-1","max-image-preview":"max-image-preview:large","max-video-preview":"max-video-preview:-1"},"canonical":"https:\/\/ovadent.com\/tr\/alanya-dentist-4\/","og_locale":"tr_TR","og_type":"article","og_title":"Alanya Dentist - Expert Dental Care at Ova Dent","og_description":"Find a trusted Alanya Dentist at Ova Dent. Offering preventive, cosmetic, restorative, and emergency dental care for local and international patients. Book now!","og_url":"https:\/\/ovadent.com\/tr\/alanya-dentist-4\/","og_site_name":"Alanya Dentist &amp; Dental | Ova Dent","og_image":[{"width":1080,"height":1080,"url":"https:\/\/ovadent.com\/wp-content\/uploads\/2024\/10\/7-2.jpg","type":"image\/jpeg"}],"twitter_card":"summary_large_image","twitter_misc":{"Tahmini okuma s\u00fcresi":"1 dakika"},"schema":{"@context":"https:\/\/schema.org","@graph":[{"@type":"WebPage","@id":"https:\/\/ovadent.com\/alanya-dentist-4\/","url":"https:\/\/ovadent.com\/alanya-dentist-4\/","name":"Alanya Dentist - Expert Dental Care at Ova Dent","isPartOf":{"@id":"https:\/\/ovadent.com\/#website"},"primaryImageOfPage":{"@id":"https:\/\/ovadent.com\/alanya-dentist-4\/#primaryimage"},"image":{"@id":"https:\/\/ovadent.com\/alanya-dentist-4\/#primaryimage"},"thumbnailUrl":"https:\/\/ovadent.com\/wp-content\/uploads\/2024\/10\/7-2.jpg","datePublished":"2024-11-22T20:26:23+00:00","dateModified":"2024-11-22T20:26:23+00:00","description":"Find a trusted Alanya Dentist at Ova Dent. Offering preventive, cosmetic, restorative, and emergency dental care for local and international patients. Book now!","breadcrumb":{"@id":"https:\/\/ovadent.com\/alanya-dentist-4\/#breadcrumb"},"inLanguage":"tr","potentialAction":[{"@type":"ReadAction","target":["https:\/\/ovadent.com\/alanya-dentist-4\/"]}]},{"@type":"ImageObject","inLanguage":"tr","@id":"https:\/\/ovadent.com\/alanya-dentist-4\/#primaryimage","url":"https:\/\/ovadent.com\/wp-content\/uploads\/2024\/10\/7-2.jpg","contentUrl":"https:\/\/ovadent.com\/wp-content\/uploads\/2024\/10\/7-2.jpg","width":1080,"height":1080,"caption":"Dentist in Alanya"},{"@type":"BreadcrumbList","@id":"https:\/\/ovadent.com\/alanya-dentist-4\/#breadcrumb","itemListElement":[{"@type":"ListItem","position":1,"name":"Anasayfa","item":"https:\/\/ovadent.com\/"},{"@type":"ListItem","position":2,"name":"Alanya Dentist"}]},{"@type":"WebSite","@id":"https:\/\/ovadent.com\/#website","url":"https:\/\/ovadent.com\/","name":"Alanya Dentist & Dental | Ova Dent","description":"Alanya Dentist &amp; Dental | Ova Dent","publisher":{"@id":"https:\/\/ovadent.com\/#organization"},"potentialAction":[{"@type":"SearchAction","target":{"@type":"EntryPoint","urlTemplate":"https:\/\/ovadent.com\/?s={search_term_string}"},"query-input":{"@type":"PropertyValueSpecification","valueRequired":true,"valueName":"search_term_string"}}],"inLanguage":"tr"},{"@type":"Organization","@id":"https:\/\/ovadent.com\/#organization","name":"Alanya Dentist & Dental | Ova Dent","url":"https:\/\/ovadent.com\/","logo":{"@type":"ImageObject","inLanguage":"tr","@id":"https:\/\/ovadent.com\/#\/schema\/logo\/image\/","url":"https:\/\/ovadent.com\/wp-content\/uploads\/2024\/09\/Ovadent-Logo.png","contentUrl":"https:\/\/ovadent.com\/wp-content\/uploads\/2024\/09\/Ovadent-Logo.png","width":1585,"height":586,"caption":"Alanya Dentist & Dental | Ova Dent"},"image":{"@id":"https:\/\/ovadent.com\/#\/schema\/logo\/image\/"}}]}},"_links":{"self":[{"href":"https:\/\/ovadent.com\/tr\/wp-json\/wp\/v2\/pages\/2085","targetHints":{"allow":["GET"]}}],"collection":[{"href":"https:\/\/ovadent.com\/tr\/wp-json\/wp\/v2\/pages"}],"about":[{"href":"https:\/\/ovadent.com\/tr\/wp-json\/wp\/v2\/types\/page"}],"author":[{"embeddable":true,"href":"https:\/\/ovadent.com\/tr\/wp-json\/wp\/v2\/users\/1"}],"replies":[{"embeddable":true,"href":"https:\/\/ovadent.com\/tr\/wp-json\/wp\/v2\/comments?post=2085"}],"version-history":[{"count":1,"href":"https:\/\/ovadent.com\/tr\/wp-json\/wp\/v2\/pages\/2085\/revisions"}],"predecessor-version":[{"id":2086,"href":"https:\/\/ovadent.com\/tr\/wp-json\/wp\/v2\/pages\/2085\/revisions\/2086"}],"wp:featuredmedia":[{"embeddable":true,"href":"https:\/\/ovadent.com\/tr\/wp-json\/wp\/v2\/media\/2054"}],"wp:attachment":[{"href":"https:\/\/ovadent.com\/tr\/wp-json\/wp\/v2\/media?parent=2085"}],"curies":[{"name":"wp","href":"https:\/\/api.w.org\/{rel}","templated":true}]}}