{"id":2089,"date":"2024-11-22T23:30:03","date_gmt":"2024-11-22T20:30:03","guid":{"rendered":"https:\/\/ovadent.com\/?page_id=2089"},"modified":"2024-11-22T23:30:03","modified_gmt":"2024-11-22T20:30:03","slug":"alanya-dental-clinic","status":"publish","type":"page","link":"https:\/\/ovadent.com\/tr\/alanya-dental-clinic\/","title":{"rendered":"Alanya Di\u015f Klini\u011fi"},"content":{"rendered":"<section data-bb-version=\"5.1.2\" id=\"bt_bb_section69e67b52c69c8\" class=\"bt_bb_section bt_bb_layout_boxed_1200\"  data-bt-override-class=\"null\"><div class=\"bt_bb_port\"><div class=\"bt_bb_cell\"><div class=\"bt_bb_cell_inner\"><div class=\"bt_bb_row\"  data-bt-override-class=\"{}\"><div class=\"bt_bb_row_holder\" ><div data-bb-version=\"5.1.2\"  class=\"bt_bb_column col-xxl-12 col-xl-12 col-xs-12 col-sm-12 col-md-12 col-lg-12 bt_bb_vertical_align_top bt_bb_align_left bt_bb_padding_normal\"  data-width=\"12\" data-bt-override-class=\"{}\"><div class=\"bt_bb_column_content\"><header data-bb-version=\"5.1.2\" class=\"bt_bb_headline bt_bb_dash_none bt_bb_size_inherit bt_bb_align_inherit bt_bb_dash_type_none\" data-bt-override-class=\"{&quot;bt_bb_size_&quot;:{&quot;current_class&quot;:&quot;bt_bb_size_inherit&quot;,&quot;xxl&quot;:&quot;inherit&quot;},&quot;bt_bb_align_&quot;:{&quot;current_class&quot;:&quot;bt_bb_align_inherit&quot;,&quot;xxl&quot;:&quot;inherit&quot;}}\"><h1 class=\"bt_bb_headline_tag\"><span class=\"bt_bb_headline_content\"><span>Alanya Di\u015f Klini\u011fi - Ova Dent&#039;te Uzman Di\u015f Bak\u0131m\u0131<\/span><\/span><\/h1><\/header><div data-bb-version=\"5.1.2\"  class=\"bt_bb_text\" ><\/p>\n<h3>Alanya Di\u015f Klini\u011fi: Ova Dent&#039;te D\u00fcnya Standartlar\u0131nda Di\u015f Bak\u0131m\u0131<\/h3>\n<h4>Alanya&#039;daki \u00d6nde Gelen Di\u015f Klini\u011finiz<\/h4>\n<p>G\u00fcvenilir birini mi ar\u0131yorsunuz? <strong>\u201cAlanya Di\u015f Klini\u011fi\u201d<\/strong>? Ova Dent, y\u00fcksek kaliteli di\u015f bak\u0131m\u0131 i\u00e7in nihai var\u0131\u015f noktan\u0131zd\u0131r. \u0130leri teknoloji, deneyimli profesyonellerden olu\u015fan bir ekip ve hasta merkezli bir yakla\u015f\u0131mla, a\u011f\u0131z sa\u011fl\u0131\u011f\u0131 ihtiya\u00e7lar\u0131n\u0131z\u0131 kar\u015f\u0131lamak \u00fczere tasarlanm\u0131\u015f ola\u011fan\u00fcst\u00fc hizmetler sunuyoruz.<\/p>\n<h4>Neden Ova Dent&#039;i Se\u00e7melisiniz?<\/h4>\n<h5>Profesyonel Uzmanl\u0131k<\/h5>\n<p>Ova Dent&#039;te, son derece yetenekli di\u015f hekimlerimiz \u00e7e\u015fitli di\u015f hekimli\u011fi uzmanl\u0131klar\u0131nda y\u0131llar\u0131n deneyimini getiriyor. Basit bir temizli\u011fe veya karma\u015f\u0131k bir restoratif \u00e7al\u0131\u015fmaya ihtiyac\u0131n\u0131z olsun, uzmanl\u0131\u011f\u0131m\u0131za g\u00fcvenebilirsiniz.<\/p>\n<h5>\u0130leri Teknoloji<\/h5>\n<p>Klini\u011fimiz, dijital r\u00f6ntgenler, lazer tedavileri ve modern sterilizasyon sistemleri de dahil olmak \u00fczere son teknoloji di\u015f aletleriyle donat\u0131lm\u0131\u015ft\u0131r. Bu yenilikler, hassas, g\u00fcvenli ve etkili tedaviler sunmam\u0131z\u0131 sa\u011flar.<\/p>\n<h5>Ki\u015fiselle\u015ftirilmi\u015f Bak\u0131m<\/h5>\n<p>Her hastan\u0131n benzersiz oldu\u011funa inan\u0131yoruz ve hizmetlerimizi \u00f6zel ihtiya\u00e7lar\u0131n\u0131za g\u00f6re uyarl\u0131yoruz. Ova Dent&#039;te, misafirperver bir ortamda konforlu, \u015fefkatli bir bak\u0131m deneyimi ya\u015fayacaks\u0131n\u0131z.<\/p>\n<h4>Ova Dent&#039;te Kapsaml\u0131 Hizmetler<\/h4>\n<h5>\u00d6nleyici Di\u015f Hekimli\u011fi<\/h5>\n<p>D\u00fczenli kontroller, profesyonel temizlikler ve di\u015f dolgular\u0131 gibi \u00f6nleyici hizmetlerimizle sa\u011fl\u0131kl\u0131 di\u015flerinizin \u00f6mr\u00fcn\u00fc garantileyin. \u00d6nleme, m\u00fckemmel a\u011f\u0131z sa\u011fl\u0131\u011f\u0131n\u0131n temelidir.<\/p>\n<h5>Kozmetik Di\u015f Hekimli\u011fi<\/h5>\n<p>Di\u015f beyazlatma, kaplama ve g\u00fcl\u00fc\u015f tasar\u0131m\u0131 gibi kozmetik tedavilerle g\u00fcl\u00fc\u015f\u00fcn\u00fcz\u00fc d\u00f6n\u00fc\u015ft\u00fcr\u00fcn. Yetenekli ekibimiz hak etti\u011finiz \u00f6zg\u00fcvenli g\u00fcl\u00fcmsemeye kavu\u015fman\u0131za yard\u0131mc\u0131 olur.<\/p>\n<h5>Restoratif Di\u015f Hekimli\u011fi<\/h5>\n<p>Di\u015flerinizin i\u015flevini ve g\u00fczelli\u011fini kronlar, k\u00f6pr\u00fcler, di\u015f implantlar\u0131 ve daha fazlas\u0131yla geri kazan\u0131n. Restoratif \u00e7\u00f6z\u00fcmlerimiz dayan\u0131kl\u0131l\u0131k ve do\u011fal bir g\u00f6r\u00fcn\u00fcm i\u00e7in tasarlanm\u0131\u015ft\u0131r.<\/p>\n<h5>Ortodonti<\/h5>\n<p>Geleneksel di\u015f telleri ve \u015feffaf hizalay\u0131c\u0131lar dahil olmak \u00fczere ortodontik se\u00e7eneklerimizle di\u015flerinizi d\u00fczeltin ve \u0131s\u0131r\u0131\u011f\u0131n\u0131z\u0131 iyile\u015ftirin. Ova Dent hem \u00e7ocuklar hem de yeti\u015fkinler i\u00e7in \u00f6zelle\u015ftirilmi\u015f \u00e7\u00f6z\u00fcmler sunar.<\/p>\n<h5>Acil Di\u015f Bak\u0131m\u0131<\/h5>\n<p>Di\u015f acil durumlar\u0131 beklenmedik bir \u015fekilde meydana gelebilir. \u015eiddetli bir di\u015f a\u011fr\u0131s\u0131, k\u0131r\u0131k bir di\u015f veya kay\u0131p bir dolgu olsun, Ova Dent h\u0131zl\u0131 ve etkili bir acil bak\u0131m sa\u011flar.<\/p>\n<h4>Alanya&#039;da Di\u015f Turizmi<\/h4>\n<p>\u00d6nde gelen bir <strong>\u201cAlanya Di\u015f Klini\u011fi,\u201d<\/strong> Ova Dent, d\u00fcnyan\u0131n d\u00f6rt bir yan\u0131ndan hastalar\u0131 a\u011f\u0131rlamaktad\u0131r. Alanya&#039;n\u0131n di\u015f turizmi i\u00e7in en iyi destinasyonlardan biri olarak \u00fcn\u00fc, uygun fiyatlarla y\u00fcksek kaliteli tedaviler sunarak hak edilmi\u015ftir. \u00c7ok dilli ekibimiz ve son teknoloji tesislerimiz, uluslararas\u0131 hastalar i\u00e7in sorunsuz ve keyifli bir deneyim sa\u011flar.<\/p>\n<h4>S\u0131k\u00e7a Sorulan Sorular<\/h4>\n<h5>Ova Dent Hangi Hizmetleri Sunuyor?<\/h5>\n<p>\u00d6nleyici, kozmetik, restoratif ve ortodontik bak\u0131m\u0131n yan\u0131 s\u0131ra acil tedaviler de dahil olmak \u00fczere geni\u015f bir hizmet yelpazesi sunuyoruz.<\/p>\n<h5>Ova Dent Her Aileye Uygun Mudur?<\/h5>\n<p>Evet, her ya\u015ftan hastaya hizmet veriyoruz ve aile dostu di\u015f bak\u0131m\u0131 sunuyoruz.<\/p>\n<h5>Uluslararas\u0131 Hastalar Kolayca Randevu Alabilir mi?<\/h5>\n<p>Kesinlikle. Ekibimiz uluslararas\u0131 hastalara yard\u0131mc\u0131 olma, kusursuz ileti\u015fim ve birinci s\u0131n\u0131f bak\u0131m sa\u011flama konusunda deneyimlidir.<\/p>\n<h4>Bug\u00fcn Ova Dent ile \u0130leti\u015fime Ge\u00e7in<\/h4>\n<p>Alanya&#039;da ola\u011fan\u00fcst\u00fc di\u015f bak\u0131m\u0131 i\u00e7in Ova Dent&#039;i se\u00e7in <strong>\u201cAlanya Di\u015f Klini\u011fi.\u201d<\/strong> Rutin bir kontrole veya ileri tedavilere ihtiyac\u0131n\u0131z olsun, \u00f6zverili ekibimiz size yard\u0131mc\u0131 olmak i\u00e7in burada. Bug\u00fcn randevunuzu planlay\u0131n ve daha sa\u011fl\u0131kl\u0131, daha g\u00fczel bir g\u00fcl\u00fcmsemeye do\u011fru ilk ad\u0131m\u0131 at\u0131n.<\/p>\n<p>\n<\/div><\/div><\/div><\/div><\/div><\/div><!-- cell_inner --><\/div><!-- cell --><\/div><!-- port --><\/section>","protected":false},"excerpt":{"rendered":"","protected":false},"author":1,"featured_media":2023,"parent":0,"menu_order":0,"comment_status":"closed","ping_status":"closed","template":"","meta":{"footnotes":""},"class_list":["post-2089","page","type-page","status-publish","has-post-thumbnail","hentry"],"yoast_head":"<!-- This site is optimized with the Yoast SEO plugin v23.4 - https:\/\/yoast.com\/wordpress\/plugins\/seo\/ -->\n<title>Alanya Dental Clinic - Expert Dental Care at Ova Dent<\/title>\n<meta name=\"description\" content=\"Looking for an Alanya Dental Clinic? Ova Dent offers world-class preventive, cosmetic, and restorative dental care for local and international patients. Book now!\" \/>\n<meta name=\"robots\" content=\"index, follow, max-snippet:-1, max-image-preview:large, max-video-preview:-1\" \/>\n<link rel=\"canonical\" href=\"https:\/\/ovadent.com\/tr\/alanya-dental-clinic\/\" \/>\n<meta property=\"og:locale\" content=\"tr_TR\" \/>\n<meta property=\"og:type\" content=\"article\" \/>\n<meta property=\"og:title\" content=\"Alanya Dental Clinic - Expert Dental Care at Ova Dent\" \/>\n<meta property=\"og:description\" content=\"Looking for an Alanya Dental Clinic? Ova Dent offers world-class preventive, cosmetic, and restorative dental care for local and international patients. Book now!\" \/>\n<meta property=\"og:url\" content=\"https:\/\/ovadent.com\/tr\/alanya-dental-clinic\/\" \/>\n<meta property=\"og:site_name\" content=\"Alanya Dentist &amp; Dental | Ova Dent\" \/>\n<meta property=\"og:image\" content=\"https:\/\/ovadent.com\/wp-content\/uploads\/2024\/10\/28-1.jpg\" \/>\n\t<meta property=\"og:image:width\" content=\"1080\" \/>\n\t<meta property=\"og:image:height\" content=\"1080\" \/>\n\t<meta property=\"og:image:type\" content=\"image\/jpeg\" \/>\n<meta name=\"twitter:card\" content=\"summary_large_image\" \/>\n<meta name=\"twitter:label1\" content=\"Tahmini okuma s\u00fcresi\" \/>\n\t<meta name=\"twitter:data1\" content=\"1 dakika\" \/>\n<script type=\"application\/ld+json\" class=\"yoast-schema-graph\">{\"@context\":\"https:\/\/schema.org\",\"@graph\":[{\"@type\":\"WebPage\",\"@id\":\"https:\/\/ovadent.com\/alanya-dental-clinic\/\",\"url\":\"https:\/\/ovadent.com\/alanya-dental-clinic\/\",\"name\":\"Alanya Dental Clinic - Expert Dental Care at Ova Dent\",\"isPartOf\":{\"@id\":\"https:\/\/ovadent.com\/#website\"},\"primaryImageOfPage\":{\"@id\":\"https:\/\/ovadent.com\/alanya-dental-clinic\/#primaryimage\"},\"image\":{\"@id\":\"https:\/\/ovadent.com\/alanya-dental-clinic\/#primaryimage\"},\"thumbnailUrl\":\"https:\/\/ovadent.com\/wp-content\/uploads\/2024\/10\/28-1.jpg\",\"datePublished\":\"2024-11-22T20:30:03+00:00\",\"dateModified\":\"2024-11-22T20:30:03+00:00\",\"description\":\"Looking for an Alanya Dental Clinic? Ova Dent offers world-class preventive, cosmetic, and restorative dental care for local and international patients. Book now!\",\"breadcrumb\":{\"@id\":\"https:\/\/ovadent.com\/alanya-dental-clinic\/#breadcrumb\"},\"inLanguage\":\"tr\",\"potentialAction\":[{\"@type\":\"ReadAction\",\"target\":[\"https:\/\/ovadent.com\/alanya-dental-clinic\/\"]}]},{\"@type\":\"ImageObject\",\"inLanguage\":\"tr\",\"@id\":\"https:\/\/ovadent.com\/alanya-dental-clinic\/#primaryimage\",\"url\":\"https:\/\/ovadent.com\/wp-content\/uploads\/2024\/10\/28-1.jpg\",\"contentUrl\":\"https:\/\/ovadent.com\/wp-content\/uploads\/2024\/10\/28-1.jpg\",\"width\":1080,\"height\":1080,\"caption\":\"Dental Clinic in Alanya\"},{\"@type\":\"BreadcrumbList\",\"@id\":\"https:\/\/ovadent.com\/alanya-dental-clinic\/#breadcrumb\",\"itemListElement\":[{\"@type\":\"ListItem\",\"position\":1,\"name\":\"Anasayfa\",\"item\":\"https:\/\/ovadent.com\/\"},{\"@type\":\"ListItem\",\"position\":2,\"name\":\"Alanya Dental Clinic\"}]},{\"@type\":\"WebSite\",\"@id\":\"https:\/\/ovadent.com\/#website\",\"url\":\"https:\/\/ovadent.com\/\",\"name\":\"Alanya Dentist & Dental | Ova Dent\",\"description\":\"Alanya Dentist &amp; Dental | Ova Dent\",\"publisher\":{\"@id\":\"https:\/\/ovadent.com\/#organization\"},\"potentialAction\":[{\"@type\":\"SearchAction\",\"target\":{\"@type\":\"EntryPoint\",\"urlTemplate\":\"https:\/\/ovadent.com\/?s={search_term_string}\"},\"query-input\":{\"@type\":\"PropertyValueSpecification\",\"valueRequired\":true,\"valueName\":\"search_term_string\"}}],\"inLanguage\":\"tr\"},{\"@type\":\"Organization\",\"@id\":\"https:\/\/ovadent.com\/#organization\",\"name\":\"Alanya Dentist & Dental | Ova Dent\",\"url\":\"https:\/\/ovadent.com\/\",\"logo\":{\"@type\":\"ImageObject\",\"inLanguage\":\"tr\",\"@id\":\"https:\/\/ovadent.com\/#\/schema\/logo\/image\/\",\"url\":\"https:\/\/ovadent.com\/wp-content\/uploads\/2024\/09\/Ovadent-Logo.png\",\"contentUrl\":\"https:\/\/ovadent.com\/wp-content\/uploads\/2024\/09\/Ovadent-Logo.png\",\"width\":1585,\"height\":586,\"caption\":\"Alanya Dentist & Dental | Ova Dent\"},\"image\":{\"@id\":\"https:\/\/ovadent.com\/#\/schema\/logo\/image\/\"}}]}<\/script>\n<!-- \/ Yoast SEO plugin. -->","yoast_head_json":{"title":"Alanya Dental Clinic - Expert Dental Care at Ova Dent","description":"Looking for an Alanya Dental Clinic? Ova Dent offers world-class preventive, cosmetic, and restorative dental care for local and international patients. Book now!","robots":{"index":"index","follow":"follow","max-snippet":"max-snippet:-1","max-image-preview":"max-image-preview:large","max-video-preview":"max-video-preview:-1"},"canonical":"https:\/\/ovadent.com\/tr\/alanya-dental-clinic\/","og_locale":"tr_TR","og_type":"article","og_title":"Alanya Dental Clinic - Expert Dental Care at Ova Dent","og_description":"Looking for an Alanya Dental Clinic? Ova Dent offers world-class preventive, cosmetic, and restorative dental care for local and international patients. Book now!","og_url":"https:\/\/ovadent.com\/tr\/alanya-dental-clinic\/","og_site_name":"Alanya Dentist &amp; Dental | Ova Dent","og_image":[{"width":1080,"height":1080,"url":"https:\/\/ovadent.com\/wp-content\/uploads\/2024\/10\/28-1.jpg","type":"image\/jpeg"}],"twitter_card":"summary_large_image","twitter_misc":{"Tahmini okuma s\u00fcresi":"1 dakika"},"schema":{"@context":"https:\/\/schema.org","@graph":[{"@type":"WebPage","@id":"https:\/\/ovadent.com\/alanya-dental-clinic\/","url":"https:\/\/ovadent.com\/alanya-dental-clinic\/","name":"Alanya Dental Clinic - Expert Dental Care at Ova Dent","isPartOf":{"@id":"https:\/\/ovadent.com\/#website"},"primaryImageOfPage":{"@id":"https:\/\/ovadent.com\/alanya-dental-clinic\/#primaryimage"},"image":{"@id":"https:\/\/ovadent.com\/alanya-dental-clinic\/#primaryimage"},"thumbnailUrl":"https:\/\/ovadent.com\/wp-content\/uploads\/2024\/10\/28-1.jpg","datePublished":"2024-11-22T20:30:03+00:00","dateModified":"2024-11-22T20:30:03+00:00","description":"Looking for an Alanya Dental Clinic? Ova Dent offers world-class preventive, cosmetic, and restorative dental care for local and international patients. Book now!","breadcrumb":{"@id":"https:\/\/ovadent.com\/alanya-dental-clinic\/#breadcrumb"},"inLanguage":"tr","potentialAction":[{"@type":"ReadAction","target":["https:\/\/ovadent.com\/alanya-dental-clinic\/"]}]},{"@type":"ImageObject","inLanguage":"tr","@id":"https:\/\/ovadent.com\/alanya-dental-clinic\/#primaryimage","url":"https:\/\/ovadent.com\/wp-content\/uploads\/2024\/10\/28-1.jpg","contentUrl":"https:\/\/ovadent.com\/wp-content\/uploads\/2024\/10\/28-1.jpg","width":1080,"height":1080,"caption":"Dental Clinic in Alanya"},{"@type":"BreadcrumbList","@id":"https:\/\/ovadent.com\/alanya-dental-clinic\/#breadcrumb","itemListElement":[{"@type":"ListItem","position":1,"name":"Anasayfa","item":"https:\/\/ovadent.com\/"},{"@type":"ListItem","position":2,"name":"Alanya Dental Clinic"}]},{"@type":"WebSite","@id":"https:\/\/ovadent.com\/#website","url":"https:\/\/ovadent.com\/","name":"Alanya Dentist & Dental | Ova Dent","description":"Alanya Dentist &amp; Dental | Ova Dent","publisher":{"@id":"https:\/\/ovadent.com\/#organization"},"potentialAction":[{"@type":"SearchAction","target":{"@type":"EntryPoint","urlTemplate":"https:\/\/ovadent.com\/?s={search_term_string}"},"query-input":{"@type":"PropertyValueSpecification","valueRequired":true,"valueName":"search_term_string"}}],"inLanguage":"tr"},{"@type":"Organization","@id":"https:\/\/ovadent.com\/#organization","name":"Alanya Dentist & Dental | Ova Dent","url":"https:\/\/ovadent.com\/","logo":{"@type":"ImageObject","inLanguage":"tr","@id":"https:\/\/ovadent.com\/#\/schema\/logo\/image\/","url":"https:\/\/ovadent.com\/wp-content\/uploads\/2024\/09\/Ovadent-Logo.png","contentUrl":"https:\/\/ovadent.com\/wp-content\/uploads\/2024\/09\/Ovadent-Logo.png","width":1585,"height":586,"caption":"Alanya Dentist & Dental | Ova Dent"},"image":{"@id":"https:\/\/ovadent.com\/#\/schema\/logo\/image\/"}}]}},"_links":{"self":[{"href":"https:\/\/ovadent.com\/tr\/wp-json\/wp\/v2\/pages\/2089","targetHints":{"allow":["GET"]}}],"collection":[{"href":"https:\/\/ovadent.com\/tr\/wp-json\/wp\/v2\/pages"}],"about":[{"href":"https:\/\/ovadent.com\/tr\/wp-json\/wp\/v2\/types\/page"}],"author":[{"embeddable":true,"href":"https:\/\/ovadent.com\/tr\/wp-json\/wp\/v2\/users\/1"}],"replies":[{"embeddable":true,"href":"https:\/\/ovadent.com\/tr\/wp-json\/wp\/v2\/comments?post=2089"}],"version-history":[{"count":1,"href":"https:\/\/ovadent.com\/tr\/wp-json\/wp\/v2\/pages\/2089\/revisions"}],"predecessor-version":[{"id":2090,"href":"https:\/\/ovadent.com\/tr\/wp-json\/wp\/v2\/pages\/2089\/revisions\/2090"}],"wp:featuredmedia":[{"embeddable":true,"href":"https:\/\/ovadent.com\/tr\/wp-json\/wp\/v2\/media\/2023"}],"wp:attachment":[{"href":"https:\/\/ovadent.com\/tr\/wp-json\/wp\/v2\/media?parent=2089"}],"curies":[{"name":"wp","href":"https:\/\/api.w.org\/{rel}","templated":true}]}}