{"id":2091,"date":"2024-11-22T23:32:08","date_gmt":"2024-11-22T20:32:08","guid":{"rendered":"https:\/\/ovadent.com\/?page_id=2091"},"modified":"2024-11-22T23:32:08","modified_gmt":"2024-11-22T20:32:08","slug":"alanya-dental-clinic-2","status":"publish","type":"page","link":"https:\/\/ovadent.com\/tr\/alanya-dental-clinic-2\/","title":{"rendered":"Alanya Di\u015f Klini\u011fi"},"content":{"rendered":"<section data-bb-version=\"5.1.2\" id=\"bt_bb_section6a0181d1e9016\" class=\"bt_bb_section bt_bb_layout_boxed_1200\"  data-bt-override-class=\"null\"><div class=\"bt_bb_port\"><div class=\"bt_bb_cell\"><div class=\"bt_bb_cell_inner\"><div class=\"bt_bb_row\"  data-bt-override-class=\"{}\"><div class=\"bt_bb_row_holder\" ><div data-bb-version=\"5.1.2\"  class=\"bt_bb_column col-xxl-12 col-xl-12 col-xs-12 col-sm-12 col-md-12 col-lg-12 bt_bb_vertical_align_top bt_bb_align_left bt_bb_padding_normal\"  data-width=\"12\" data-bt-override-class=\"{}\"><div class=\"bt_bb_column_content\"><header data-bb-version=\"5.1.2\" class=\"bt_bb_headline bt_bb_dash_none bt_bb_size_inherit bt_bb_align_inherit bt_bb_dash_type_none\" data-bt-override-class=\"{&quot;bt_bb_size_&quot;:{&quot;current_class&quot;:&quot;bt_bb_size_inherit&quot;,&quot;xxl&quot;:&quot;inherit&quot;},&quot;bt_bb_align_&quot;:{&quot;current_class&quot;:&quot;bt_bb_align_inherit&quot;,&quot;xxl&quot;:&quot;inherit&quot;}}\"><h1 class=\"bt_bb_headline_tag\"><span class=\"bt_bb_headline_content\"><span>Alanya Di\u015f Klini\u011fi - Ova Dent&#039;te Uzman Bak\u0131m<\/span><\/span><\/h1><\/header><div data-bb-version=\"5.1.2\"  class=\"bt_bb_text\" ><\/p>\n<h3>Alanya Di\u015f Klini\u011fi: Ova Dent&#039;te Ola\u011fan\u00fcst\u00fc Di\u015f Bak\u0131m\u0131<\/h3>\n<h4>Ova Dent&#039;e Ho\u015f Geldiniz \u2013 Alanya&#039;daki G\u00fcvenilir Di\u015f Klini\u011finiz<\/h4>\n<p>G\u00fcvenilir birini ar\u0131yorsan\u0131z <strong>\u201cAlanya Di\u015f Klini\u011fi,\u201d<\/strong> Ova Dent, hem yerel hem de uluslararas\u0131 hastalara d\u00fcnya standartlar\u0131nda di\u015f hekimli\u011fi hizmetleri sunmak i\u00e7in burada. Son derece yetenekli ekibimiz ve son teknoloji tesislerimizle ihtiya\u00e7lar\u0131n\u0131za g\u00f6re uyarlanm\u0131\u015f kapsaml\u0131 di\u015f hekimli\u011fi hizmeti sunuyoruz.<\/p>\n<h4>Neden Ova Dent&#039;i Se\u00e7melisiniz?<\/h4>\n<h5>Deneyimli Profesyoneller<\/h5>\n<p>Di\u015f hekimlerimiz ve uzmanlar\u0131m\u0131zdan olu\u015fan ekibimiz di\u015f bak\u0131m\u0131n\u0131n t\u00fcm y\u00f6nlerinde olduk\u00e7a deneyimlidir. Rutin temizliklerden ileri d\u00fczey prosed\u00fcrlere kadar, Ova Dent&#039;te g\u00fcvenli ellerdesiniz.<\/p>\n<h5>Son Teknoloji<\/h5>\n<p>Ova Dent&#039;te, hassas ve etkili tedaviler sa\u011flamak i\u00e7in en son di\u015f teknolojisini kullan\u0131yoruz. Dijital g\u00f6r\u00fcnt\u00fcleme, lazer di\u015f hekimli\u011fi ve modern sterilizasyon sistemleri kulland\u0131\u011f\u0131m\u0131z ara\u00e7lardan sadece birka\u00e7\u0131d\u0131r.<\/p>\n<h5>Hasta Merkezli Bak\u0131m<\/h5>\n<p>Rahatl\u0131\u011f\u0131n\u0131z\u0131 ve memnuniyetinizi \u00f6n planda tutarak stressiz bir ortam yarat\u0131yoruz. Her tedavi plan\u0131, \u00f6zel ihtiya\u00e7lar\u0131n\u0131z\u0131 kar\u015f\u0131lamak ve en iyi sonu\u00e7lar\u0131 garantilemek i\u00e7in \u00f6zel olarak tasarlanm\u0131\u015ft\u0131r.<\/p>\n<h4>Hizmetlerimiz<\/h4>\n<h5>\u00d6nleyici Di\u015f Hekimli\u011fi<\/h5>\n<p>Rutin kontroller, profesyonel temizlikler ve flor\u00fcr tedavileriyle a\u011f\u0131z sa\u011fl\u0131\u011f\u0131n\u0131z\u0131 koruyun. \u00d6nleyici bak\u0131m, sa\u011fl\u0131kl\u0131 bir g\u00fcl\u00fcmsemeyi korumaya y\u00f6nelik ilk ad\u0131md\u0131r.<\/p>\n<h5>Kozmetik Di\u015f Hekimli\u011fi<\/h5>\n<p>Di\u015f beyazlatma, kaplama ve g\u00fcl\u00fc\u015f tasar\u0131m\u0131 gibi kozmetik tedavilerimizle g\u00fcl\u00fc\u015f\u00fcn\u00fcz\u00fc g\u00fczelle\u015ftirin. Ova Dent, her zaman istedi\u011finiz g\u00fcl\u00fcmsemeye kavu\u015fman\u0131za yard\u0131mc\u0131 olmak i\u00e7in burada.<\/p>\n<h5>Restoratif Di\u015f Hekimli\u011fi<\/h5>\n<p>Restoratif \u00e7\u00f6z\u00fcmlerimizle di\u015flerinizi tam i\u015flevine ve g\u00fczelli\u011fine kavu\u015fturun. Di\u015f implantlar\u0131ndan kronlara ve k\u00f6pr\u00fclere kadar, uzun \u00f6m\u00fcrl\u00fc ve do\u011fal g\u00f6r\u00fcn\u00fcml\u00fc sonu\u00e7lar sunuyoruz.<\/p>\n<h5>Ortodonti<\/h5>\n<p>\u015eeffaf hizalay\u0131c\u0131lar ve geleneksel di\u015f telleri de dahil olmak \u00fczere ortodontik hizmetlerimizle di\u015flerinizi d\u00fczeltin ve \u0131s\u0131r\u0131\u011f\u0131n\u0131z\u0131 iyile\u015ftirin. Her ya\u015ftan hasta i\u00e7in \u00f6zelle\u015ftirilmi\u015f \u00e7\u00f6z\u00fcmler sunuyoruz.<\/p>\n<h5>Acil Di\u015f Bak\u0131m\u0131<\/h5>\n<p>Di\u015f acil durumlar\u0131 beklenmedik bir \u015fekilde meydana gelebilir. Di\u015f a\u011fr\u0131n\u0131z, k\u0131r\u0131k bir di\u015finiz veya kay\u0131p bir dolgunuz olsun, Ova Dent h\u0131zl\u0131 ve etkili bir bak\u0131m sa\u011flamaya haz\u0131rd\u0131r.<\/p>\n<h4>Alanya&#039;da Di\u015f Turizmi<\/h4>\n<p>Alanya, rekabet\u00e7i fiyatlarla y\u00fcksek kaliteli hizmetler sunan di\u015f turizmi i\u00e7in \u00fcnl\u00fc bir destinasyondur. Ova Dent&#039;te, \u00e7ok dilli destek ve ki\u015fiselle\u015ftirilmi\u015f bak\u0131mla sorunsuz bir deneyim sa\u011flayarak uluslararas\u0131 hastalar\u0131 a\u011f\u0131rl\u0131yoruz. \u00d6nde gelen bir <strong>\u201cAlanya Di\u015f Klini\u011fi,\u201d<\/strong> Di\u015f tedavinizi olabildi\u011fince sorunsuz ve konforlu hale getirmeye kararl\u0131y\u0131z.<\/p>\n<h4>S\u0131k\u00e7a Sorulan Sorular<\/h4>\n<h5>Ova Dent\u2019te Hangi Hizmetler Mevcuttur?<\/h5>\n<p>\u00d6nleyici, kozmetik, restoratif, ortodontik ve acil di\u015f bak\u0131m\u0131 dahil olmak \u00fczere geni\u015f bir hizmet yelpazesi sunuyoruz.<\/p>\n<h5>Uluslararas\u0131 Hastalara Hizmet Veriyor Musunuz?<\/h5>\n<p>Evet, uluslararas\u0131 hastalara hizmet verme konusunda uzmanla\u015f\u0131yoruz ve misafirperver bir ortamda en y\u00fcksek kalitede bak\u0131m sa\u011fl\u0131yoruz.<\/p>\n<h5>Ki\u015fiye \u00d6zel Tedavi Plan\u0131 Alabilir Miyim?<\/h5>\n<p>Kesinlikle. Ova Dent&#039;teki her hasta, bireysel ihtiya\u00e7lar\u0131n\u0131 kar\u015f\u0131lamak \u00fczere tasarlanm\u0131\u015f ki\u015fiselle\u015ftirilmi\u015f bir tedavi plan\u0131 al\u0131r.<\/p>\n<h4>Ova Dent&#039;te Di\u015f Bak\u0131m\u0131nda En \u0130yiyi Deneyimleyin<\/h4>\n<p>G\u00fcvenilir bir <strong>\u201cAlanya Di\u015f Klini\u011fi,\u201d<\/strong> Ova Dent, sizin ve ailenizin ola\u011fan\u00fcst\u00fc di\u015f hizmetleri almas\u0131 i\u00e7in burada. Rutin bak\u0131ma, g\u00fcl\u00fcmseme yenilemeye veya acil tedaviye ihtiyac\u0131n\u0131z olsun, \u00f6zverili ekibimiz size yard\u0131mc\u0131 olmaya haz\u0131r. Randevunuzu planlamak ve daha sa\u011fl\u0131kl\u0131, daha parlak bir g\u00fcl\u00fcmsemeye do\u011fru yolculu\u011funuza ba\u015flamak i\u00e7in bug\u00fcn bizimle ileti\u015fime ge\u00e7in.<\/p>\n<p>\n<\/div><\/div><\/div><\/div><\/div><\/div><!-- cell_inner --><\/div><!-- cell --><\/div><!-- port --><\/section>","protected":false},"excerpt":{"rendered":"","protected":false},"author":1,"featured_media":2005,"parent":0,"menu_order":0,"comment_status":"closed","ping_status":"closed","template":"","meta":{"footnotes":""},"class_list":["post-2091","page","type-page","status-publish","has-post-thumbnail","hentry"],"yoast_head":"<!-- This site is optimized with the Yoast SEO plugin v23.4 - https:\/\/yoast.com\/wordpress\/plugins\/seo\/ -->\n<title>Alanya Dental Clinic - Expert Care at Ova Dent<\/title>\n<meta name=\"description\" content=\"Discover top-quality dental care at Ova Dent, your trusted Alanya Dental Clinic. Offering preventive, cosmetic, and restorative treatments for local and international patients. Book now!\" \/>\n<meta name=\"robots\" content=\"index, follow, max-snippet:-1, max-image-preview:large, max-video-preview:-1\" \/>\n<link rel=\"canonical\" href=\"https:\/\/ovadent.com\/tr\/alanya-dental-clinic-2\/\" \/>\n<meta property=\"og:locale\" content=\"tr_TR\" \/>\n<meta property=\"og:type\" content=\"article\" \/>\n<meta property=\"og:title\" content=\"Alanya Dental Clinic - Expert Care at Ova Dent\" \/>\n<meta property=\"og:description\" content=\"Discover top-quality dental care at Ova Dent, your trusted Alanya Dental Clinic. Offering preventive, cosmetic, and restorative treatments for local and international patients. Book now!\" \/>\n<meta property=\"og:url\" content=\"https:\/\/ovadent.com\/tr\/alanya-dental-clinic-2\/\" \/>\n<meta property=\"og:site_name\" content=\"Alanya Dentist &amp; Dental | Ova Dent\" \/>\n<meta property=\"og:image\" content=\"https:\/\/ovadent.com\/wp-content\/uploads\/2024\/10\/22-1.jpg\" \/>\n\t<meta property=\"og:image:width\" content=\"1080\" \/>\n\t<meta property=\"og:image:height\" content=\"1080\" \/>\n\t<meta property=\"og:image:type\" content=\"image\/jpeg\" \/>\n<meta name=\"twitter:card\" content=\"summary_large_image\" \/>\n<meta name=\"twitter:label1\" content=\"Tahmini okuma s\u00fcresi\" \/>\n\t<meta name=\"twitter:data1\" content=\"1 dakika\" \/>\n<script type=\"application\/ld+json\" class=\"yoast-schema-graph\">{\"@context\":\"https:\/\/schema.org\",\"@graph\":[{\"@type\":\"WebPage\",\"@id\":\"https:\/\/ovadent.com\/alanya-dental-clinic-2\/\",\"url\":\"https:\/\/ovadent.com\/alanya-dental-clinic-2\/\",\"name\":\"Alanya Dental Clinic - Expert Care at Ova Dent\",\"isPartOf\":{\"@id\":\"https:\/\/ovadent.com\/#website\"},\"primaryImageOfPage\":{\"@id\":\"https:\/\/ovadent.com\/alanya-dental-clinic-2\/#primaryimage\"},\"image\":{\"@id\":\"https:\/\/ovadent.com\/alanya-dental-clinic-2\/#primaryimage\"},\"thumbnailUrl\":\"https:\/\/ovadent.com\/wp-content\/uploads\/2024\/10\/22-1.jpg\",\"datePublished\":\"2024-11-22T20:32:08+00:00\",\"dateModified\":\"2024-11-22T20:32:08+00:00\",\"description\":\"Discover top-quality dental care at Ova Dent, your trusted Alanya Dental Clinic. Offering preventive, cosmetic, and restorative treatments for local and international patients. Book now!\",\"breadcrumb\":{\"@id\":\"https:\/\/ovadent.com\/alanya-dental-clinic-2\/#breadcrumb\"},\"inLanguage\":\"tr\",\"potentialAction\":[{\"@type\":\"ReadAction\",\"target\":[\"https:\/\/ovadent.com\/alanya-dental-clinic-2\/\"]}]},{\"@type\":\"ImageObject\",\"inLanguage\":\"tr\",\"@id\":\"https:\/\/ovadent.com\/alanya-dental-clinic-2\/#primaryimage\",\"url\":\"https:\/\/ovadent.com\/wp-content\/uploads\/2024\/10\/22-1.jpg\",\"contentUrl\":\"https:\/\/ovadent.com\/wp-content\/uploads\/2024\/10\/22-1.jpg\",\"width\":1080,\"height\":1080,\"caption\":\"Alanya Dental Clinic\"},{\"@type\":\"BreadcrumbList\",\"@id\":\"https:\/\/ovadent.com\/alanya-dental-clinic-2\/#breadcrumb\",\"itemListElement\":[{\"@type\":\"ListItem\",\"position\":1,\"name\":\"Anasayfa\",\"item\":\"https:\/\/ovadent.com\/\"},{\"@type\":\"ListItem\",\"position\":2,\"name\":\"Alanya Dental Clinic\"}]},{\"@type\":\"WebSite\",\"@id\":\"https:\/\/ovadent.com\/#website\",\"url\":\"https:\/\/ovadent.com\/\",\"name\":\"Alanya Dentist & Dental | Ova Dent\",\"description\":\"Alanya Dentist &amp; Dental | Ova Dent\",\"publisher\":{\"@id\":\"https:\/\/ovadent.com\/#organization\"},\"potentialAction\":[{\"@type\":\"SearchAction\",\"target\":{\"@type\":\"EntryPoint\",\"urlTemplate\":\"https:\/\/ovadent.com\/?s={search_term_string}\"},\"query-input\":{\"@type\":\"PropertyValueSpecification\",\"valueRequired\":true,\"valueName\":\"search_term_string\"}}],\"inLanguage\":\"tr\"},{\"@type\":\"Organization\",\"@id\":\"https:\/\/ovadent.com\/#organization\",\"name\":\"Alanya Dentist & Dental | Ova Dent\",\"url\":\"https:\/\/ovadent.com\/\",\"logo\":{\"@type\":\"ImageObject\",\"inLanguage\":\"tr\",\"@id\":\"https:\/\/ovadent.com\/#\/schema\/logo\/image\/\",\"url\":\"https:\/\/ovadent.com\/wp-content\/uploads\/2024\/09\/Ovadent-Logo.png\",\"contentUrl\":\"https:\/\/ovadent.com\/wp-content\/uploads\/2024\/09\/Ovadent-Logo.png\",\"width\":1585,\"height\":586,\"caption\":\"Alanya Dentist & Dental | Ova Dent\"},\"image\":{\"@id\":\"https:\/\/ovadent.com\/#\/schema\/logo\/image\/\"}}]}<\/script>\n<!-- \/ Yoast SEO plugin. -->","yoast_head_json":{"title":"Alanya Dental Clinic - Expert Care at Ova Dent","description":"Discover top-quality dental care at Ova Dent, your trusted Alanya Dental Clinic. Offering preventive, cosmetic, and restorative treatments for local and international patients. Book now!","robots":{"index":"index","follow":"follow","max-snippet":"max-snippet:-1","max-image-preview":"max-image-preview:large","max-video-preview":"max-video-preview:-1"},"canonical":"https:\/\/ovadent.com\/tr\/alanya-dental-clinic-2\/","og_locale":"tr_TR","og_type":"article","og_title":"Alanya Dental Clinic - Expert Care at Ova Dent","og_description":"Discover top-quality dental care at Ova Dent, your trusted Alanya Dental Clinic. Offering preventive, cosmetic, and restorative treatments for local and international patients. Book now!","og_url":"https:\/\/ovadent.com\/tr\/alanya-dental-clinic-2\/","og_site_name":"Alanya Dentist &amp; Dental | Ova Dent","og_image":[{"width":1080,"height":1080,"url":"https:\/\/ovadent.com\/wp-content\/uploads\/2024\/10\/22-1.jpg","type":"image\/jpeg"}],"twitter_card":"summary_large_image","twitter_misc":{"Tahmini okuma s\u00fcresi":"1 dakika"},"schema":{"@context":"https:\/\/schema.org","@graph":[{"@type":"WebPage","@id":"https:\/\/ovadent.com\/alanya-dental-clinic-2\/","url":"https:\/\/ovadent.com\/alanya-dental-clinic-2\/","name":"Alanya Dental Clinic - Expert Care at Ova Dent","isPartOf":{"@id":"https:\/\/ovadent.com\/#website"},"primaryImageOfPage":{"@id":"https:\/\/ovadent.com\/alanya-dental-clinic-2\/#primaryimage"},"image":{"@id":"https:\/\/ovadent.com\/alanya-dental-clinic-2\/#primaryimage"},"thumbnailUrl":"https:\/\/ovadent.com\/wp-content\/uploads\/2024\/10\/22-1.jpg","datePublished":"2024-11-22T20:32:08+00:00","dateModified":"2024-11-22T20:32:08+00:00","description":"Discover top-quality dental care at Ova Dent, your trusted Alanya Dental Clinic. Offering preventive, cosmetic, and restorative treatments for local and international patients. Book now!","breadcrumb":{"@id":"https:\/\/ovadent.com\/alanya-dental-clinic-2\/#breadcrumb"},"inLanguage":"tr","potentialAction":[{"@type":"ReadAction","target":["https:\/\/ovadent.com\/alanya-dental-clinic-2\/"]}]},{"@type":"ImageObject","inLanguage":"tr","@id":"https:\/\/ovadent.com\/alanya-dental-clinic-2\/#primaryimage","url":"https:\/\/ovadent.com\/wp-content\/uploads\/2024\/10\/22-1.jpg","contentUrl":"https:\/\/ovadent.com\/wp-content\/uploads\/2024\/10\/22-1.jpg","width":1080,"height":1080,"caption":"Alanya Dental Clinic"},{"@type":"BreadcrumbList","@id":"https:\/\/ovadent.com\/alanya-dental-clinic-2\/#breadcrumb","itemListElement":[{"@type":"ListItem","position":1,"name":"Anasayfa","item":"https:\/\/ovadent.com\/"},{"@type":"ListItem","position":2,"name":"Alanya Dental Clinic"}]},{"@type":"WebSite","@id":"https:\/\/ovadent.com\/#website","url":"https:\/\/ovadent.com\/","name":"Alanya Dentist & Dental | Ova Dent","description":"Alanya Dentist &amp; Dental | Ova Dent","publisher":{"@id":"https:\/\/ovadent.com\/#organization"},"potentialAction":[{"@type":"SearchAction","target":{"@type":"EntryPoint","urlTemplate":"https:\/\/ovadent.com\/?s={search_term_string}"},"query-input":{"@type":"PropertyValueSpecification","valueRequired":true,"valueName":"search_term_string"}}],"inLanguage":"tr"},{"@type":"Organization","@id":"https:\/\/ovadent.com\/#organization","name":"Alanya Dentist & Dental | Ova Dent","url":"https:\/\/ovadent.com\/","logo":{"@type":"ImageObject","inLanguage":"tr","@id":"https:\/\/ovadent.com\/#\/schema\/logo\/image\/","url":"https:\/\/ovadent.com\/wp-content\/uploads\/2024\/09\/Ovadent-Logo.png","contentUrl":"https:\/\/ovadent.com\/wp-content\/uploads\/2024\/09\/Ovadent-Logo.png","width":1585,"height":586,"caption":"Alanya Dentist & Dental | Ova Dent"},"image":{"@id":"https:\/\/ovadent.com\/#\/schema\/logo\/image\/"}}]}},"_links":{"self":[{"href":"https:\/\/ovadent.com\/tr\/wp-json\/wp\/v2\/pages\/2091","targetHints":{"allow":["GET"]}}],"collection":[{"href":"https:\/\/ovadent.com\/tr\/wp-json\/wp\/v2\/pages"}],"about":[{"href":"https:\/\/ovadent.com\/tr\/wp-json\/wp\/v2\/types\/page"}],"author":[{"embeddable":true,"href":"https:\/\/ovadent.com\/tr\/wp-json\/wp\/v2\/users\/1"}],"replies":[{"embeddable":true,"href":"https:\/\/ovadent.com\/tr\/wp-json\/wp\/v2\/comments?post=2091"}],"version-history":[{"count":1,"href":"https:\/\/ovadent.com\/tr\/wp-json\/wp\/v2\/pages\/2091\/revisions"}],"predecessor-version":[{"id":2092,"href":"https:\/\/ovadent.com\/tr\/wp-json\/wp\/v2\/pages\/2091\/revisions\/2092"}],"wp:featuredmedia":[{"embeddable":true,"href":"https:\/\/ovadent.com\/tr\/wp-json\/wp\/v2\/media\/2005"}],"wp:attachment":[{"href":"https:\/\/ovadent.com\/tr\/wp-json\/wp\/v2\/media?parent=2091"}],"curies":[{"name":"wp","href":"https:\/\/api.w.org\/{rel}","templated":true}]}}