{"id":2093,"date":"2024-11-22T23:33:33","date_gmt":"2024-11-22T20:33:33","guid":{"rendered":"https:\/\/ovadent.com\/?page_id=2093"},"modified":"2024-11-22T23:33:33","modified_gmt":"2024-11-22T20:33:33","slug":"alanya-dental-clinic-3","status":"publish","type":"page","link":"https:\/\/ovadent.com\/tr\/alanya-dental-clinic-3\/","title":{"rendered":"Alanya Di\u015f Klini\u011fi"},"content":{"rendered":"<section data-bb-version=\"5.1.2\" id=\"bt_bb_section69fc3cbb7754c\" class=\"bt_bb_section bt_bb_layout_boxed_1200\"  data-bt-override-class=\"null\"><div class=\"bt_bb_port\"><div class=\"bt_bb_cell\"><div class=\"bt_bb_cell_inner\"><div class=\"bt_bb_row\"  data-bt-override-class=\"{}\"><div class=\"bt_bb_row_holder\" ><div data-bb-version=\"5.1.2\"  class=\"bt_bb_column col-xxl-12 col-xl-12 col-xs-12 col-sm-12 col-md-12 col-lg-12 bt_bb_vertical_align_top bt_bb_align_left bt_bb_padding_normal\"  data-width=\"12\" data-bt-override-class=\"{}\"><div class=\"bt_bb_column_content\"><header data-bb-version=\"5.1.2\" class=\"bt_bb_headline bt_bb_dash_none bt_bb_size_inherit bt_bb_align_inherit bt_bb_dash_type_none\" data-bt-override-class=\"{&quot;bt_bb_size_&quot;:{&quot;current_class&quot;:&quot;bt_bb_size_inherit&quot;,&quot;xxl&quot;:&quot;inherit&quot;},&quot;bt_bb_align_&quot;:{&quot;current_class&quot;:&quot;bt_bb_align_inherit&quot;,&quot;xxl&quot;:&quot;inherit&quot;}}\"><h1 class=\"bt_bb_headline_tag\"><span class=\"bt_bb_headline_content\"><span>Alanya Di\u015f Klini\u011fi - Ova Dent&#039;te G\u00fcvenilir Di\u015f Hizmetleri<\/span><\/span><\/h1><\/header><div data-bb-version=\"5.1.2\"  class=\"bt_bb_text\" ><\/p>\n<h3>Alanya Di\u015f Klini\u011fi: Ova Dent&#039;te Premium Di\u015f Bak\u0131m\u0131<\/h3>\n<h4>Ova Dent&#039;e Ho\u015f Geldiniz \u2013 Alanya&#039;daki G\u00fcvenilir Di\u015f Orta\u011f\u0131n\u0131z<\/h4>\n<p>G\u00fcvenilir birini ar\u0131yorsan\u0131z <strong>\u201cAlanya Di\u015f Klini\u011fi,\u201d<\/strong> Ova Dent, d\u00fcnya standartlar\u0131nda di\u015f hizmetleri i\u00e7in birinci s\u0131n\u0131f var\u0131\u015f noktan\u0131zd\u0131r. Son teknoloji ve deneyimli di\u015f profesyonellerinden olu\u015fan bir ekiple, sa\u011fl\u0131kl\u0131 ve \u00f6zg\u00fcvenli bir g\u00fcl\u00fcmsemeye kavu\u015fman\u0131za yard\u0131mc\u0131 olmaya adad\u0131k kendimizi.<\/p>\n<h4>Neden Ova Dent&#039;i Se\u00e7melisiniz?<\/h4>\n<h5>Uzmanl\u0131k ve Profesyonellik<\/h5>\n<p>Son derece yetenekli di\u015f hekimlerimiz ve uzmanlar\u0131m\u0131zdan olu\u015fan ekibimiz, her hastan\u0131n en y\u00fcksek standartta bak\u0131m almas\u0131n\u0131 sa\u011flamak i\u00e7in y\u0131llar\u0131n deneyimini beraberinde getiriyor. Rutin kontrollerden karma\u015f\u0131k di\u015f prosed\u00fcrlerine kadar her konuda yan\u0131n\u0131zday\u0131z.<\/p>\n<h5>\u0130leri Di\u015f Teknolojisi<\/h5>\n<p>Ova Dent, dijital g\u00f6r\u00fcnt\u00fcleme, lazer tedavileri ve modern sterilizasyon sistemleri de dahil olmak \u00fczere son teknoloji di\u015f ekipmanlar\u0131n\u0131 kullan\u0131r. Bu yenilikler, hassas, etkili ve konforlu tedaviler sunmam\u0131z\u0131 sa\u011flar.<\/p>\n<h5>Ki\u015fiselle\u015ftirilmi\u015f ve Hasta Merkezli Bak\u0131m<\/h5>\n<p>Rahat\u0131n\u0131z ve memnuniyetiniz bizim \u00f6nceliklerimizdir. Her tedavi plan\u0131, rahatlat\u0131c\u0131 bir ortamda ki\u015fiselle\u015ftirilmi\u015f bak\u0131m alman\u0131z\u0131 sa\u011flayarak \u00f6zel ihtiya\u00e7lar\u0131n\u0131z\u0131 kar\u015f\u0131layacak \u015fekilde tasarlanm\u0131\u015ft\u0131r.<\/p>\n<h4>Ova Dent&#039;te Kapsaml\u0131 Di\u015f Hizmetleri<\/h4>\n<h5>\u00d6nleyici Di\u015f Hekimli\u011fi<\/h5>\n<p>\u00d6nleyici di\u015f bak\u0131m\u0131 hizmetlerimizle di\u015flerinizi ve di\u015f etlerinizi sa\u011fl\u0131kl\u0131 tutun. Rutin kontroller, profesyonel temizlikler ve flor\u00fcr tedavileri, g\u00fcl\u00fcmsemenizi olas\u0131 sorunlardan korumak i\u00e7in tasarlanm\u0131\u015ft\u0131r.<\/p>\n<h5>Kozmetik Di\u015f Hekimli\u011fi<\/h5>\n<p>Di\u015f beyazlatma, porselen kaplamalar ve komple g\u00fcl\u00fc\u015f makyaj\u0131 gibi kozmetik di\u015f hekimli\u011fi tedavilerimizle g\u00fcl\u00fc\u015f\u00fcn\u00fcz\u00fc g\u00fczelle\u015ftirin. Ova Dent, \u0131\u015f\u0131lt\u0131l\u0131 ve kendinize g\u00fcvenen bir g\u00fcl\u00fcmsemeye kavu\u015fman\u0131za yard\u0131mc\u0131 olur.<\/p>\n<h5>Restoratif Di\u015f Hekimli\u011fi<\/h5>\n<p>Restoratif \u00e7\u00f6z\u00fcmlerimizle di\u015flerinizin i\u015flevini ve g\u00f6r\u00fcn\u00fcm\u00fcn\u00fc geri kazan\u0131n. Di\u015f implantlar\u0131, kronlar, k\u00f6pr\u00fcler ve protezler uzun \u00f6m\u00fcrl\u00fc sonu\u00e7lar i\u00e7in hassasiyetle \u00fcretilir.<\/p>\n<h5>Ortodonti<\/h5>\n<p>\u015eeffaf hizalay\u0131c\u0131lar ve geleneksel di\u015f telleri gibi ortodontik hizmetlerimizle di\u015flerinizi d\u00fczeltin ve \u0131s\u0131r\u0131\u011f\u0131n\u0131z\u0131 iyile\u015ftirin. Her ya\u015ftan hasta i\u00e7in \u00f6zelle\u015ftirilmi\u015f \u00e7\u00f6z\u00fcmler sunuyoruz.<\/p>\n<h5>Acil Di\u015f Bak\u0131m\u0131<\/h5>\n<p>Di\u015f acil durumlar\u0131 beklenmedik ve \u00fcz\u00fcc\u00fc olabilir. Ova Dent, \u015fiddetli di\u015f a\u011fr\u0131lar\u0131, k\u0131r\u0131k di\u015fler veya kaybolan dolgular gibi sorunlar i\u00e7in an\u0131nda yard\u0131m sa\u011flar.<\/p>\n<h4>Ova Dent&#039;te Di\u015f Turizmi<\/h4>\n<p>Alanya, uygun fiyatlarla y\u00fcksek kaliteli tedaviler sunarak di\u015f turizmi i\u00e7in \u00f6nde gelen bir destinasyon haline geldi. Ova Dent&#039;te, uluslararas\u0131 hastalar\u0131 a\u011f\u0131rlamaktan ve onlara kusursuz, stressiz di\u015f bak\u0131m\u0131 sa\u011flamaktan gurur duyuyoruz. \u00c7ok dilli ekibimiz, ileti\u015fimin sorunsuz olmas\u0131n\u0131 sa\u011flayarak bizi tercih edilen bir yer haline getiriyor. <strong>\u201cAlanya Di\u015f Klini\u011fi\u201d<\/strong> Di\u015f hekimli\u011fi turistleri i\u00e7in.<\/p>\n<h4>S\u0131k\u00e7a Sorulan Sorular<\/h4>\n<h5>Ova Dent&#039;i Farkl\u0131 K\u0131lan Nedir?<\/h5>\n<p>Ova Dent, uzman di\u015f hekimli\u011fi hizmetini, ileri teknolojiyi ve hasta odakl\u0131 yakla\u015f\u0131m\u0131 bir araya getirerek ola\u011fan\u00fcst\u00fc sonu\u00e7lar sunuyor.<\/p>\n<h5>Uluslararas\u0131 Hastalara Hizmet Veriyor Musunuz?<\/h5>\n<p>Evet, Ova Dent uluslararas\u0131 m\u00fc\u015fterilere hizmet verme konusunda uzmanla\u015fm\u0131\u015f olup, di\u015f tedavileri boyunca ki\u015fiselle\u015ftirilmi\u015f bak\u0131m ve destek sunmaktad\u0131r.<\/p>\n<h5>Ki\u015fiye \u00d6zel Tedavi Plan\u0131 Alabilir Miyim?<\/h5>\n<p>Kesinlikle. Ova Dent&#039;teki her hasta, benzersiz di\u015f ihtiya\u00e7lar\u0131n\u0131 kar\u015f\u0131layan \u00f6zel bir tedavi plan\u0131 al\u0131r.<\/p>\n<h4>Ova Dent&#039;te Fark\u0131 Ya\u015fay\u0131n<\/h4>\n<p>G\u00fcvenilir bir <strong>\u201cAlanya Di\u015f Klini\u011fi,\u201d<\/strong> Ova Dent, t\u00fcm a\u011f\u0131z sa\u011fl\u0131\u011f\u0131 ihtiya\u00e7lar\u0131n\u0131z i\u00e7in ola\u011fan\u00fcst\u00fc di\u015f bak\u0131m\u0131 sa\u011flamaya kendini adam\u0131\u015ft\u0131r. \u00d6nleyici, kozmetik veya restoratif bak\u0131m olsun, \u00f6zverili ekibimiz hak etti\u011finiz g\u00fcl\u00fcmsemeye kavu\u015fman\u0131za yard\u0131mc\u0131 olmak i\u00e7in burada. Bug\u00fcn randevunuzu planlay\u0131n ve Ova Dent fark\u0131n\u0131 deneyimleyin.<\/p>\n<p>\n<\/div><\/div><\/div><\/div><\/div><\/div><!-- cell_inner --><\/div><!-- cell --><\/div><!-- port --><\/section>","protected":false},"excerpt":{"rendered":"","protected":false},"author":1,"featured_media":2011,"parent":0,"menu_order":0,"comment_status":"closed","ping_status":"closed","template":"","meta":{"footnotes":""},"class_list":["post-2093","page","type-page","status-publish","has-post-thumbnail","hentry"],"yoast_head":"<!-- This site is optimized with the Yoast SEO plugin v23.4 - https:\/\/yoast.com\/wordpress\/plugins\/seo\/ -->\n<title>Alanya Dental Clinic - Trusted Dental Services at Ova Dent<\/title>\n<meta name=\"description\" content=\"Ova Dent, your premier Alanya Dental Clinic, offers expert preventive, cosmetic, and restorative dental care. Book your appointment for exceptional services!\" \/>\n<meta name=\"robots\" content=\"index, follow, max-snippet:-1, max-image-preview:large, max-video-preview:-1\" \/>\n<link rel=\"canonical\" href=\"https:\/\/ovadent.com\/tr\/alanya-dental-clinic-3\/\" \/>\n<meta property=\"og:locale\" content=\"tr_TR\" \/>\n<meta property=\"og:type\" content=\"article\" \/>\n<meta property=\"og:title\" content=\"Alanya Dental Clinic - Trusted Dental Services at Ova Dent\" \/>\n<meta property=\"og:description\" content=\"Ova Dent, your premier Alanya Dental Clinic, offers expert preventive, cosmetic, and restorative dental care. Book your appointment for exceptional services!\" \/>\n<meta property=\"og:url\" content=\"https:\/\/ovadent.com\/tr\/alanya-dental-clinic-3\/\" \/>\n<meta property=\"og:site_name\" content=\"Alanya Dentist &amp; Dental | Ova Dent\" \/>\n<meta property=\"og:image\" content=\"https:\/\/ovadent.com\/wp-content\/uploads\/2024\/10\/24-1.jpg\" \/>\n\t<meta property=\"og:image:width\" content=\"1080\" \/>\n\t<meta property=\"og:image:height\" content=\"1080\" \/>\n\t<meta property=\"og:image:type\" content=\"image\/jpeg\" \/>\n<meta name=\"twitter:card\" content=\"summary_large_image\" \/>\n<meta name=\"twitter:label1\" content=\"Tahmini okuma s\u00fcresi\" \/>\n\t<meta name=\"twitter:data1\" content=\"1 dakika\" \/>\n<script type=\"application\/ld+json\" class=\"yoast-schema-graph\">{\"@context\":\"https:\/\/schema.org\",\"@graph\":[{\"@type\":\"WebPage\",\"@id\":\"https:\/\/ovadent.com\/alanya-dental-clinic-3\/\",\"url\":\"https:\/\/ovadent.com\/alanya-dental-clinic-3\/\",\"name\":\"Alanya Dental Clinic - Trusted Dental Services at Ova Dent\",\"isPartOf\":{\"@id\":\"https:\/\/ovadent.com\/#website\"},\"primaryImageOfPage\":{\"@id\":\"https:\/\/ovadent.com\/alanya-dental-clinic-3\/#primaryimage\"},\"image\":{\"@id\":\"https:\/\/ovadent.com\/alanya-dental-clinic-3\/#primaryimage\"},\"thumbnailUrl\":\"https:\/\/ovadent.com\/wp-content\/uploads\/2024\/10\/24-1.jpg\",\"datePublished\":\"2024-11-22T20:33:33+00:00\",\"dateModified\":\"2024-11-22T20:33:33+00:00\",\"description\":\"Ova Dent, your premier Alanya Dental Clinic, offers expert preventive, cosmetic, and restorative dental care. Book your appointment for exceptional services!\",\"breadcrumb\":{\"@id\":\"https:\/\/ovadent.com\/alanya-dental-clinic-3\/#breadcrumb\"},\"inLanguage\":\"tr\",\"potentialAction\":[{\"@type\":\"ReadAction\",\"target\":[\"https:\/\/ovadent.com\/alanya-dental-clinic-3\/\"]}]},{\"@type\":\"ImageObject\",\"inLanguage\":\"tr\",\"@id\":\"https:\/\/ovadent.com\/alanya-dental-clinic-3\/#primaryimage\",\"url\":\"https:\/\/ovadent.com\/wp-content\/uploads\/2024\/10\/24-1.jpg\",\"contentUrl\":\"https:\/\/ovadent.com\/wp-content\/uploads\/2024\/10\/24-1.jpg\",\"width\":1080,\"height\":1080,\"caption\":\"Alanya Dental Clinic\"},{\"@type\":\"BreadcrumbList\",\"@id\":\"https:\/\/ovadent.com\/alanya-dental-clinic-3\/#breadcrumb\",\"itemListElement\":[{\"@type\":\"ListItem\",\"position\":1,\"name\":\"Anasayfa\",\"item\":\"https:\/\/ovadent.com\/\"},{\"@type\":\"ListItem\",\"position\":2,\"name\":\"Alanya Dental Clinic\"}]},{\"@type\":\"WebSite\",\"@id\":\"https:\/\/ovadent.com\/#website\",\"url\":\"https:\/\/ovadent.com\/\",\"name\":\"Alanya Dentist & Dental | Ova Dent\",\"description\":\"Alanya Dentist &amp; Dental | Ova Dent\",\"publisher\":{\"@id\":\"https:\/\/ovadent.com\/#organization\"},\"potentialAction\":[{\"@type\":\"SearchAction\",\"target\":{\"@type\":\"EntryPoint\",\"urlTemplate\":\"https:\/\/ovadent.com\/?s={search_term_string}\"},\"query-input\":{\"@type\":\"PropertyValueSpecification\",\"valueRequired\":true,\"valueName\":\"search_term_string\"}}],\"inLanguage\":\"tr\"},{\"@type\":\"Organization\",\"@id\":\"https:\/\/ovadent.com\/#organization\",\"name\":\"Alanya Dentist & Dental | Ova Dent\",\"url\":\"https:\/\/ovadent.com\/\",\"logo\":{\"@type\":\"ImageObject\",\"inLanguage\":\"tr\",\"@id\":\"https:\/\/ovadent.com\/#\/schema\/logo\/image\/\",\"url\":\"https:\/\/ovadent.com\/wp-content\/uploads\/2024\/09\/Ovadent-Logo.png\",\"contentUrl\":\"https:\/\/ovadent.com\/wp-content\/uploads\/2024\/09\/Ovadent-Logo.png\",\"width\":1585,\"height\":586,\"caption\":\"Alanya Dentist & Dental | Ova Dent\"},\"image\":{\"@id\":\"https:\/\/ovadent.com\/#\/schema\/logo\/image\/\"}}]}<\/script>\n<!-- \/ Yoast SEO plugin. -->","yoast_head_json":{"title":"Alanya Dental Clinic - Trusted Dental Services at Ova Dent","description":"Ova Dent, your premier Alanya Dental Clinic, offers expert preventive, cosmetic, and restorative dental care. Book your appointment for exceptional services!","robots":{"index":"index","follow":"follow","max-snippet":"max-snippet:-1","max-image-preview":"max-image-preview:large","max-video-preview":"max-video-preview:-1"},"canonical":"https:\/\/ovadent.com\/tr\/alanya-dental-clinic-3\/","og_locale":"tr_TR","og_type":"article","og_title":"Alanya Dental Clinic - Trusted Dental Services at Ova Dent","og_description":"Ova Dent, your premier Alanya Dental Clinic, offers expert preventive, cosmetic, and restorative dental care. Book your appointment for exceptional services!","og_url":"https:\/\/ovadent.com\/tr\/alanya-dental-clinic-3\/","og_site_name":"Alanya Dentist &amp; Dental | Ova Dent","og_image":[{"width":1080,"height":1080,"url":"https:\/\/ovadent.com\/wp-content\/uploads\/2024\/10\/24-1.jpg","type":"image\/jpeg"}],"twitter_card":"summary_large_image","twitter_misc":{"Tahmini okuma s\u00fcresi":"1 dakika"},"schema":{"@context":"https:\/\/schema.org","@graph":[{"@type":"WebPage","@id":"https:\/\/ovadent.com\/alanya-dental-clinic-3\/","url":"https:\/\/ovadent.com\/alanya-dental-clinic-3\/","name":"Alanya Dental Clinic - Trusted Dental Services at Ova Dent","isPartOf":{"@id":"https:\/\/ovadent.com\/#website"},"primaryImageOfPage":{"@id":"https:\/\/ovadent.com\/alanya-dental-clinic-3\/#primaryimage"},"image":{"@id":"https:\/\/ovadent.com\/alanya-dental-clinic-3\/#primaryimage"},"thumbnailUrl":"https:\/\/ovadent.com\/wp-content\/uploads\/2024\/10\/24-1.jpg","datePublished":"2024-11-22T20:33:33+00:00","dateModified":"2024-11-22T20:33:33+00:00","description":"Ova Dent, your premier Alanya Dental Clinic, offers expert preventive, cosmetic, and restorative dental care. Book your appointment for exceptional services!","breadcrumb":{"@id":"https:\/\/ovadent.com\/alanya-dental-clinic-3\/#breadcrumb"},"inLanguage":"tr","potentialAction":[{"@type":"ReadAction","target":["https:\/\/ovadent.com\/alanya-dental-clinic-3\/"]}]},{"@type":"ImageObject","inLanguage":"tr","@id":"https:\/\/ovadent.com\/alanya-dental-clinic-3\/#primaryimage","url":"https:\/\/ovadent.com\/wp-content\/uploads\/2024\/10\/24-1.jpg","contentUrl":"https:\/\/ovadent.com\/wp-content\/uploads\/2024\/10\/24-1.jpg","width":1080,"height":1080,"caption":"Alanya Dental Clinic"},{"@type":"BreadcrumbList","@id":"https:\/\/ovadent.com\/alanya-dental-clinic-3\/#breadcrumb","itemListElement":[{"@type":"ListItem","position":1,"name":"Anasayfa","item":"https:\/\/ovadent.com\/"},{"@type":"ListItem","position":2,"name":"Alanya Dental Clinic"}]},{"@type":"WebSite","@id":"https:\/\/ovadent.com\/#website","url":"https:\/\/ovadent.com\/","name":"Alanya Dentist & Dental | Ova Dent","description":"Alanya Dentist &amp; Dental | Ova Dent","publisher":{"@id":"https:\/\/ovadent.com\/#organization"},"potentialAction":[{"@type":"SearchAction","target":{"@type":"EntryPoint","urlTemplate":"https:\/\/ovadent.com\/?s={search_term_string}"},"query-input":{"@type":"PropertyValueSpecification","valueRequired":true,"valueName":"search_term_string"}}],"inLanguage":"tr"},{"@type":"Organization","@id":"https:\/\/ovadent.com\/#organization","name":"Alanya Dentist & Dental | Ova Dent","url":"https:\/\/ovadent.com\/","logo":{"@type":"ImageObject","inLanguage":"tr","@id":"https:\/\/ovadent.com\/#\/schema\/logo\/image\/","url":"https:\/\/ovadent.com\/wp-content\/uploads\/2024\/09\/Ovadent-Logo.png","contentUrl":"https:\/\/ovadent.com\/wp-content\/uploads\/2024\/09\/Ovadent-Logo.png","width":1585,"height":586,"caption":"Alanya Dentist & Dental | Ova Dent"},"image":{"@id":"https:\/\/ovadent.com\/#\/schema\/logo\/image\/"}}]}},"_links":{"self":[{"href":"https:\/\/ovadent.com\/tr\/wp-json\/wp\/v2\/pages\/2093","targetHints":{"allow":["GET"]}}],"collection":[{"href":"https:\/\/ovadent.com\/tr\/wp-json\/wp\/v2\/pages"}],"about":[{"href":"https:\/\/ovadent.com\/tr\/wp-json\/wp\/v2\/types\/page"}],"author":[{"embeddable":true,"href":"https:\/\/ovadent.com\/tr\/wp-json\/wp\/v2\/users\/1"}],"replies":[{"embeddable":true,"href":"https:\/\/ovadent.com\/tr\/wp-json\/wp\/v2\/comments?post=2093"}],"version-history":[{"count":1,"href":"https:\/\/ovadent.com\/tr\/wp-json\/wp\/v2\/pages\/2093\/revisions"}],"predecessor-version":[{"id":2094,"href":"https:\/\/ovadent.com\/tr\/wp-json\/wp\/v2\/pages\/2093\/revisions\/2094"}],"wp:featuredmedia":[{"embeddable":true,"href":"https:\/\/ovadent.com\/tr\/wp-json\/wp\/v2\/media\/2011"}],"wp:attachment":[{"href":"https:\/\/ovadent.com\/tr\/wp-json\/wp\/v2\/media?parent=2093"}],"curies":[{"name":"wp","href":"https:\/\/api.w.org\/{rel}","templated":true}]}}