{"id":2095,"date":"2024-11-22T23:34:49","date_gmt":"2024-11-22T20:34:49","guid":{"rendered":"https:\/\/ovadent.com\/?page_id=2095"},"modified":"2024-11-22T23:34:49","modified_gmt":"2024-11-22T20:34:49","slug":"alanya-dental-clinic-4","status":"publish","type":"page","link":"https:\/\/ovadent.com\/tr\/alanya-dental-clinic-4\/","title":{"rendered":"Alanya Di\u015f Klini\u011fi"},"content":{"rendered":"<section data-bb-version=\"5.1.2\" id=\"bt_bb_section6a0618de72254\" class=\"bt_bb_section bt_bb_layout_boxed_1200\"  data-bt-override-class=\"null\"><div class=\"bt_bb_port\"><div class=\"bt_bb_cell\"><div class=\"bt_bb_cell_inner\"><div class=\"bt_bb_row\"  data-bt-override-class=\"{}\"><div class=\"bt_bb_row_holder\" ><div data-bb-version=\"5.1.2\"  class=\"bt_bb_column col-xxl-12 col-xl-12 col-xs-12 col-sm-12 col-md-12 col-lg-12 bt_bb_vertical_align_top bt_bb_align_left bt_bb_padding_normal\"  data-width=\"12\" data-bt-override-class=\"{}\"><div class=\"bt_bb_column_content\"><header data-bb-version=\"5.1.2\" class=\"bt_bb_headline bt_bb_dash_none bt_bb_size_inherit bt_bb_align_inherit bt_bb_dash_type_none\" data-bt-override-class=\"{&quot;bt_bb_size_&quot;:{&quot;current_class&quot;:&quot;bt_bb_size_inherit&quot;,&quot;xxl&quot;:&quot;inherit&quot;},&quot;bt_bb_align_&quot;:{&quot;current_class&quot;:&quot;bt_bb_align_inherit&quot;,&quot;xxl&quot;:&quot;inherit&quot;}}\"><h1 class=\"bt_bb_headline_tag\"><span class=\"bt_bb_headline_content\"><span>Alanya Di\u015f Klini\u011fi - Ova Dent&#039;te Uzman Di\u015f Hizmetleri<\/span><\/span><\/h1><\/header><div data-bb-version=\"5.1.2\"  class=\"bt_bb_text\" ><\/p>\n<h3>Alanya Di\u015f Klini\u011fi: Ova Dent&#039;te Ola\u011fan\u00fcst\u00fc Di\u015f Bak\u0131m\u0131<\/h3>\n<h4>Ova Dent&#039;e Ho\u015f Geldiniz \u2013 Alanya&#039;daki \u00d6nde Gelen Di\u015f Klini\u011finiz<\/h4>\n<p>G\u00fcvenilir birini ar\u0131yorsan\u0131z <strong>\u201cAlanya Di\u015f Klini\u011fi,\u201d<\/strong> Ova Dent, yerel ve uluslararas\u0131 hastalara d\u00fcnya standartlar\u0131nda di\u015f bak\u0131m\u0131 sa\u011flamak i\u00e7in burada. \u0130leri teknoloji ve son derece yetenekli profesyonellerden olu\u015fan bir ekiple, optimum a\u011f\u0131z sa\u011fl\u0131\u011f\u0131na ve kendinize g\u00fcvenen bir g\u00fcl\u00fcmsemeye kavu\u015fman\u0131z\u0131 sa\u011flamaya kararl\u0131y\u0131z.<\/p>\n<h4>Neden Ova Dent&#039;i Se\u00e7melisiniz?<\/h4>\n<h5>Deneyimli Di\u015f Hekimleri<\/h5>\n<p>Deneyimli di\u015f hekimleri ve uzmanlardan olu\u015fan ekibimiz, di\u015f hekimli\u011finin t\u00fcm alanlar\u0131nda uzman bak\u0131m sa\u011flar. Basit kontrollerden karma\u015f\u0131k restoratif tedavilere kadar, Ova Dent en y\u00fcksek kalitede sonu\u00e7lar sunmaya kendini adam\u0131\u015ft\u0131r.<\/p>\n<h5>Son Teknoloji Tesisler<\/h5>\n<p>Ova Dent&#039;te dijital g\u00f6r\u00fcnt\u00fcleme, lazer di\u015f hekimli\u011fi ve modern sterilizasyon sistemleri de dahil olmak \u00fczere son teknoloji di\u015f teknolojisini kullan\u0131yoruz. Bu, hastalar\u0131m\u0131z i\u00e7in hassas te\u015fhis, etkili tedaviler ve konforlu bir deneyim sa\u011flar.<\/p>\n<h5>Ki\u015fiselle\u015ftirilmi\u015f Bak\u0131m<\/h5>\n<p>Her hasta benzersizdir ve tedavi planlar\u0131 da \u00f6yledir. Bireysel ihtiya\u00e7lar\u0131n\u0131za \u00f6ncelik veriyoruz ve misafirperver bir ortamda m\u00fcmk\u00fcn olan en iyi sonu\u00e7lar\u0131 elde etmek i\u00e7in ki\u015fiye \u00f6zel bak\u0131m sa\u011fl\u0131yoruz.<\/p>\n<h4>Ova Dent&#039;te Sunulan Hizmetler<\/h4>\n<h5>\u00d6nleyici Di\u015f Hekimli\u011fi<\/h5>\n<p>Di\u015flerinizi ve di\u015f etlerinizi rutin kontroller, profesyonel temizlikler ve flor\u00fcr uygulamalar\u0131 gibi \u00f6nleyici hizmetlerimizle koruyun. \u00d6nleme, sa\u011fl\u0131kl\u0131 g\u00fcl\u00fcmsemelerle dolu bir ya\u015fam\u0131n temelidir.<\/p>\n<h5>Kozmetik Di\u015f Hekimli\u011fi<\/h5>\n<p>Di\u015f beyazlatma, porselen kaplamalar ve g\u00fcl\u00fc\u015f makyaj\u0131 gibi kozmetik tedavilerimizle g\u00fcl\u00fcmsemenizi geli\u015ftirin. Ova Dent&#039;te, g\u00fczel ve kendine g\u00fcvenen bir g\u00fcl\u00fcmsemeye kavu\u015fman\u0131za yard\u0131mc\u0131 oluyoruz.<\/p>\n<h5>Restoratif Di\u015f Hekimli\u011fi<\/h5>\n<p>Hasarl\u0131 veya eksik di\u015flerinizi, di\u015f implantlar\u0131, kronlar ve k\u00f6pr\u00fcler dahil olmak \u00fczere restoratif \u00e7\u00f6z\u00fcmlerimizle onar\u0131n. Tedavilerimiz dayan\u0131kl\u0131, i\u015flevsel ve estetik olarak ho\u015f olacak \u015fekilde tasarlanm\u0131\u015ft\u0131r.<\/p>\n<h5>Ortodonti<\/h5>\n<p>\u015eeffaf hizalay\u0131c\u0131lar ve geleneksel di\u015f telleri dahil ortodontik hizmetlerimizle di\u015flerinizi d\u00fczeltin ve \u0131s\u0131r\u0131\u011f\u0131n\u0131z\u0131 iyile\u015ftirin. Ova Dent hem \u00e7ocuklar hem de yeti\u015fkinler i\u00e7in \u00f6zelle\u015ftirilmi\u015f \u00e7\u00f6z\u00fcmler sunar.<\/p>\n<h5>Acil Di\u015f Bak\u0131m\u0131<\/h5>\n<p>Di\u015f acil durumlar\u0131 her an olabilir. Ova Dent, di\u015f a\u011fr\u0131lar\u0131, k\u0131r\u0131k di\u015fler ve di\u011fer acil di\u015f sorunlar\u0131 i\u00e7in h\u0131zl\u0131 ve etkili bak\u0131m sa\u011flar.<\/p>\n<h4>Ova Dent&#039;te Di\u015f Turizmi<\/h4>\n<p>Alanya, y\u00fcksek kaliteli tedaviler ve uygun fiyatlar\u0131n birle\u015fimi sayesinde di\u015f turizmi i\u00e7in en iyi destinasyonlardan biri haline geldi. Ova Dent&#039;te uluslararas\u0131 hastalar\u0131 a\u011f\u0131rl\u0131yor ve konforlu, \u00e7ok dilli bir ortamda kapsaml\u0131 bak\u0131m sunuyoruz. \u00d6nde gelen bir <strong>\u201cAlanya Di\u015f Klini\u011fi,\u201d<\/strong> Di\u015f deneyiminizin kusursuz ve stressiz olmas\u0131n\u0131 sa\u011fl\u0131yoruz.<\/p>\n<h4>S\u0131k\u00e7a Sorulan Sorular<\/h4>\n<h5>Ova Dent&#039;i Alanya&#039;n\u0131n \u00d6nde Gelen Di\u015f Klini\u011fi Yapan Nedir?<\/h5>\n<p>Ova Dent, uzmanl\u0131\u011f\u0131, ileri teknolojiyi ve hasta odakl\u0131 yakla\u015f\u0131m\u0131 bir araya getirerek ola\u011fan\u00fcst\u00fc di\u015f bak\u0131m\u0131 hizmeti sunuyor.<\/p>\n<h5>Uluslararas\u0131 Hastalara Hizmet Veriyor Musunuz?<\/h5>\n<p>Evet, uluslararas\u0131 hastalara hizmet verme, onlara y\u00fcksek kalitede bak\u0131m sa\u011flama ve sorunsuz ileti\u015fim sa\u011flama konusunda uzmanla\u015f\u0131yoruz.<\/p>\n<h5>Ki\u015fiye \u00d6zel Tedavi Plan\u0131 Alabilir Miyim?<\/h5>\n<p>Kesinlikle. Her hastan\u0131n \u00f6zel ihtiya\u00e7lar\u0131n\u0131 ve hedeflerini kar\u015f\u0131lamak i\u00e7in ki\u015fiselle\u015ftirilmi\u015f tedavi planlar\u0131 tasarl\u0131yoruz.<\/p>\n<h4>Ova Dent&#039;i ziyaret edin \u2013 G\u00fcvenilir Alanya Di\u015f Klini\u011finiz<\/h4>\n<p>Rutin di\u015f bak\u0131m\u0131, kozmetik geli\u015ftirmeler veya acil tedavilere ihtiyac\u0131n\u0131z olsun, Ova Dent t\u00fcm a\u011f\u0131z sa\u011fl\u0131\u011f\u0131 ihtiya\u00e7lar\u0131n\u0131z i\u00e7in g\u00fcvenilir orta\u011f\u0131n\u0131zd\u0131r. Randevunuzu planlamak ve neden tercih edildi\u011fimizi ke\u015ffetmek i\u00e7in bug\u00fcn bizimle ileti\u015fime ge\u00e7in <strong>\u201cAlanya Di\u015f Klini\u011fi\u201d<\/strong> \u00e7ok ki\u015fi i\u00e7in.<\/p>\n<p>\n<\/div><\/div><\/div><\/div><\/div><\/div><!-- cell_inner --><\/div><!-- cell --><\/div><!-- port --><\/section>","protected":false},"excerpt":{"rendered":"","protected":false},"author":1,"featured_media":2011,"parent":0,"menu_order":0,"comment_status":"closed","ping_status":"closed","template":"","meta":{"footnotes":""},"class_list":["post-2095","page","type-page","status-publish","has-post-thumbnail","hentry"],"yoast_head":"<!-- This site is optimized with the Yoast SEO plugin v23.4 - https:\/\/yoast.com\/wordpress\/plugins\/seo\/ -->\n<title>Alanya Dental Clinic - Expert Dental Services at Ova Dent<\/title>\n<meta name=\"description\" content=\"Ova Dent, a top Alanya Dental Clinic, offers expert preventive, cosmetic, and restorative dental care for local and international patients. Book your appointment today!\" \/>\n<meta name=\"robots\" content=\"index, follow, max-snippet:-1, max-image-preview:large, max-video-preview:-1\" \/>\n<link rel=\"canonical\" href=\"https:\/\/ovadent.com\/tr\/alanya-dental-clinic-4\/\" \/>\n<meta property=\"og:locale\" content=\"tr_TR\" \/>\n<meta property=\"og:type\" content=\"article\" \/>\n<meta property=\"og:title\" content=\"Alanya Dental Clinic - Expert Dental Services at Ova Dent\" \/>\n<meta property=\"og:description\" content=\"Ova Dent, a top Alanya Dental Clinic, offers expert preventive, cosmetic, and restorative dental care for local and international patients. Book your appointment today!\" \/>\n<meta property=\"og:url\" content=\"https:\/\/ovadent.com\/tr\/alanya-dental-clinic-4\/\" \/>\n<meta property=\"og:site_name\" content=\"Alanya Dentist &amp; Dental | Ova Dent\" \/>\n<meta property=\"og:image\" content=\"https:\/\/ovadent.com\/wp-content\/uploads\/2024\/10\/24-1.jpg\" \/>\n\t<meta property=\"og:image:width\" content=\"1080\" \/>\n\t<meta property=\"og:image:height\" content=\"1080\" \/>\n\t<meta property=\"og:image:type\" content=\"image\/jpeg\" \/>\n<meta name=\"twitter:card\" content=\"summary_large_image\" \/>\n<meta name=\"twitter:label1\" content=\"Tahmini okuma s\u00fcresi\" \/>\n\t<meta name=\"twitter:data1\" content=\"1 dakika\" \/>\n<script type=\"application\/ld+json\" class=\"yoast-schema-graph\">{\"@context\":\"https:\/\/schema.org\",\"@graph\":[{\"@type\":\"WebPage\",\"@id\":\"https:\/\/ovadent.com\/alanya-dental-clinic-4\/\",\"url\":\"https:\/\/ovadent.com\/alanya-dental-clinic-4\/\",\"name\":\"Alanya Dental Clinic - Expert Dental Services at Ova Dent\",\"isPartOf\":{\"@id\":\"https:\/\/ovadent.com\/#website\"},\"primaryImageOfPage\":{\"@id\":\"https:\/\/ovadent.com\/alanya-dental-clinic-4\/#primaryimage\"},\"image\":{\"@id\":\"https:\/\/ovadent.com\/alanya-dental-clinic-4\/#primaryimage\"},\"thumbnailUrl\":\"https:\/\/ovadent.com\/wp-content\/uploads\/2024\/10\/24-1.jpg\",\"datePublished\":\"2024-11-22T20:34:49+00:00\",\"dateModified\":\"2024-11-22T20:34:49+00:00\",\"description\":\"Ova Dent, a top Alanya Dental Clinic, offers expert preventive, cosmetic, and restorative dental care for local and international patients. Book your appointment today!\",\"breadcrumb\":{\"@id\":\"https:\/\/ovadent.com\/alanya-dental-clinic-4\/#breadcrumb\"},\"inLanguage\":\"tr\",\"potentialAction\":[{\"@type\":\"ReadAction\",\"target\":[\"https:\/\/ovadent.com\/alanya-dental-clinic-4\/\"]}]},{\"@type\":\"ImageObject\",\"inLanguage\":\"tr\",\"@id\":\"https:\/\/ovadent.com\/alanya-dental-clinic-4\/#primaryimage\",\"url\":\"https:\/\/ovadent.com\/wp-content\/uploads\/2024\/10\/24-1.jpg\",\"contentUrl\":\"https:\/\/ovadent.com\/wp-content\/uploads\/2024\/10\/24-1.jpg\",\"width\":1080,\"height\":1080,\"caption\":\"Alanya Dental Clinic\"},{\"@type\":\"BreadcrumbList\",\"@id\":\"https:\/\/ovadent.com\/alanya-dental-clinic-4\/#breadcrumb\",\"itemListElement\":[{\"@type\":\"ListItem\",\"position\":1,\"name\":\"Anasayfa\",\"item\":\"https:\/\/ovadent.com\/\"},{\"@type\":\"ListItem\",\"position\":2,\"name\":\"Alanya Dental Clinic\"}]},{\"@type\":\"WebSite\",\"@id\":\"https:\/\/ovadent.com\/#website\",\"url\":\"https:\/\/ovadent.com\/\",\"name\":\"Alanya Dentist & Dental | Ova Dent\",\"description\":\"Alanya Dentist &amp; Dental | Ova Dent\",\"publisher\":{\"@id\":\"https:\/\/ovadent.com\/#organization\"},\"potentialAction\":[{\"@type\":\"SearchAction\",\"target\":{\"@type\":\"EntryPoint\",\"urlTemplate\":\"https:\/\/ovadent.com\/?s={search_term_string}\"},\"query-input\":{\"@type\":\"PropertyValueSpecification\",\"valueRequired\":true,\"valueName\":\"search_term_string\"}}],\"inLanguage\":\"tr\"},{\"@type\":\"Organization\",\"@id\":\"https:\/\/ovadent.com\/#organization\",\"name\":\"Alanya Dentist & Dental | Ova Dent\",\"url\":\"https:\/\/ovadent.com\/\",\"logo\":{\"@type\":\"ImageObject\",\"inLanguage\":\"tr\",\"@id\":\"https:\/\/ovadent.com\/#\/schema\/logo\/image\/\",\"url\":\"https:\/\/ovadent.com\/wp-content\/uploads\/2024\/09\/Ovadent-Logo.png\",\"contentUrl\":\"https:\/\/ovadent.com\/wp-content\/uploads\/2024\/09\/Ovadent-Logo.png\",\"width\":1585,\"height\":586,\"caption\":\"Alanya Dentist & Dental | Ova Dent\"},\"image\":{\"@id\":\"https:\/\/ovadent.com\/#\/schema\/logo\/image\/\"}}]}<\/script>\n<!-- \/ Yoast SEO plugin. -->","yoast_head_json":{"title":"Alanya Dental Clinic - Expert Dental Services at Ova Dent","description":"Ova Dent, a top Alanya Dental Clinic, offers expert preventive, cosmetic, and restorative dental care for local and international patients. Book your appointment today!","robots":{"index":"index","follow":"follow","max-snippet":"max-snippet:-1","max-image-preview":"max-image-preview:large","max-video-preview":"max-video-preview:-1"},"canonical":"https:\/\/ovadent.com\/tr\/alanya-dental-clinic-4\/","og_locale":"tr_TR","og_type":"article","og_title":"Alanya Dental Clinic - Expert Dental Services at Ova Dent","og_description":"Ova Dent, a top Alanya Dental Clinic, offers expert preventive, cosmetic, and restorative dental care for local and international patients. Book your appointment today!","og_url":"https:\/\/ovadent.com\/tr\/alanya-dental-clinic-4\/","og_site_name":"Alanya Dentist &amp; Dental | Ova Dent","og_image":[{"width":1080,"height":1080,"url":"https:\/\/ovadent.com\/wp-content\/uploads\/2024\/10\/24-1.jpg","type":"image\/jpeg"}],"twitter_card":"summary_large_image","twitter_misc":{"Tahmini okuma s\u00fcresi":"1 dakika"},"schema":{"@context":"https:\/\/schema.org","@graph":[{"@type":"WebPage","@id":"https:\/\/ovadent.com\/alanya-dental-clinic-4\/","url":"https:\/\/ovadent.com\/alanya-dental-clinic-4\/","name":"Alanya Dental Clinic - Expert Dental Services at Ova Dent","isPartOf":{"@id":"https:\/\/ovadent.com\/#website"},"primaryImageOfPage":{"@id":"https:\/\/ovadent.com\/alanya-dental-clinic-4\/#primaryimage"},"image":{"@id":"https:\/\/ovadent.com\/alanya-dental-clinic-4\/#primaryimage"},"thumbnailUrl":"https:\/\/ovadent.com\/wp-content\/uploads\/2024\/10\/24-1.jpg","datePublished":"2024-11-22T20:34:49+00:00","dateModified":"2024-11-22T20:34:49+00:00","description":"Ova Dent, a top Alanya Dental Clinic, offers expert preventive, cosmetic, and restorative dental care for local and international patients. Book your appointment today!","breadcrumb":{"@id":"https:\/\/ovadent.com\/alanya-dental-clinic-4\/#breadcrumb"},"inLanguage":"tr","potentialAction":[{"@type":"ReadAction","target":["https:\/\/ovadent.com\/alanya-dental-clinic-4\/"]}]},{"@type":"ImageObject","inLanguage":"tr","@id":"https:\/\/ovadent.com\/alanya-dental-clinic-4\/#primaryimage","url":"https:\/\/ovadent.com\/wp-content\/uploads\/2024\/10\/24-1.jpg","contentUrl":"https:\/\/ovadent.com\/wp-content\/uploads\/2024\/10\/24-1.jpg","width":1080,"height":1080,"caption":"Alanya Dental Clinic"},{"@type":"BreadcrumbList","@id":"https:\/\/ovadent.com\/alanya-dental-clinic-4\/#breadcrumb","itemListElement":[{"@type":"ListItem","position":1,"name":"Anasayfa","item":"https:\/\/ovadent.com\/"},{"@type":"ListItem","position":2,"name":"Alanya Dental Clinic"}]},{"@type":"WebSite","@id":"https:\/\/ovadent.com\/#website","url":"https:\/\/ovadent.com\/","name":"Alanya Dentist & Dental | Ova Dent","description":"Alanya Dentist &amp; Dental | Ova Dent","publisher":{"@id":"https:\/\/ovadent.com\/#organization"},"potentialAction":[{"@type":"SearchAction","target":{"@type":"EntryPoint","urlTemplate":"https:\/\/ovadent.com\/?s={search_term_string}"},"query-input":{"@type":"PropertyValueSpecification","valueRequired":true,"valueName":"search_term_string"}}],"inLanguage":"tr"},{"@type":"Organization","@id":"https:\/\/ovadent.com\/#organization","name":"Alanya Dentist & Dental | Ova Dent","url":"https:\/\/ovadent.com\/","logo":{"@type":"ImageObject","inLanguage":"tr","@id":"https:\/\/ovadent.com\/#\/schema\/logo\/image\/","url":"https:\/\/ovadent.com\/wp-content\/uploads\/2024\/09\/Ovadent-Logo.png","contentUrl":"https:\/\/ovadent.com\/wp-content\/uploads\/2024\/09\/Ovadent-Logo.png","width":1585,"height":586,"caption":"Alanya Dentist & Dental | Ova Dent"},"image":{"@id":"https:\/\/ovadent.com\/#\/schema\/logo\/image\/"}}]}},"_links":{"self":[{"href":"https:\/\/ovadent.com\/tr\/wp-json\/wp\/v2\/pages\/2095","targetHints":{"allow":["GET"]}}],"collection":[{"href":"https:\/\/ovadent.com\/tr\/wp-json\/wp\/v2\/pages"}],"about":[{"href":"https:\/\/ovadent.com\/tr\/wp-json\/wp\/v2\/types\/page"}],"author":[{"embeddable":true,"href":"https:\/\/ovadent.com\/tr\/wp-json\/wp\/v2\/users\/1"}],"replies":[{"embeddable":true,"href":"https:\/\/ovadent.com\/tr\/wp-json\/wp\/v2\/comments?post=2095"}],"version-history":[{"count":1,"href":"https:\/\/ovadent.com\/tr\/wp-json\/wp\/v2\/pages\/2095\/revisions"}],"predecessor-version":[{"id":2096,"href":"https:\/\/ovadent.com\/tr\/wp-json\/wp\/v2\/pages\/2095\/revisions\/2096"}],"wp:featuredmedia":[{"embeddable":true,"href":"https:\/\/ovadent.com\/tr\/wp-json\/wp\/v2\/media\/2011"}],"wp:attachment":[{"href":"https:\/\/ovadent.com\/tr\/wp-json\/wp\/v2\/media?parent=2095"}],"curies":[{"name":"wp","href":"https:\/\/api.w.org\/{rel}","templated":true}]}}