{"id":2170,"date":"2024-12-10T20:58:03","date_gmt":"2024-12-10T17:58:03","guid":{"rendered":"https:\/\/ovadent.com\/?page_id=2170"},"modified":"2024-12-10T20:58:03","modified_gmt":"2024-12-10T17:58:03","slug":"alanya-dental-clinic-6","status":"publish","type":"page","link":"https:\/\/ovadent.com\/tr\/alanya-dental-clinic-6\/","title":{"rendered":"Alanya Di\u015f Klini\u011fi"},"content":{"rendered":"<section data-bb-version=\"5.1.2\" id=\"bt_bb_section69f5c3dfaa50d\" class=\"bt_bb_section bt_bb_layout_boxed_1200\"  data-bt-override-class=\"null\"><div class=\"bt_bb_port\"><div class=\"bt_bb_cell\"><div class=\"bt_bb_cell_inner\"><div class=\"bt_bb_row\"  data-bt-override-class=\"{}\"><div class=\"bt_bb_row_holder\" ><div data-bb-version=\"5.1.2\"  class=\"bt_bb_column col-xxl-12 col-xl-12 col-xs-12 col-sm-12 col-md-12 col-lg-12 bt_bb_vertical_align_top bt_bb_align_left bt_bb_padding_normal\"  data-width=\"12\" data-bt-override-class=\"{}\"><div class=\"bt_bb_column_content\"><header data-bb-version=\"5.1.2\" class=\"bt_bb_headline bt_bb_dash_none bt_bb_size_inherit bt_bb_align_inherit bt_bb_dash_type_none\" data-bt-override-class=\"{&quot;bt_bb_size_&quot;:{&quot;current_class&quot;:&quot;bt_bb_size_inherit&quot;,&quot;xxl&quot;:&quot;inherit&quot;},&quot;bt_bb_align_&quot;:{&quot;current_class&quot;:&quot;bt_bb_align_inherit&quot;,&quot;xxl&quot;:&quot;inherit&quot;}}\"><h1 class=\"bt_bb_headline_tag\"><span class=\"bt_bb_headline_content\"><span>Alanya Dental Clinic - Your Partner in Oral Health<\/span><\/span><\/h1><\/header><div data-bb-version=\"5.1.2\"  class=\"bt_bb_text\" ><\/p>\n<p><span style=\"font-family: 'Playfair Display'; font-size: 3em; letter-spacing: -0.03em;\">Alanya Dental Clinic: Your Partner in Oral Health<\/span><\/p>\n<p>&nbsp;<\/p>\n<section>\n<h2>Welcome to Alanya Dental Clinic<\/h2>\n<p>If you\u2019re seeking expert dental care in a welcoming environment, <strong>Alanya Di\u015f Klini\u011fi<\/strong> is here for you. We specialize in providing comprehensive treatments that cater to your unique oral health needs. From preventive care to advanced solutions, we deliver excellence at every step.<\/p>\n<\/section>\n<section>\n<h3>Kapsaml\u0131 Di\u015f Hizmetleri<\/h3>\n<p>Our clinic offers a wide range of dental services designed to improve your oral health and boost your confidence:<\/p>\n<ul>\n<li><strong>Koruyucu Di\u015f Hekimli\u011fi:<\/strong> Routine check-ups, cleanings, and fluoride treatments.<\/li>\n<li><strong>Restoratif Di\u015f Hekimli\u011fi:<\/strong> Crowns, bridges, fillings, and root canal therapy.<\/li>\n<li><strong>Kozmetik Di\u015f Hekimli\u011fi:<\/strong> Di\u015f beyazlatma, di\u015f kaplamalar\u0131 ve g\u00fcl\u00fc\u015f tasar\u0131m\u0131.<\/li>\n<li><strong>Di\u015f \u0130mplantlar\u0131:<\/strong> Eksik di\u015flere kal\u0131c\u0131 \u00e7\u00f6z\u00fcmler.<\/li>\n<li><strong>Ortodontik Tedaviler:<\/strong> Daha d\u00fczg\u00fcn bir g\u00fcl\u00fcmseme i\u00e7in di\u015f telleri ve \u015feffaf plaklar.<\/li>\n<\/ul>\n<\/section>\n<section>\n<h4>Why Choose Alanya Dental Clinic?<\/h4>\n<p>Our clinic is equipped with the latest technology to ensure accurate diagnostics and efficient treatments. Our team of experienced dentists is committed to making your visit comfortable and stress-free.<\/p>\n<\/section>\n<section>\n<h3>A Perfect Blend of Dental Care and Relaxation<\/h3>\n<p>Located in the picturesque city of Alanya, our clinic offers the unique advantage of combining high-quality dental care with a relaxing holiday. Enjoy the beautiful surroundings while taking care of your smile.<\/p>\n<\/section>\n<section>\n<h3>Randevunuzu Bug\u00fcn Ay\u0131r\u0131n<\/h3>\n<p>Don\u2019t wait to prioritize your oral health. Contact <strong>Alanya Di\u015f Klini\u011fi<\/strong> to schedule your appointment. Experience professional care in a state-of-the-art facility designed with your comfort in mind.<\/p>\n<\/section>\n<p>\n<\/div><\/div><\/div><\/div><\/div><\/div><!-- cell_inner --><\/div><!-- cell --><\/div><!-- port --><\/section>","protected":false},"excerpt":{"rendered":"","protected":false},"author":1,"featured_media":2125,"parent":0,"menu_order":0,"comment_status":"closed","ping_status":"closed","template":"","meta":{"footnotes":""},"class_list":["post-2170","page","type-page","status-publish","has-post-thumbnail","hentry"],"yoast_head":"<!-- This site is optimized with the Yoast SEO plugin v23.4 - https:\/\/yoast.com\/wordpress\/plugins\/seo\/ -->\n<title>Alanya Dental Clinic - Your Partner in Oral Health<\/title>\n<meta name=\"description\" content=\"Discover premium dental care at Alanya Dental Clinic. From preventive treatments to advanced dental solutions, experience expert care in Alanya.\" \/>\n<meta name=\"robots\" content=\"index, follow, max-snippet:-1, max-image-preview:large, max-video-preview:-1\" \/>\n<link rel=\"canonical\" href=\"https:\/\/ovadent.com\/tr\/alanya-dental-clinic-6\/\" \/>\n<meta property=\"og:locale\" content=\"tr_TR\" \/>\n<meta property=\"og:type\" content=\"article\" \/>\n<meta property=\"og:title\" content=\"Alanya Dental Clinic - Your Partner in Oral Health\" \/>\n<meta property=\"og:description\" content=\"Discover premium dental care at Alanya Dental Clinic. From preventive treatments to advanced dental solutions, experience expert care in Alanya.\" \/>\n<meta property=\"og:url\" content=\"https:\/\/ovadent.com\/tr\/alanya-dental-clinic-6\/\" \/>\n<meta property=\"og:site_name\" content=\"Alanya Dentist &amp; Dental | Ova Dent\" \/>\n<meta property=\"og:image\" content=\"https:\/\/ovadent.com\/wp-content\/uploads\/2024\/12\/27.jpg\" \/>\n\t<meta property=\"og:image:width\" content=\"1080\" \/>\n\t<meta property=\"og:image:height\" content=\"1080\" \/>\n\t<meta property=\"og:image:type\" content=\"image\/jpeg\" \/>\n<meta name=\"twitter:card\" content=\"summary_large_image\" \/>\n<script type=\"application\/ld+json\" class=\"yoast-schema-graph\">{\"@context\":\"https:\/\/schema.org\",\"@graph\":[{\"@type\":\"WebPage\",\"@id\":\"https:\/\/ovadent.com\/alanya-dental-clinic-6\/\",\"url\":\"https:\/\/ovadent.com\/alanya-dental-clinic-6\/\",\"name\":\"Alanya Dental Clinic - Your Partner in Oral Health\",\"isPartOf\":{\"@id\":\"https:\/\/ovadent.com\/#website\"},\"primaryImageOfPage\":{\"@id\":\"https:\/\/ovadent.com\/alanya-dental-clinic-6\/#primaryimage\"},\"image\":{\"@id\":\"https:\/\/ovadent.com\/alanya-dental-clinic-6\/#primaryimage\"},\"thumbnailUrl\":\"https:\/\/ovadent.com\/wp-content\/uploads\/2024\/12\/27.jpg\",\"datePublished\":\"2024-12-10T17:58:03+00:00\",\"dateModified\":\"2024-12-10T17:58:03+00:00\",\"description\":\"Discover premium dental care at Alanya Dental Clinic. From preventive treatments to advanced dental solutions, experience expert care in Alanya.\",\"breadcrumb\":{\"@id\":\"https:\/\/ovadent.com\/alanya-dental-clinic-6\/#breadcrumb\"},\"inLanguage\":\"tr\",\"potentialAction\":[{\"@type\":\"ReadAction\",\"target\":[\"https:\/\/ovadent.com\/alanya-dental-clinic-6\/\"]}]},{\"@type\":\"ImageObject\",\"inLanguage\":\"tr\",\"@id\":\"https:\/\/ovadent.com\/alanya-dental-clinic-6\/#primaryimage\",\"url\":\"https:\/\/ovadent.com\/wp-content\/uploads\/2024\/12\/27.jpg\",\"contentUrl\":\"https:\/\/ovadent.com\/wp-content\/uploads\/2024\/12\/27.jpg\",\"width\":1080,\"height\":1080,\"caption\":\"Alanya Dentist\"},{\"@type\":\"BreadcrumbList\",\"@id\":\"https:\/\/ovadent.com\/alanya-dental-clinic-6\/#breadcrumb\",\"itemListElement\":[{\"@type\":\"ListItem\",\"position\":1,\"name\":\"Anasayfa\",\"item\":\"https:\/\/ovadent.com\/\"},{\"@type\":\"ListItem\",\"position\":2,\"name\":\"Alanya Dental Clinic\"}]},{\"@type\":\"WebSite\",\"@id\":\"https:\/\/ovadent.com\/#website\",\"url\":\"https:\/\/ovadent.com\/\",\"name\":\"Alanya Dentist & Dental | Ova Dent\",\"description\":\"Alanya Dentist &amp; Dental | Ova Dent\",\"publisher\":{\"@id\":\"https:\/\/ovadent.com\/#organization\"},\"potentialAction\":[{\"@type\":\"SearchAction\",\"target\":{\"@type\":\"EntryPoint\",\"urlTemplate\":\"https:\/\/ovadent.com\/?s={search_term_string}\"},\"query-input\":{\"@type\":\"PropertyValueSpecification\",\"valueRequired\":true,\"valueName\":\"search_term_string\"}}],\"inLanguage\":\"tr\"},{\"@type\":\"Organization\",\"@id\":\"https:\/\/ovadent.com\/#organization\",\"name\":\"Alanya Dentist & Dental | Ova Dent\",\"url\":\"https:\/\/ovadent.com\/\",\"logo\":{\"@type\":\"ImageObject\",\"inLanguage\":\"tr\",\"@id\":\"https:\/\/ovadent.com\/#\/schema\/logo\/image\/\",\"url\":\"https:\/\/ovadent.com\/wp-content\/uploads\/2024\/09\/Ovadent-Logo.png\",\"contentUrl\":\"https:\/\/ovadent.com\/wp-content\/uploads\/2024\/09\/Ovadent-Logo.png\",\"width\":1585,\"height\":586,\"caption\":\"Alanya Dentist & Dental | Ova Dent\"},\"image\":{\"@id\":\"https:\/\/ovadent.com\/#\/schema\/logo\/image\/\"}}]}<\/script>\n<!-- \/ Yoast SEO plugin. -->","yoast_head_json":{"title":"Alanya Dental Clinic - Your Partner in Oral Health","description":"Discover premium dental care at Alanya Dental Clinic. From preventive treatments to advanced dental solutions, experience expert care in Alanya.","robots":{"index":"index","follow":"follow","max-snippet":"max-snippet:-1","max-image-preview":"max-image-preview:large","max-video-preview":"max-video-preview:-1"},"canonical":"https:\/\/ovadent.com\/tr\/alanya-dental-clinic-6\/","og_locale":"tr_TR","og_type":"article","og_title":"Alanya Dental Clinic - Your Partner in Oral Health","og_description":"Discover premium dental care at Alanya Dental Clinic. From preventive treatments to advanced dental solutions, experience expert care in Alanya.","og_url":"https:\/\/ovadent.com\/tr\/alanya-dental-clinic-6\/","og_site_name":"Alanya Dentist &amp; Dental | Ova Dent","og_image":[{"width":1080,"height":1080,"url":"https:\/\/ovadent.com\/wp-content\/uploads\/2024\/12\/27.jpg","type":"image\/jpeg"}],"twitter_card":"summary_large_image","schema":{"@context":"https:\/\/schema.org","@graph":[{"@type":"WebPage","@id":"https:\/\/ovadent.com\/alanya-dental-clinic-6\/","url":"https:\/\/ovadent.com\/alanya-dental-clinic-6\/","name":"Alanya Dental Clinic - Your Partner in Oral Health","isPartOf":{"@id":"https:\/\/ovadent.com\/#website"},"primaryImageOfPage":{"@id":"https:\/\/ovadent.com\/alanya-dental-clinic-6\/#primaryimage"},"image":{"@id":"https:\/\/ovadent.com\/alanya-dental-clinic-6\/#primaryimage"},"thumbnailUrl":"https:\/\/ovadent.com\/wp-content\/uploads\/2024\/12\/27.jpg","datePublished":"2024-12-10T17:58:03+00:00","dateModified":"2024-12-10T17:58:03+00:00","description":"Discover premium dental care at Alanya Dental Clinic. From preventive treatments to advanced dental solutions, experience expert care in Alanya.","breadcrumb":{"@id":"https:\/\/ovadent.com\/alanya-dental-clinic-6\/#breadcrumb"},"inLanguage":"tr","potentialAction":[{"@type":"ReadAction","target":["https:\/\/ovadent.com\/alanya-dental-clinic-6\/"]}]},{"@type":"ImageObject","inLanguage":"tr","@id":"https:\/\/ovadent.com\/alanya-dental-clinic-6\/#primaryimage","url":"https:\/\/ovadent.com\/wp-content\/uploads\/2024\/12\/27.jpg","contentUrl":"https:\/\/ovadent.com\/wp-content\/uploads\/2024\/12\/27.jpg","width":1080,"height":1080,"caption":"Alanya Dentist"},{"@type":"BreadcrumbList","@id":"https:\/\/ovadent.com\/alanya-dental-clinic-6\/#breadcrumb","itemListElement":[{"@type":"ListItem","position":1,"name":"Anasayfa","item":"https:\/\/ovadent.com\/"},{"@type":"ListItem","position":2,"name":"Alanya Dental Clinic"}]},{"@type":"WebSite","@id":"https:\/\/ovadent.com\/#website","url":"https:\/\/ovadent.com\/","name":"Alanya Dentist & Dental | Ova Dent","description":"Alanya Dentist &amp; Dental | Ova Dent","publisher":{"@id":"https:\/\/ovadent.com\/#organization"},"potentialAction":[{"@type":"SearchAction","target":{"@type":"EntryPoint","urlTemplate":"https:\/\/ovadent.com\/?s={search_term_string}"},"query-input":{"@type":"PropertyValueSpecification","valueRequired":true,"valueName":"search_term_string"}}],"inLanguage":"tr"},{"@type":"Organization","@id":"https:\/\/ovadent.com\/#organization","name":"Alanya Dentist & Dental | Ova Dent","url":"https:\/\/ovadent.com\/","logo":{"@type":"ImageObject","inLanguage":"tr","@id":"https:\/\/ovadent.com\/#\/schema\/logo\/image\/","url":"https:\/\/ovadent.com\/wp-content\/uploads\/2024\/09\/Ovadent-Logo.png","contentUrl":"https:\/\/ovadent.com\/wp-content\/uploads\/2024\/09\/Ovadent-Logo.png","width":1585,"height":586,"caption":"Alanya Dentist & Dental | Ova Dent"},"image":{"@id":"https:\/\/ovadent.com\/#\/schema\/logo\/image\/"}}]}},"_links":{"self":[{"href":"https:\/\/ovadent.com\/tr\/wp-json\/wp\/v2\/pages\/2170","targetHints":{"allow":["GET"]}}],"collection":[{"href":"https:\/\/ovadent.com\/tr\/wp-json\/wp\/v2\/pages"}],"about":[{"href":"https:\/\/ovadent.com\/tr\/wp-json\/wp\/v2\/types\/page"}],"author":[{"embeddable":true,"href":"https:\/\/ovadent.com\/tr\/wp-json\/wp\/v2\/users\/1"}],"replies":[{"embeddable":true,"href":"https:\/\/ovadent.com\/tr\/wp-json\/wp\/v2\/comments?post=2170"}],"version-history":[{"count":1,"href":"https:\/\/ovadent.com\/tr\/wp-json\/wp\/v2\/pages\/2170\/revisions"}],"predecessor-version":[{"id":2171,"href":"https:\/\/ovadent.com\/tr\/wp-json\/wp\/v2\/pages\/2170\/revisions\/2171"}],"wp:featuredmedia":[{"embeddable":true,"href":"https:\/\/ovadent.com\/tr\/wp-json\/wp\/v2\/media\/2125"}],"wp:attachment":[{"href":"https:\/\/ovadent.com\/tr\/wp-json\/wp\/v2\/media?parent=2170"}],"curies":[{"name":"wp","href":"https:\/\/api.w.org\/{rel}","templated":true}]}}