{"id":235,"date":"2019-12-30T13:00:12","date_gmt":"2019-12-30T13:00:12","guid":{"rendered":"http:\/\/denticare.bold-themes.com\/michelle\/?page_id=235"},"modified":"2024-09-11T02:37:56","modified_gmt":"2024-09-10T23:37:56","slug":"news-grid-four-columns","status":"publish","type":"page","link":"https:\/\/ovadent.com\/tr\/news\/news-grid-four-columns\/","title":{"rendered":"News grid four columns"},"content":{"rendered":"<section id=\"bt_bb_section69e3bd9383d84\" class=\"bt_bb_section bt_bb_layout_boxed_1200 bt_bb_vertical_align_top bt_bb_top_spacing_medium bt_bb_bottom_spacing_medium\"  data-bt-override-class=\"null\"><div class=\"bt_bb_port\"><div class=\"bt_bb_cell\"><div class=\"bt_bb_cell_inner\"><div class=\"bt_bb_row\"  data-bt-override-class=\"{}\"><div class=\"bt_bb_row_holder\" ><div  class=\"bt_bb_column col-xxl-12 col-xl-12 bt_bb_vertical_align_top bt_bb_align_left bt_bb_padding_normal\"  data-width=\"12\" data-bt-override-class=\"{}\"><div class=\"bt_bb_column_content\"><div class=\"bt_bb_masonry_post_grid bt_bb_grid_container bt_bb_columns_4 bt_bb_gap_normal bt_bb_look_image_above bt_bb_date_design_round bt_bb_show_read_more_show_share\" data-columns=\"4\"><div class=\"bt_bb_post_grid_filter\"><span class=\"bt_bb_masonry_post_grid_filter_item bt_bb_post_grid_filter_item active\" data-category=\"\">T\u00fcm<\/span><span class=\"bt_bb_masonry_post_grid_filter_item bt_bb_post_grid_filter_item\" data-category=\"alanya-dentist\">Alanya Di\u015f Hekimi<\/span><span class=\"bt_bb_masonry_post_grid_filter_item bt_bb_post_grid_filter_item\" data-category=\"antalya-dental\">Antalya Dental<\/span><span class=\"bt_bb_masonry_post_grid_filter_item bt_bb_post_grid_filter_item\" data-category=\"antalya-dental-clinic\">Antalya Dental Clinic<\/span><span class=\"bt_bb_masonry_post_grid_filter_item bt_bb_post_grid_filter_item\" data-category=\"antalya-dental-service\">Antalya Dental Service<\/span><span class=\"bt_bb_masonry_post_grid_filter_item bt_bb_post_grid_filter_item\" data-category=\"antalya-dentist\">Antalya Dentist<\/span><span class=\"bt_bb_masonry_post_grid_filter_item bt_bb_post_grid_filter_item\" data-category=\"dentist-antalya\">Dentist Antalya<\/span><span class=\"bt_bb_masonry_post_grid_filter_item bt_bb_post_grid_filter_item\" data-category=\"genel\">Genel<\/span><span class=\"bt_bb_masonry_post_grid_filter_item bt_bb_post_grid_filter_item\" data-category=\"ova-dent-alanya\">Ova Dent Alanya<\/span><span class=\"bt_bb_masonry_post_grid_filter_item bt_bb_post_grid_filter_item\" data-category=\"turkiye-dentist\">T\u00fcrkiye Di\u015f Hekimi<\/span><\/div><div class=\"bt_bb_masonry_post_post_grid_content bt_bb_masonry_post_grid_content bt_bb_grid_hide\" data-bt-nonce=\"a3dbc8c968\" data-number=\"1000\" data-category=\"\" data-show=\"a%3A7%3A%7Bs%3A8%3A%22category%22%3Bb%3A1%3Bs%3A4%3A%22date%22%3Bb%3A1%3Bs%3A6%3A%22author%22%3Bb%3A0%3Bs%3A8%3A%22comments%22%3Bb%3A0%3Bs%3A7%3A%22excerpt%22%3Bb%3A1%3Bs%3A5%3A%22share%22%3Bb%3A0%3Bs%3A9%3A%22read_more%22%3Bb%3A1%3B%7D\" data-auto-loading=\"auto_loading\" data-date-design=\"round\"  data-target=\"_self\"><div class=\"bt_bb_grid_sizer\"><\/div><\/div><div class=\"bt_bb_post_grid_loader\"><span class=\"box1\"><\/span><span class=\"box2\"><\/span><span class=\"box3\"><\/span><span class=\"box4\"><\/span><span class=\"box5\"><\/span><\/div><\/div><\/div><\/div><\/div><\/div><\/div><!-- cell_inner --><\/div><!-- cell --><\/div><!-- port --><\/section>","protected":false},"excerpt":{"rendered":"<p>Birinci s\u0131n\u0131f ni\u015f pazarlar arac\u0131l\u0131\u011f\u0131yla kaynak t\u00fcketen ili\u015fkileri tamamen sinerji haline getirin. Sa\u011flam fikirlerle profesyonel bir \u015fekilde bire bir m\u00fc\u015fteri hizmeti geli\u015ftirin. Son teknoloji m\u00fc\u015fteri hizmeti i\u00e7in kaynak seviyelendirme m\u00fc\u015fteri hizmetini dinamik bir \u015fekilde yenileyin.<\/p>","protected":false},"author":2,"featured_media":527,"parent":141,"menu_order":0,"comment_status":"closed","ping_status":"closed","template":"","meta":{"footnotes":""},"class_list":["post-235","page","type-page","status-publish","has-post-thumbnail","hentry"],"yoast_head":"<!-- This site is optimized with the Yoast SEO plugin v23.4 - https:\/\/yoast.com\/wordpress\/plugins\/seo\/ -->\n<title>News grid four columns - Alanya Dentist &amp; Dental | Ova Dent<\/title>\n<meta name=\"robots\" content=\"index, follow, max-snippet:-1, max-image-preview:large, max-video-preview:-1\" \/>\n<link rel=\"canonical\" href=\"https:\/\/ovadent.com\/tr\/news\/news-grid-four-columns\/\" \/>\n<meta property=\"og:locale\" content=\"tr_TR\" \/>\n<meta property=\"og:type\" content=\"article\" \/>\n<meta property=\"og:title\" content=\"News grid four columns - Alanya Dentist &amp; Dental | Ova Dent\" \/>\n<meta property=\"og:description\" content=\"Completely synergize resource taxing relationships via premier niche markets. Professionally cultivate one-to-one customer service with robust ideas. Dynamically innovate resource-leveling customer service for state of the art customer service.\" \/>\n<meta property=\"og:url\" content=\"https:\/\/ovadent.com\/tr\/news\/news-grid-four-columns\/\" \/>\n<meta property=\"og:site_name\" content=\"Alanya Dentist &amp; Dental | Ova Dent\" \/>\n<meta property=\"article:modified_time\" content=\"2024-09-10T23:37:56+00:00\" \/>\n<meta property=\"og:image\" content=\"https:\/\/ovadent.com\/wp-content\/uploads\/2020\/01\/featured_image_shop_six_columns.jpg\" \/>\n\t<meta property=\"og:image:width\" content=\"1920\" \/>\n\t<meta property=\"og:image:height\" content=\"1100\" \/>\n\t<meta property=\"og:image:type\" content=\"image\/jpeg\" \/>\n<meta name=\"twitter:card\" content=\"summary_large_image\" \/>\n<meta name=\"twitter:label1\" content=\"Tahmini okuma s\u00fcresi\" \/>\n\t<meta name=\"twitter:data1\" content=\"1 dakika\" \/>\n<script type=\"application\/ld+json\" class=\"yoast-schema-graph\">{\"@context\":\"https:\/\/schema.org\",\"@graph\":[{\"@type\":\"WebPage\",\"@id\":\"https:\/\/ovadent.com\/news\/news-grid-four-columns\/\",\"url\":\"https:\/\/ovadent.com\/news\/news-grid-four-columns\/\",\"name\":\"News grid four columns - Alanya Dentist &amp; Dental | Ova Dent\",\"isPartOf\":{\"@id\":\"https:\/\/ovadent.com\/#website\"},\"primaryImageOfPage\":{\"@id\":\"https:\/\/ovadent.com\/news\/news-grid-four-columns\/#primaryimage\"},\"image\":{\"@id\":\"https:\/\/ovadent.com\/news\/news-grid-four-columns\/#primaryimage\"},\"thumbnailUrl\":\"https:\/\/ovadent.com\/wp-content\/uploads\/2020\/01\/featured_image_shop_six_columns.jpg\",\"datePublished\":\"2019-12-30T13:00:12+00:00\",\"dateModified\":\"2024-09-10T23:37:56+00:00\",\"breadcrumb\":{\"@id\":\"https:\/\/ovadent.com\/news\/news-grid-four-columns\/#breadcrumb\"},\"inLanguage\":\"tr\",\"potentialAction\":[{\"@type\":\"ReadAction\",\"target\":[\"https:\/\/ovadent.com\/news\/news-grid-four-columns\/\"]}]},{\"@type\":\"ImageObject\",\"inLanguage\":\"tr\",\"@id\":\"https:\/\/ovadent.com\/news\/news-grid-four-columns\/#primaryimage\",\"url\":\"https:\/\/ovadent.com\/wp-content\/uploads\/2020\/01\/featured_image_shop_six_columns.jpg\",\"contentUrl\":\"https:\/\/ovadent.com\/wp-content\/uploads\/2020\/01\/featured_image_shop_six_columns.jpg\",\"width\":1920,\"height\":1100},{\"@type\":\"BreadcrumbList\",\"@id\":\"https:\/\/ovadent.com\/news\/news-grid-four-columns\/#breadcrumb\",\"itemListElement\":[{\"@type\":\"ListItem\",\"position\":1,\"name\":\"Anasayfa\",\"item\":\"https:\/\/ovadent.com\/\"},{\"@type\":\"ListItem\",\"position\":2,\"name\":\"News\",\"item\":\"https:\/\/ovadent.com\/news\/\"},{\"@type\":\"ListItem\",\"position\":3,\"name\":\"News grid four columns\"}]},{\"@type\":\"WebSite\",\"@id\":\"https:\/\/ovadent.com\/#website\",\"url\":\"https:\/\/ovadent.com\/\",\"name\":\"Alanya Dentist & Dental | Ova Dent\",\"description\":\"Alanya Dentist &amp; Dental | Ova Dent\",\"publisher\":{\"@id\":\"https:\/\/ovadent.com\/#organization\"},\"potentialAction\":[{\"@type\":\"SearchAction\",\"target\":{\"@type\":\"EntryPoint\",\"urlTemplate\":\"https:\/\/ovadent.com\/?s={search_term_string}\"},\"query-input\":{\"@type\":\"PropertyValueSpecification\",\"valueRequired\":true,\"valueName\":\"search_term_string\"}}],\"inLanguage\":\"tr\"},{\"@type\":\"Organization\",\"@id\":\"https:\/\/ovadent.com\/#organization\",\"name\":\"Alanya Dentist & Dental | Ova Dent\",\"url\":\"https:\/\/ovadent.com\/\",\"logo\":{\"@type\":\"ImageObject\",\"inLanguage\":\"tr\",\"@id\":\"https:\/\/ovadent.com\/#\/schema\/logo\/image\/\",\"url\":\"https:\/\/ovadent.com\/wp-content\/uploads\/2024\/09\/Ovadent-Logo.png\",\"contentUrl\":\"https:\/\/ovadent.com\/wp-content\/uploads\/2024\/09\/Ovadent-Logo.png\",\"width\":1585,\"height\":586,\"caption\":\"Alanya Dentist & Dental | Ova Dent\"},\"image\":{\"@id\":\"https:\/\/ovadent.com\/#\/schema\/logo\/image\/\"}}]}<\/script>\n<!-- \/ Yoast SEO plugin. -->","yoast_head_json":{"title":"News grid four columns - Alanya Dentist &amp; Dental | Ova Dent","robots":{"index":"index","follow":"follow","max-snippet":"max-snippet:-1","max-image-preview":"max-image-preview:large","max-video-preview":"max-video-preview:-1"},"canonical":"https:\/\/ovadent.com\/tr\/news\/news-grid-four-columns\/","og_locale":"tr_TR","og_type":"article","og_title":"News grid four columns - Alanya Dentist &amp; Dental | Ova Dent","og_description":"Completely synergize resource taxing relationships via premier niche markets. Professionally cultivate one-to-one customer service with robust ideas. Dynamically innovate resource-leveling customer service for state of the art customer service.","og_url":"https:\/\/ovadent.com\/tr\/news\/news-grid-four-columns\/","og_site_name":"Alanya Dentist &amp; Dental | Ova Dent","article_modified_time":"2024-09-10T23:37:56+00:00","og_image":[{"width":1920,"height":1100,"url":"https:\/\/ovadent.com\/wp-content\/uploads\/2020\/01\/featured_image_shop_six_columns.jpg","type":"image\/jpeg"}],"twitter_card":"summary_large_image","twitter_misc":{"Tahmini okuma s\u00fcresi":"1 dakika"},"schema":{"@context":"https:\/\/schema.org","@graph":[{"@type":"WebPage","@id":"https:\/\/ovadent.com\/news\/news-grid-four-columns\/","url":"https:\/\/ovadent.com\/news\/news-grid-four-columns\/","name":"News grid four columns - Alanya Dentist &amp; Dental | Ova Dent","isPartOf":{"@id":"https:\/\/ovadent.com\/#website"},"primaryImageOfPage":{"@id":"https:\/\/ovadent.com\/news\/news-grid-four-columns\/#primaryimage"},"image":{"@id":"https:\/\/ovadent.com\/news\/news-grid-four-columns\/#primaryimage"},"thumbnailUrl":"https:\/\/ovadent.com\/wp-content\/uploads\/2020\/01\/featured_image_shop_six_columns.jpg","datePublished":"2019-12-30T13:00:12+00:00","dateModified":"2024-09-10T23:37:56+00:00","breadcrumb":{"@id":"https:\/\/ovadent.com\/news\/news-grid-four-columns\/#breadcrumb"},"inLanguage":"tr","potentialAction":[{"@type":"ReadAction","target":["https:\/\/ovadent.com\/news\/news-grid-four-columns\/"]}]},{"@type":"ImageObject","inLanguage":"tr","@id":"https:\/\/ovadent.com\/news\/news-grid-four-columns\/#primaryimage","url":"https:\/\/ovadent.com\/wp-content\/uploads\/2020\/01\/featured_image_shop_six_columns.jpg","contentUrl":"https:\/\/ovadent.com\/wp-content\/uploads\/2020\/01\/featured_image_shop_six_columns.jpg","width":1920,"height":1100},{"@type":"BreadcrumbList","@id":"https:\/\/ovadent.com\/news\/news-grid-four-columns\/#breadcrumb","itemListElement":[{"@type":"ListItem","position":1,"name":"Anasayfa","item":"https:\/\/ovadent.com\/"},{"@type":"ListItem","position":2,"name":"News","item":"https:\/\/ovadent.com\/news\/"},{"@type":"ListItem","position":3,"name":"News grid four columns"}]},{"@type":"WebSite","@id":"https:\/\/ovadent.com\/#website","url":"https:\/\/ovadent.com\/","name":"Alanya Dentist & Dental | Ova Dent","description":"Alanya Dentist &amp; Dental | Ova Dent","publisher":{"@id":"https:\/\/ovadent.com\/#organization"},"potentialAction":[{"@type":"SearchAction","target":{"@type":"EntryPoint","urlTemplate":"https:\/\/ovadent.com\/?s={search_term_string}"},"query-input":{"@type":"PropertyValueSpecification","valueRequired":true,"valueName":"search_term_string"}}],"inLanguage":"tr"},{"@type":"Organization","@id":"https:\/\/ovadent.com\/#organization","name":"Alanya Dentist & Dental | Ova Dent","url":"https:\/\/ovadent.com\/","logo":{"@type":"ImageObject","inLanguage":"tr","@id":"https:\/\/ovadent.com\/#\/schema\/logo\/image\/","url":"https:\/\/ovadent.com\/wp-content\/uploads\/2024\/09\/Ovadent-Logo.png","contentUrl":"https:\/\/ovadent.com\/wp-content\/uploads\/2024\/09\/Ovadent-Logo.png","width":1585,"height":586,"caption":"Alanya Dentist & Dental | Ova Dent"},"image":{"@id":"https:\/\/ovadent.com\/#\/schema\/logo\/image\/"}}]}},"_links":{"self":[{"href":"https:\/\/ovadent.com\/tr\/wp-json\/wp\/v2\/pages\/235","targetHints":{"allow":["GET"]}}],"collection":[{"href":"https:\/\/ovadent.com\/tr\/wp-json\/wp\/v2\/pages"}],"about":[{"href":"https:\/\/ovadent.com\/tr\/wp-json\/wp\/v2\/types\/page"}],"author":[{"embeddable":true,"href":"https:\/\/ovadent.com\/tr\/wp-json\/wp\/v2\/users\/2"}],"replies":[{"embeddable":true,"href":"https:\/\/ovadent.com\/tr\/wp-json\/wp\/v2\/comments?post=235"}],"version-history":[{"count":1,"href":"https:\/\/ovadent.com\/tr\/wp-json\/wp\/v2\/pages\/235\/revisions"}],"predecessor-version":[{"id":1526,"href":"https:\/\/ovadent.com\/tr\/wp-json\/wp\/v2\/pages\/235\/revisions\/1526"}],"up":[{"embeddable":true,"href":"https:\/\/ovadent.com\/tr\/wp-json\/wp\/v2\/pages\/141"}],"wp:featuredmedia":[{"embeddable":true,"href":"https:\/\/ovadent.com\/tr\/wp-json\/wp\/v2\/media\/527"}],"wp:attachment":[{"href":"https:\/\/ovadent.com\/tr\/wp-json\/wp\/v2\/media?parent=235"}],"curies":[{"name":"wp","href":"https:\/\/api.w.org\/{rel}","templated":true}]}}